{"id":663,"date":"2025-05-08T16:01:53","date_gmt":"2025-05-08T14:01:53","guid":{"rendered":"https:\/\/swiss-cashback.ch\/gizlilik-politikasi-verein-swiss-cashback\/"},"modified":"2025-06-10T18:56:41","modified_gmt":"2025-06-10T16:56:41","slug":"gizlilik-politikasi-verein-swiss-cashback","status":"publish","type":"page","link":"https:\/\/swiss-cashback.ch\/tr\/gizlilik-politikasi-verein-swiss-cashback\/","title":{"rendered":"Gizlilik Politikas\u0131 &#8211; Verein-Swiss-Cashback"},"content":{"rendered":"<section  class='av_textblock_section av-makppy49-d15cba5d969ec3dd4575a3675ff6d344 '   itemscope=\"itemscope\" itemtype=\"https:\/\/schema.org\/CreativeWork\" ><div class='avia_textblock'  itemprop=\"text\" ><h2>Gizlilik Politikas\u0131 &#8211; Verein-Swiss-Cashback<\/h2>\n<h3>1. sorumlu organ<\/h3>\n<p>\u0130svi\u00e7re-Cashback Derne\u011fi<br \/>\nFranziskanerplatz 14<br \/>\n6003 Lucerne<br \/>\nE-posta: info@swiss-cashback.ch<\/p>\n<p>Ba\u015fkan taraf\u0131ndan temsil edilmektedir: Hans Peter Rickenbacher<\/p>\n<h3>2. veri i\u015flemenin amac\u0131<\/h3>\n<p>Ki\u015fisel verileri yaln\u0131zca dernek y\u00f6netimi,<br \/>\n\u00fcye y\u00f6netimi, ileti\u015fim ve dernek hedeflerimiz kapsam\u0131nda geri \u00f6deme tekliflerimizin ve<br \/>\netkinliklerimizin ger\u00e7ekle\u015ftirilmesi amac\u0131yla Madde 60 ve devam\u0131 uyar\u0131nca i\u015fliyoruz. ZGB UYARINCA I\u015eLEMEKTEYIZ.<\/p>\n<h3>3. toplanan veriler<\/h3>\n<p>\u00d6zellikle topluyoruz:<br \/>\n&#8211; Ad\u0131 ve soyad\u0131<br \/>\n&#8211; Adres<br \/>\n&#8211; Telefon numaras\u0131 ve e-posta adresi<br \/>\n&#8211; Banka bilgileri (para iadesi \u00f6demeleri i\u00e7in)<br \/>\n&#8211; Etkinliklere veya programlara kat\u0131l\u0131m verileri<\/p>\n<h3>4. \u00fc\u00e7\u00fcnc\u00fc taraflara a\u00e7\u0131klama<\/h3>\n<p>Veriler yaln\u0131zca<br \/>\nderne\u011finin ama\u00e7lar\u0131n\u0131 yerine getirmek i\u00e7in gerekli olmas\u0131 veya yasal bir zorunluluk olmas\u0131 halinde \u00fc\u00e7\u00fcnc\u00fc taraflara aktar\u0131lacakt\u0131r. Hi\u00e7bir ticari veri aktar\u0131lmayacakt\u0131r.<\/p>\n<h3>5. depolama ve silme<\/h3>\n<p>Veriler yaln\u0131zca belirtilen ama\u00e7lar i\u00e7in gerekli oldu\u011fu veya<br \/>\nyasalar gerektirdi\u011fi s\u00fcrece saklanacakt\u0131r. Bundan sonra silinir veya anonimle\u015ftirilir.<\/p>\n<h3>6. haklar\u0131n\u0131z<\/h3>\n<p>Verilerinize eri\u015fim, d\u00fczeltme, silme veya i\u015flemenin k\u0131s\u0131tlanmas\u0131<br \/>\nve itiraz etme hakk\u0131na sahipsiniz. Bunu yapmak i\u00e7in l\u00fctfen ileti\u015fime ge\u00e7in: swisscashback@gmx.ch<\/p>\n<h3>7. de\u011fi\u015fiklikler<\/h3>\n<p>Bu gizlilik politikas\u0131 herhangi bir zamanda de\u011fi\u015ftirilebilir. G\u00fcncel versiyon talep \u00fczerine<br \/>\nadresinde mevcuttur.<\/p>\n<\/div><\/section>\n","protected":false},"excerpt":{"rendered":"","protected":false},"author":1,"featured_media":611,"parent":0,"menu_order":0,"comment_status":"closed","ping_status":"open","template":"","meta":{"footnotes":""},"class_list":["post-663","page","type-page","status-publish","has-post-thumbnail","hentry"],"yoast_head":"<!-- This site is optimized with the Yoast SEO plugin v27.4 - https:\/\/yoast.com\/product\/yoast-seo-wordpress\/ -->\n<title>Gizlilik Politikas\u0131 - Verein-Swiss-Cashback - Swiss-Cashback<\/title>\n<meta name=\"robots\" content=\"noindex, nofollow\" \/>\n<meta property=\"og:locale\" content=\"tr_TR\" \/>\n<meta property=\"og:type\" content=\"article\" \/>\n<meta property=\"og:title\" content=\"Gizlilik Politikas\u0131 - Verein-Swiss-Cashback - Swiss-Cashback\" \/>\n<meta property=\"og:url\" content=\"https:\/\/swiss-cashback.ch\/tr\/gizlilik-politikasi-verein-swiss-cashback\/\" \/>\n<meta property=\"og:site_name\" content=\"Swiss-Cashback\" \/>\n<meta property=\"article:modified_time\" content=\"2025-06-10T16:56:41+00:00\" \/>\n<meta property=\"og:image\" content=\"https:\/\/swiss-cashback.ch\/wp-content\/uploads\/2025\/05\/Swiss-Cashback.jpg\" \/>\n\t<meta property=\"og:image:width\" content=\"1080\" \/>\n\t<meta property=\"og:image:height\" content=\"1080\" \/>\n\t<meta property=\"og:image:type\" content=\"image\/jpeg\" \/>\n<meta name=\"twitter:card\" content=\"summary_large_image\" \/>\n<meta name=\"twitter:label1\" content=\"Tahmini okuma s\u00fcresi\" \/>\n\t<meta name=\"twitter:data1\" content=\"1 dakika\" \/>\n<script type=\"application\/ld+json\" class=\"yoast-schema-graph\">{\"@context\":\"https:\\\/\\\/schema.org\",\"@graph\":[{\"@type\":\"WebPage\",\"@id\":\"https:\\\/\\\/swiss-cashback.ch\\\/tr\\\/gizlilik-politikasi-verein-swiss-cashback\\\/\",\"url\":\"https:\\\/\\\/swiss-cashback.ch\\\/tr\\\/gizlilik-politikasi-verein-swiss-cashback\\\/\",\"name\":\"Gizlilik Politikas\u0131 - Verein-Swiss-Cashback - Swiss-Cashback\",\"isPartOf\":{\"@id\":\"https:\\\/\\\/swiss-cashback.ch\\\/tr\\\/#website\"},\"primaryImageOfPage\":{\"@id\":\"https:\\\/\\\/swiss-cashback.ch\\\/tr\\\/gizlilik-politikasi-verein-swiss-cashback\\\/#primaryimage\"},\"image\":{\"@id\":\"https:\\\/\\\/swiss-cashback.ch\\\/tr\\\/gizlilik-politikasi-verein-swiss-cashback\\\/#primaryimage\"},\"thumbnailUrl\":\"https:\\\/\\\/swiss-cashback.ch\\\/wp-content\\\/uploads\\\/2025\\\/05\\\/Swiss-Cashback.jpg\",\"datePublished\":\"2025-05-08T14:01:53+00:00\",\"dateModified\":\"2025-06-10T16:56:41+00:00\",\"breadcrumb\":{\"@id\":\"https:\\\/\\\/swiss-cashback.ch\\\/tr\\\/gizlilik-politikasi-verein-swiss-cashback\\\/#breadcrumb\"},\"inLanguage\":\"tr\",\"potentialAction\":[{\"@type\":\"ReadAction\",\"target\":[\"https:\\\/\\\/swiss-cashback.ch\\\/tr\\\/gizlilik-politikasi-verein-swiss-cashback\\\/\"]}]},{\"@type\":\"ImageObject\",\"inLanguage\":\"tr\",\"@id\":\"https:\\\/\\\/swiss-cashback.ch\\\/tr\\\/gizlilik-politikasi-verein-swiss-cashback\\\/#primaryimage\",\"url\":\"https:\\\/\\\/swiss-cashback.ch\\\/wp-content\\\/uploads\\\/2025\\\/05\\\/Swiss-Cashback.jpg\",\"contentUrl\":\"https:\\\/\\\/swiss-cashback.ch\\\/wp-content\\\/uploads\\\/2025\\\/05\\\/Swiss-Cashback.jpg\",\"width\":1080,\"height\":1080},{\"@type\":\"BreadcrumbList\",\"@id\":\"https:\\\/\\\/swiss-cashback.ch\\\/tr\\\/gizlilik-politikasi-verein-swiss-cashback\\\/#breadcrumb\",\"itemListElement\":[{\"@type\":\"ListItem\",\"position\":1,\"name\":\"Home\",\"item\":\"https:\\\/\\\/swiss-cashback.ch\\\/tr\\\/swiss-cashback\\\/\"},{\"@type\":\"ListItem\",\"position\":2,\"name\":\"Gizlilik Politikas\u0131 &#8211; Verein-Swiss-Cashback\"}]},{\"@type\":\"WebSite\",\"@id\":\"https:\\\/\\\/swiss-cashback.ch\\\/tr\\\/#website\",\"url\":\"https:\\\/\\\/swiss-cashback.ch\\\/tr\\\/\",\"name\":\"Swiss-Cashback\",\"description\":\"Dein Vorteil. Dein Netzwerk. Dein Einkommen.\",\"publisher\":{\"@id\":\"https:\\\/\\\/swiss-cashback.ch\\\/tr\\\/#organization\"},\"potentialAction\":[{\"@type\":\"SearchAction\",\"target\":{\"@type\":\"EntryPoint\",\"urlTemplate\":\"https:\\\/\\\/swiss-cashback.ch\\\/tr\\\/?s={search_term_string}\"},\"query-input\":{\"@type\":\"PropertyValueSpecification\",\"valueRequired\":true,\"valueName\":\"search_term_string\"}}],\"inLanguage\":\"tr\"},{\"@type\":\"Organization\",\"@id\":\"https:\\\/\\\/swiss-cashback.ch\\\/tr\\\/#organization\",\"name\":\"Swiss-Cashback\",\"url\":\"https:\\\/\\\/swiss-cashback.ch\\\/tr\\\/\",\"logo\":{\"@type\":\"ImageObject\",\"inLanguage\":\"tr\",\"@id\":\"https:\\\/\\\/swiss-cashback.ch\\\/tr\\\/#\\\/schema\\\/logo\\\/image\\\/\",\"url\":\"https:\\\/\\\/swiss-cashback.ch\\\/wp-content\\\/uploads\\\/2025\\\/05\\\/Swiss-Cashback.jpg\",\"contentUrl\":\"https:\\\/\\\/swiss-cashback.ch\\\/wp-content\\\/uploads\\\/2025\\\/05\\\/Swiss-Cashback.jpg\",\"width\":1080,\"height\":1080,\"caption\":\"Swiss-Cashback\"},\"image\":{\"@id\":\"https:\\\/\\\/swiss-cashback.ch\\\/tr\\\/#\\\/schema\\\/logo\\\/image\\\/\"}}]}<\/script>\n<!-- \/ Yoast SEO plugin. -->","yoast_head_json":{"title":"Gizlilik Politikas\u0131 - Verein-Swiss-Cashback - Swiss-Cashback","robots":{"index":"noindex","follow":"nofollow"},"og_locale":"tr_TR","og_type":"article","og_title":"Gizlilik Politikas\u0131 - Verein-Swiss-Cashback - Swiss-Cashback","og_url":"https:\/\/swiss-cashback.ch\/tr\/gizlilik-politikasi-verein-swiss-cashback\/","og_site_name":"Swiss-Cashback","article_modified_time":"2025-06-10T16:56:41+00:00","og_image":[{"width":1080,"height":1080,"url":"https:\/\/swiss-cashback.ch\/wp-content\/uploads\/2025\/05\/Swiss-Cashback.jpg","type":"image\/jpeg"}],"twitter_card":"summary_large_image","twitter_misc":{"Tahmini okuma s\u00fcresi":"1 dakika"},"schema":{"@context":"https:\/\/schema.org","@graph":[{"@type":"WebPage","@id":"https:\/\/swiss-cashback.ch\/tr\/gizlilik-politikasi-verein-swiss-cashback\/","url":"https:\/\/swiss-cashback.ch\/tr\/gizlilik-politikasi-verein-swiss-cashback\/","name":"Gizlilik Politikas\u0131 - Verein-Swiss-Cashback - Swiss-Cashback","isPartOf":{"@id":"https:\/\/swiss-cashback.ch\/tr\/#website"},"primaryImageOfPage":{"@id":"https:\/\/swiss-cashback.ch\/tr\/gizlilik-politikasi-verein-swiss-cashback\/#primaryimage"},"image":{"@id":"https:\/\/swiss-cashback.ch\/tr\/gizlilik-politikasi-verein-swiss-cashback\/#primaryimage"},"thumbnailUrl":"https:\/\/swiss-cashback.ch\/wp-content\/uploads\/2025\/05\/Swiss-Cashback.jpg","datePublished":"2025-05-08T14:01:53+00:00","dateModified":"2025-06-10T16:56:41+00:00","breadcrumb":{"@id":"https:\/\/swiss-cashback.ch\/tr\/gizlilik-politikasi-verein-swiss-cashback\/#breadcrumb"},"inLanguage":"tr","potentialAction":[{"@type":"ReadAction","target":["https:\/\/swiss-cashback.ch\/tr\/gizlilik-politikasi-verein-swiss-cashback\/"]}]},{"@type":"ImageObject","inLanguage":"tr","@id":"https:\/\/swiss-cashback.ch\/tr\/gizlilik-politikasi-verein-swiss-cashback\/#primaryimage","url":"https:\/\/swiss-cashback.ch\/wp-content\/uploads\/2025\/05\/Swiss-Cashback.jpg","contentUrl":"https:\/\/swiss-cashback.ch\/wp-content\/uploads\/2025\/05\/Swiss-Cashback.jpg","width":1080,"height":1080},{"@type":"BreadcrumbList","@id":"https:\/\/swiss-cashback.ch\/tr\/gizlilik-politikasi-verein-swiss-cashback\/#breadcrumb","itemListElement":[{"@type":"ListItem","position":1,"name":"Home","item":"https:\/\/swiss-cashback.ch\/tr\/swiss-cashback\/"},{"@type":"ListItem","position":2,"name":"Gizlilik Politikas\u0131 &#8211; Verein-Swiss-Cashback"}]},{"@type":"WebSite","@id":"https:\/\/swiss-cashback.ch\/tr\/#website","url":"https:\/\/swiss-cashback.ch\/tr\/","name":"Swiss-Cashback","description":"Dein Vorteil. Dein Netzwerk. Dein Einkommen.","publisher":{"@id":"https:\/\/swiss-cashback.ch\/tr\/#organization"},"potentialAction":[{"@type":"SearchAction","target":{"@type":"EntryPoint","urlTemplate":"https:\/\/swiss-cashback.ch\/tr\/?s={search_term_string}"},"query-input":{"@type":"PropertyValueSpecification","valueRequired":true,"valueName":"search_term_string"}}],"inLanguage":"tr"},{"@type":"Organization","@id":"https:\/\/swiss-cashback.ch\/tr\/#organization","name":"Swiss-Cashback","url":"https:\/\/swiss-cashback.ch\/tr\/","logo":{"@type":"ImageObject","inLanguage":"tr","@id":"https:\/\/swiss-cashback.ch\/tr\/#\/schema\/logo\/image\/","url":"https:\/\/swiss-cashback.ch\/wp-content\/uploads\/2025\/05\/Swiss-Cashback.jpg","contentUrl":"https:\/\/swiss-cashback.ch\/wp-content\/uploads\/2025\/05\/Swiss-Cashback.jpg","width":1080,"height":1080,"caption":"Swiss-Cashback"},"image":{"@id":"https:\/\/swiss-cashback.ch\/tr\/#\/schema\/logo\/image\/"}}]}},"_links":{"self":[{"href":"https:\/\/swiss-cashback.ch\/tr\/wp-json\/wp\/v2\/pages\/663","targetHints":{"allow":["GET"]}}],"collection":[{"href":"https:\/\/swiss-cashback.ch\/tr\/wp-json\/wp\/v2\/pages"}],"about":[{"href":"https:\/\/swiss-cashback.ch\/tr\/wp-json\/wp\/v2\/types\/page"}],"author":[{"embeddable":true,"href":"https:\/\/swiss-cashback.ch\/tr\/wp-json\/wp\/v2\/users\/1"}],"replies":[{"embeddable":true,"href":"https:\/\/swiss-cashback.ch\/tr\/wp-json\/wp\/v2\/comments?post=663"}],"version-history":[{"count":4,"href":"https:\/\/swiss-cashback.ch\/tr\/wp-json\/wp\/v2\/pages\/663\/revisions"}],"predecessor-version":[{"id":713,"href":"https:\/\/swiss-cashback.ch\/tr\/wp-json\/wp\/v2\/pages\/663\/revisions\/713"}],"wp:featuredmedia":[{"embeddable":true,"href":"https:\/\/swiss-cashback.ch\/tr\/wp-json\/wp\/v2\/media\/611"}],"wp:attachment":[{"href":"https:\/\/swiss-cashback.ch\/tr\/wp-json\/wp\/v2\/media?parent=663"}],"curies":[{"name":"wp","href":"https:\/\/api.w.org\/{rel}","templated":true}]}}