{"id":1868,"date":"2025-05-27T21:03:04","date_gmt":"2025-05-27T19:03:04","guid":{"rendered":"https:\/\/swiss-cashback.ch\/istirakci-olun\/"},"modified":"2025-06-19T22:05:53","modified_gmt":"2025-06-19T20:05:53","slug":"istirakci-olun","status":"publish","type":"page","link":"https:\/\/swiss-cashback.ch\/tr\/istirakci-olun\/","title":{"rendered":"Tavsiyenin g\u00fcc\u00fc &#8211; Swiss-Cashback sizi \u00e7a\u011f\u0131r\u0131yor!"},"content":{"rendered":"<p data-start=\"766\" data-end=\"827\"><strong data-start=\"766\" data-end=\"827\">Swiss-Cashback tavsiye program\u0131 ile para kazan\u0131n<\/strong><\/p>\n<p data-start=\"829\" data-end=\"963\">Kolay, yasal ve sistematik bir \u015fekilde <strong data-start=\"841\" data-end=\"866\">pasif olarak para kazanmak<\/strong> ister misiniz?<br data-start=\"899\" data-end=\"902\" \/>O zaman <strong data-start=\"922\" data-end=\"960\">Swiss-Cashback tavsiye program\u0131<\/strong> ile ba\u015flay\u0131n.<\/p>\n<p data-start=\"965\" data-end=\"1104\">Taahh\u00fcd\u00fcn\u00fcze ba\u011fl\u0131 olarak <strong data-start=\"1001\" data-end=\"1012\">10&#8217;00 CHF<\/strong>, <strong data-start=\"1014\" data-end=\"1027\">10&#8217;000 CHF<\/strong> veya hatta <strong data-start=\"1039\" data-end=\"1059\">100&#8217;000 CHF&#8217;nin \u00fczerinde<\/strong> kazanabilirsiniz.<br data-start=\"1060\" data-end=\"1063\" \/>\u27a1\ufe0f <strong data-start=\"1066\" data-end=\"1104\">S\u0131n\u0131r yok &#8211; sadece f\u0131rsatlar<\/strong>.<\/p>\n<hr data-start=\"1106\" data-end=\"1109\" \/>\n<p data-start=\"1111\" data-end=\"1156\"><strong data-start=\"1111\" data-end=\"1156\">Swiss Cashback sizin i\u00e7in nas\u0131l \u00e7al\u0131\u015f\u0131yor?<\/strong><\/p>\n<p data-start=\"1158\" data-end=\"1309\">\u2714\ufe0f Swiss-Cashback&#8217;i ba\u015fkalar\u0131na tavsiye edersiniz<br data-start=\"1196\" data-end=\"1199\" \/>\u2714\ufe0f Her kay\u0131t veya sat\u0131\u015f i\u00e7in komisyon al\u0131rs\u0131n\u0131z<br data-start=\"1266\" data-end=\"1269\" \/>\u2714\ufe0f Ne kadar aktif olaca\u011f\u0131n\u0131za siz karar verirsiniz<\/p>\n<hr data-start=\"1311\" data-end=\"1314\" \/>\n<p data-start=\"1316\" data-end=\"1335\"><strong data-start=\"1316\" data-end=\"1335\">\u0130\u015fte b\u00f6yle ba\u015fl\u0131yorsun:<\/strong><\/p>\n<p>1. \u015fimdi \u00fccretsiz kaydolun<br \/>\n2. ki\u015fisel y\u00f6nlendirme ba\u011flant\u0131n\u0131z\u0131 al\u0131n<br \/>\n3. Ba\u011flant\u0131y\u0131 payla\u015f\u0131n &#8211; WhatsApp, sosyal medya veya \u015fahsen<br \/>\n4. Her yeni m\u00fc\u015fteri i\u00e7in hesab\u0131n\u0131za para yat\u0131r\u0131rs\u0131n\u0131z<\/p>\n<hr data-start=\"1539\" data-end=\"1542\" \/>\n<p data-start=\"1544\" data-end=\"1630\"><span data-start=\"1547\" data-end=\"1556\">Not<\/span><strong data-start=\"1547\" data-end=\"1556\">:<\/strong> Komisyonlar yaln\u0131zca <strong>onaylanm\u0131\u015f Swiss Cashback ortaklar\u0131na<\/strong> \u00f6denir.<\/p>\n<p data-start=\"1632\" data-end=\"1712\"><strong data-start=\"1632\" data-end=\"1679\">\u015eimdi kaydolun &#8211; ve f\u0131rsat\u0131 yakalay\u0131n:<\/strong><\/p>\n\r\n<div class=\"uap-register-form  uap-register-9\">\r\r\n\r\r\n\t\r\n\r\r\n\t<form action=\"\" method=\"post\" name=\"uap_createuser\" id=\"uap_createuser\" class=\"uap-form-create-edit\" enctype=\"multipart\/form-data\"  >\r\r\n\r\r\n\t\t\r\n\r\r\n\t\t\r\n\t\t\t\r\n\t\t\t\t\r\n\t\t\t\t\t<div class=\"uap-form-line-register uap-form-text\" id=\"uap_reg_text_9288\"><input type=\"text\" name=\"user_login\" id=\"uap_user_login_field\" class=\"uap-form-element uap-form-element-text \" value=\"\" placeholder=\"Username*\"   \/><\/div>\r\n\t\t\t\r\n\t\t\t\t\r\n\t\t\t\t\t<div class=\"uap-form-line-register uap-form-text\" id=\"uap_reg_text_4244\"><input type=\"text\" name=\"first_name\" id=\"uap_first_name_field\" class=\"uap-form-element uap-form-element-text \" value=\"\" placeholder=\"First Name*\"   \/><\/div>\r\n\t\t\t\r\n\t\t\t\t\r\n\t\t\t\t\t<div class=\"uap-form-line-register uap-form-text\" id=\"uap_reg_text_8468\"><input type=\"text\" name=\"last_name\" id=\"uap_last_name_field\" class=\"uap-form-element uap-form-element-text \" value=\"\" placeholder=\"Last Name*\"   \/><\/div>\r\n\t\t\t\r\n\t\t\t\t\r\n\t\t\t\t\t<div class=\"uap-form-line-register uap-form-text\" id=\"uap_reg_text_1097\"><input type=\"text\" name=\"user_email\" id=\"uap_user_email_field\" class=\"uap-form-element uap-form-element-text \" value=\"\" placeholder=\"Email*\"   \/><\/div>\r\n\t\t\t\r\n\t\t\t\t\r\n\t\t\t\t\r\n\t\t\t\t\r\n\t\t\t\t\t<div class=\"uap-form-line-register uap-form-password\" id=\"uap_reg_password_5281\"><input type=\"password\" name=\"pass1\" id=\"uap_pass1_field\" class=\"uap-form-element uap-form-element-password \" value=\"\" placeholder=\"Password*\"  data-rules=\"6,1\"  autocomplete=\"new-password\" \/><div class=\"uap-strength-wrapper\"><ul class=\"uap-strength\"><li class=\"point\"><\/li><li class=\"point\"><\/li><li class=\"point\"><\/li><li class=\"point\"><\/li><li class=\"point\"><\/li><\/ul><div class=\"uap-strength-label\"><\/div><\/div><\/div>\r\n\t\t\t\r\n\t\t\t\t\r\n\t\t\t\t\t<div class=\"uap-form-line-register uap-form-password\" id=\"uap_reg_password_2197\"><input type=\"password\" name=\"pass2\" id=\"uap_pass2_field\" class=\"uap-form-element uap-form-element-password \" value=\"\" placeholder=\"Password Confirmation*\"  data-rules=\"6,1\"  autocomplete=\"new-password\" \/><div class=\"uap-strength-wrapper\"><ul class=\"uap-strength\"><li class=\"point\"><\/li><li class=\"point\"><\/li><li class=\"point\"><\/li><li class=\"point\"><\/li><li class=\"point\"><\/li><\/ul><div class=\"uap-strength-label\"><\/div><\/div><\/div>\r\n\t\t\t\r\n\t\t\t\t\r\n\t\t\t\t\r\n\t\t\t\t\r\n\t\t\t\t\r\n\t\t\t\t\r\n\t\t\t\t\r\n\t\t\t\t\r\n\t\t\t\t\r\n\t\t\t\t\r\n\t\t\t\t\r\n\t\t\t\t\t<div class=\"uap-form-line-register uap-form-textarea\" id=\"uap_reg_textarea_2686\"><label class=\"uap-labels-register\"> Direkte Einzahlung (Auszahlungsdetails)<\/label><textarea name=\"uap_affiliate_bank_transfer_data\" id=\"uap_uap_affiliate_bank_transfer_data_field\" class=\"uap-form-element uap-form-element-textarea uap-form-textarea \"   ><\/textarea><label class=\"uap-form-sublabel\"> Deine Bankverbindung f\u00fcr \u00dcberweisungen.<\/label><\/div>\r\n\t\t\t\r\n\t\t\t\t\r\n\t\t\t\t\t<div class=\"uap-form-line-register uap-form-textarea\" id=\"uap_reg_textarea_8141\"><label class=\"uap-labels-register\">Wie promotest du uns?<\/label><textarea name=\"how_promote\" id=\"uap_how_promote_field\" class=\"uap-form-element uap-form-element-textarea uap-form-textarea \"   ><\/textarea><label class=\"uap-form-sublabel\">Wie gedenkst du Swiss-Cashback zu bewerben? Mach ein paar Beispiele.<\/label><\/div>\r\n\t\t\t\r\n\t\t\t\t\r\n\t\t\t\t\t<div class=\"uap-tos-wrap\" id=\"uap_tos_field_parent_373\"><input type=\"checkbox\" value=\"1\" name=\"tos\" class=\"\" \/><a href=\"https:\/\/swiss-cashback.ch\/affiliate-tos-page\/\" target=\"_blank\">Accept our Terms&Conditions<\/a><\/div>\r\n\t\t\t\r\n\t\t\t\t\r\n\t\t\t\t\r\n\t\t\t\t\r\n\t\t\t\t\r\n\t\t\r\n\t\t\r\n\t\t\r\n\t\t\r\n\t\t\t\r\n\t\t\t\t<input type='hidden' name='uap_user_add_edit_nonce' value='877b0d5d6b' \/>\r\n\t\t\t\r\n\t\t\t\t<input type=\"hidden\" name=\"uapaction\" id=\"uap_uapaction_field\" class=\"uap-form-element uap-form-element-hidden \" value=\"register\"  \/>\r\n\t\t\t\r\n\t\t\r\n\r\r\n\t\t\r\n\r\r\n\t\t\r\n\r\r\n\t\t<div class=\"uap-submit-form\">\r\r\n\t\t\t<input type=\"submit\" value=\"Register\" name=\"Submit\" id=\"uap_submit_bttn\" class=\"uap-form-element uap-form-element-submit \"   \/>\r\n\t\t<\/div>\r\r\n\r\r\n        \r\n\r\r\n\t\t\r\n\r\r\n\t\t\r\n\r\r\n\t<\/form>\r\r\n<\/div>\r\r\n\r\r\n\r\n\t\r\n\r\n\n","protected":false},"excerpt":{"rendered":"<p>Swiss-Cashback tavsiye program\u0131 ile para kazan\u0131n Kolay, yasal ve sistematik bir \u015fekilde pasif olarak para kazanmak ister misiniz?O zaman Swiss-Cashback tavsiye program\u0131 ile ba\u015flay\u0131n. Taahh\u00fcd\u00fcn\u00fcze ba\u011fl\u0131 olarak 10&#8217;00 CHF, 10&#8217;000 CHF veya hatta 100&#8217;000 CHF&#8217;nin \u00fczerinde kazanabilirsiniz.\u27a1\ufe0f S\u0131n\u0131r yok &#8211; sadece f\u0131rsatlar. Swiss Cashback sizin i\u00e7in nas\u0131l \u00e7al\u0131\u015f\u0131yor? \u2714\ufe0f Swiss-Cashback&#8217;i ba\u015fkalar\u0131na tavsiye edersiniz\u2714\ufe0f Her kay\u0131t [&hellip;]<\/p>\n","protected":false},"author":2,"featured_media":0,"parent":0,"menu_order":0,"comment_status":"closed","ping_status":"closed","template":"","meta":{"footnotes":""},"class_list":["post-1868","page","type-page","status-publish","hentry"],"yoast_head":"<!-- This site is optimized with the Yoast SEO plugin v27.4 - https:\/\/yoast.com\/product\/yoast-seo-wordpress\/ -->\n<title>Tavsiyenin g\u00fcc\u00fc - Swiss-Cashback sizi \u00e7a\u011f\u0131r\u0131yor! - Swiss-Cashback<\/title>\n<meta name=\"robots\" content=\"index, follow, max-snippet:-1, max-image-preview:large, max-video-preview:-1\" \/>\n<link rel=\"canonical\" href=\"https:\/\/swiss-cashback.ch\/tr\/istirakci-olun\/\" \/>\n<meta property=\"og:locale\" content=\"tr_TR\" \/>\n<meta property=\"og:type\" content=\"article\" \/>\n<meta property=\"og:title\" content=\"Tavsiyenin g\u00fcc\u00fc - Swiss-Cashback sizi \u00e7a\u011f\u0131r\u0131yor! - Swiss-Cashback\" \/>\n<meta property=\"og:description\" content=\"Swiss-Cashback tavsiye program\u0131 ile para kazan\u0131n Kolay, yasal ve sistematik bir \u015fekilde pasif olarak para kazanmak ister misiniz?O zaman Swiss-Cashback tavsiye program\u0131 ile ba\u015flay\u0131n. Taahh\u00fcd\u00fcn\u00fcze ba\u011fl\u0131 olarak 10&#8217;00 CHF, 10&#8217;000 CHF veya hatta 100&#8217;000 CHF&#8217;nin \u00fczerinde kazanabilirsiniz.\u27a1\ufe0f S\u0131n\u0131r yok &#8211; sadece f\u0131rsatlar. Swiss Cashback sizin i\u00e7in nas\u0131l \u00e7al\u0131\u015f\u0131yor? \u2714\ufe0f Swiss-Cashback&#8217;i ba\u015fkalar\u0131na tavsiye edersiniz\u2714\ufe0f Her kay\u0131t [&hellip;]\" \/>\n<meta property=\"og:url\" content=\"https:\/\/swiss-cashback.ch\/tr\/istirakci-olun\/\" \/>\n<meta property=\"og:site_name\" content=\"Swiss-Cashback\" \/>\n<meta property=\"article:modified_time\" content=\"2025-06-19T20:05:53+00:00\" \/>\n<meta name=\"twitter:card\" content=\"summary_large_image\" \/>\n<meta name=\"twitter:label1\" content=\"Tahmini okuma s\u00fcresi\" \/>\n\t<meta name=\"twitter:data1\" content=\"1 dakika\" \/>\n<script type=\"application\/ld+json\" class=\"yoast-schema-graph\">{\"@context\":\"https:\\\/\\\/schema.org\",\"@graph\":[{\"@type\":\"WebPage\",\"@id\":\"https:\\\/\\\/swiss-cashback.ch\\\/tr\\\/istirakci-olun\\\/\",\"url\":\"https:\\\/\\\/swiss-cashback.ch\\\/tr\\\/istirakci-olun\\\/\",\"name\":\"Tavsiyenin g\u00fcc\u00fc - Swiss-Cashback sizi \u00e7a\u011f\u0131r\u0131yor! - Swiss-Cashback\",\"isPartOf\":{\"@id\":\"https:\\\/\\\/swiss-cashback.ch\\\/tr\\\/#website\"},\"datePublished\":\"2025-05-27T19:03:04+00:00\",\"dateModified\":\"2025-06-19T20:05:53+00:00\",\"breadcrumb\":{\"@id\":\"https:\\\/\\\/swiss-cashback.ch\\\/tr\\\/istirakci-olun\\\/#breadcrumb\"},\"inLanguage\":\"tr\",\"potentialAction\":[{\"@type\":\"ReadAction\",\"target\":[\"https:\\\/\\\/swiss-cashback.ch\\\/tr\\\/istirakci-olun\\\/\"]}]},{\"@type\":\"BreadcrumbList\",\"@id\":\"https:\\\/\\\/swiss-cashback.ch\\\/tr\\\/istirakci-olun\\\/#breadcrumb\",\"itemListElement\":[{\"@type\":\"ListItem\",\"position\":1,\"name\":\"Home\",\"item\":\"https:\\\/\\\/swiss-cashback.ch\\\/tr\\\/swiss-cashback\\\/\"},{\"@type\":\"ListItem\",\"position\":2,\"name\":\"Tavsiyenin g\u00fcc\u00fc &#8211; Swiss-Cashback sizi \u00e7a\u011f\u0131r\u0131yor!\"}]},{\"@type\":\"WebSite\",\"@id\":\"https:\\\/\\\/swiss-cashback.ch\\\/tr\\\/#website\",\"url\":\"https:\\\/\\\/swiss-cashback.ch\\\/tr\\\/\",\"name\":\"Swiss-Cashback\",\"description\":\"Dein Vorteil. Dein Netzwerk. Dein Einkommen.\",\"publisher\":{\"@id\":\"https:\\\/\\\/swiss-cashback.ch\\\/tr\\\/#organization\"},\"potentialAction\":[{\"@type\":\"SearchAction\",\"target\":{\"@type\":\"EntryPoint\",\"urlTemplate\":\"https:\\\/\\\/swiss-cashback.ch\\\/tr\\\/?s={search_term_string}\"},\"query-input\":{\"@type\":\"PropertyValueSpecification\",\"valueRequired\":true,\"valueName\":\"search_term_string\"}}],\"inLanguage\":\"tr\"},{\"@type\":\"Organization\",\"@id\":\"https:\\\/\\\/swiss-cashback.ch\\\/tr\\\/#organization\",\"name\":\"Swiss-Cashback\",\"url\":\"https:\\\/\\\/swiss-cashback.ch\\\/tr\\\/\",\"logo\":{\"@type\":\"ImageObject\",\"inLanguage\":\"tr\",\"@id\":\"https:\\\/\\\/swiss-cashback.ch\\\/tr\\\/#\\\/schema\\\/logo\\\/image\\\/\",\"url\":\"https:\\\/\\\/swiss-cashback.ch\\\/wp-content\\\/uploads\\\/2025\\\/05\\\/Swiss-Cashback.jpg\",\"contentUrl\":\"https:\\\/\\\/swiss-cashback.ch\\\/wp-content\\\/uploads\\\/2025\\\/05\\\/Swiss-Cashback.jpg\",\"width\":1080,\"height\":1080,\"caption\":\"Swiss-Cashback\"},\"image\":{\"@id\":\"https:\\\/\\\/swiss-cashback.ch\\\/tr\\\/#\\\/schema\\\/logo\\\/image\\\/\"}}]}<\/script>\n<!-- \/ Yoast SEO plugin. -->","yoast_head_json":{"title":"Tavsiyenin g\u00fcc\u00fc - Swiss-Cashback sizi \u00e7a\u011f\u0131r\u0131yor! - Swiss-Cashback","robots":{"index":"index","follow":"follow","max-snippet":"max-snippet:-1","max-image-preview":"max-image-preview:large","max-video-preview":"max-video-preview:-1"},"canonical":"https:\/\/swiss-cashback.ch\/tr\/istirakci-olun\/","og_locale":"tr_TR","og_type":"article","og_title":"Tavsiyenin g\u00fcc\u00fc - Swiss-Cashback sizi \u00e7a\u011f\u0131r\u0131yor! - Swiss-Cashback","og_description":"Swiss-Cashback tavsiye program\u0131 ile para kazan\u0131n Kolay, yasal ve sistematik bir \u015fekilde pasif olarak para kazanmak ister misiniz?O zaman Swiss-Cashback tavsiye program\u0131 ile ba\u015flay\u0131n. Taahh\u00fcd\u00fcn\u00fcze ba\u011fl\u0131 olarak 10&#8217;00 CHF, 10&#8217;000 CHF veya hatta 100&#8217;000 CHF&#8217;nin \u00fczerinde kazanabilirsiniz.\u27a1\ufe0f S\u0131n\u0131r yok &#8211; sadece f\u0131rsatlar. Swiss Cashback sizin i\u00e7in nas\u0131l \u00e7al\u0131\u015f\u0131yor? \u2714\ufe0f Swiss-Cashback&#8217;i ba\u015fkalar\u0131na tavsiye edersiniz\u2714\ufe0f Her kay\u0131t [&hellip;]","og_url":"https:\/\/swiss-cashback.ch\/tr\/istirakci-olun\/","og_site_name":"Swiss-Cashback","article_modified_time":"2025-06-19T20:05:53+00:00","twitter_card":"summary_large_image","twitter_misc":{"Tahmini okuma s\u00fcresi":"1 dakika"},"schema":{"@context":"https:\/\/schema.org","@graph":[{"@type":"WebPage","@id":"https:\/\/swiss-cashback.ch\/tr\/istirakci-olun\/","url":"https:\/\/swiss-cashback.ch\/tr\/istirakci-olun\/","name":"Tavsiyenin g\u00fcc\u00fc - Swiss-Cashback sizi \u00e7a\u011f\u0131r\u0131yor! - Swiss-Cashback","isPartOf":{"@id":"https:\/\/swiss-cashback.ch\/tr\/#website"},"datePublished":"2025-05-27T19:03:04+00:00","dateModified":"2025-06-19T20:05:53+00:00","breadcrumb":{"@id":"https:\/\/swiss-cashback.ch\/tr\/istirakci-olun\/#breadcrumb"},"inLanguage":"tr","potentialAction":[{"@type":"ReadAction","target":["https:\/\/swiss-cashback.ch\/tr\/istirakci-olun\/"]}]},{"@type":"BreadcrumbList","@id":"https:\/\/swiss-cashback.ch\/tr\/istirakci-olun\/#breadcrumb","itemListElement":[{"@type":"ListItem","position":1,"name":"Home","item":"https:\/\/swiss-cashback.ch\/tr\/swiss-cashback\/"},{"@type":"ListItem","position":2,"name":"Tavsiyenin g\u00fcc\u00fc &#8211; Swiss-Cashback sizi \u00e7a\u011f\u0131r\u0131yor!"}]},{"@type":"WebSite","@id":"https:\/\/swiss-cashback.ch\/tr\/#website","url":"https:\/\/swiss-cashback.ch\/tr\/","name":"Swiss-Cashback","description":"Dein Vorteil. Dein Netzwerk. Dein Einkommen.","publisher":{"@id":"https:\/\/swiss-cashback.ch\/tr\/#organization"},"potentialAction":[{"@type":"SearchAction","target":{"@type":"EntryPoint","urlTemplate":"https:\/\/swiss-cashback.ch\/tr\/?s={search_term_string}"},"query-input":{"@type":"PropertyValueSpecification","valueRequired":true,"valueName":"search_term_string"}}],"inLanguage":"tr"},{"@type":"Organization","@id":"https:\/\/swiss-cashback.ch\/tr\/#organization","name":"Swiss-Cashback","url":"https:\/\/swiss-cashback.ch\/tr\/","logo":{"@type":"ImageObject","inLanguage":"tr","@id":"https:\/\/swiss-cashback.ch\/tr\/#\/schema\/logo\/image\/","url":"https:\/\/swiss-cashback.ch\/wp-content\/uploads\/2025\/05\/Swiss-Cashback.jpg","contentUrl":"https:\/\/swiss-cashback.ch\/wp-content\/uploads\/2025\/05\/Swiss-Cashback.jpg","width":1080,"height":1080,"caption":"Swiss-Cashback"},"image":{"@id":"https:\/\/swiss-cashback.ch\/tr\/#\/schema\/logo\/image\/"}}]}},"_links":{"self":[{"href":"https:\/\/swiss-cashback.ch\/tr\/wp-json\/wp\/v2\/pages\/1868","targetHints":{"allow":["GET"]}}],"collection":[{"href":"https:\/\/swiss-cashback.ch\/tr\/wp-json\/wp\/v2\/pages"}],"about":[{"href":"https:\/\/swiss-cashback.ch\/tr\/wp-json\/wp\/v2\/types\/page"}],"author":[{"embeddable":true,"href":"https:\/\/swiss-cashback.ch\/tr\/wp-json\/wp\/v2\/users\/2"}],"replies":[{"embeddable":true,"href":"https:\/\/swiss-cashback.ch\/tr\/wp-json\/wp\/v2\/comments?post=1868"}],"version-history":[{"count":10,"href":"https:\/\/swiss-cashback.ch\/tr\/wp-json\/wp\/v2\/pages\/1868\/revisions"}],"predecessor-version":[{"id":3595,"href":"https:\/\/swiss-cashback.ch\/tr\/wp-json\/wp\/v2\/pages\/1868\/revisions\/3595"}],"wp:attachment":[{"href":"https:\/\/swiss-cashback.ch\/tr\/wp-json\/wp\/v2\/media?parent=1868"}],"curies":[{"name":"wp","href":"https:\/\/api.w.org\/{rel}","templated":true}]}}