{"id":1852,"date":"2025-05-27T21:03:04","date_gmt":"2025-05-27T19:03:04","guid":{"rendered":"https:\/\/swiss-cashback.ch\/ortaklik-girisi\/"},"modified":"2025-06-25T15:03:44","modified_gmt":"2025-06-25T13:03:44","slug":"ortaklik-girisi","status":"publish","type":"page","link":"https:\/\/swiss-cashback.ch\/tr\/ortaklik-girisi\/","title":{"rendered":"Ortakl\u0131k Giri\u015fi"},"content":{"rendered":"<div  class='flex_column av-av_one_half-2d22dc0500e159f2b39fe7a147caf14c av_one_half  avia-builder-el-0  avia-builder-el-no-sibling  first flex_column_div  '     ><section  class='av_textblock_section av-mc4rxscr-754da370f431c3717828ba8a48e9c818 '   itemscope=\"itemscope\" itemtype=\"https:\/\/schema.org\/CreativeWork\" ><div class='avia_textblock'  itemprop=\"text\" ><p data-start=\"766\" data-end=\"827\"><strong>Swiss-Cashback tavsiye program\u0131 ile para kazan\u0131n<\/strong><\/p>\n<p data-start=\"829\" data-end=\"963\"><strong data-start=\"841\" data-end=\"866\">Pasif olarak para kazanmak<\/strong> istiyorsunuz &#8211; o zaman <strong>aktif olun!<\/strong><br \/>\nKi\u015fisel taahh\u00fcd\u00fcn\u00fcze ba\u011fl\u0131 olarak<strong data-start=\"1001\" data-end=\"1012\">kazan\u0131n <\/strong><strong data-start=\"1001\" data-end=\"1012\"> &#8211; CHF 100<\/strong>, <strong data-start=\"1014\" data-end=\"1027\">CHF 1,000<\/strong><span data-start=\"1014\" data-end=\"1027\">, <\/span><strong data-start=\"1039\" data-end=\"1059\">CHF 100,000<\/strong>.-<br \/>\n<br data-start=\"1060\" data-end=\"1063\" \/>\u27a1\ufe0f <strong data-start=\"1066\" data-end=\"1104\">S\u0131n\u0131r yok &#8211; sadece olas\u0131l\u0131klar, S\u0130Z karar<\/strong> verin.<\/p>\n<hr data-start=\"1106\" data-end=\"1109\" \/>\n<p data-start=\"1111\" data-end=\"1156\"><strong data-start=\"1111\" data-end=\"1156\">Swiss Cashback tavsiye program\u0131 sizin i\u00e7in nas\u0131l i\u015fliyor?<\/strong><\/p>\n<p data-start=\"1158\" data-end=\"1309\">\u2714\ufe0f SWC&#8217;yi ba\u015fkalar\u0131na tavsiye ediyorsunuz.<br \/>\n\u2714\ufe0f Yeni bir SWC \u00fcyesini y\u00f6nlendirdi\u011finiz i\u00e7in bir komisyon alacaks\u0131n\u0131z.<br \/>\n\u2714\ufe0f SWC kat\u0131l\u0131m program\u0131na kat\u0131l\u0131yorsunuz.<br \/>\n\u2714\ufe0f 50&#8217;den fazla SWC ortakl\u0131k orta\u011f\u0131ndan birini se\u00e7in ve do\u011frudan kazan\u0131n.<br data-start=\"1266\" data-end=\"1269\" \/>\u2714\ufe0f Ne kadar aktif olmak istedi\u011finize siz karar verin.<\/p>\n<hr data-start=\"1311\" data-end=\"1314\" \/>\n<p data-start=\"1316\" data-end=\"1335\"><strong data-start=\"1316\" data-end=\"1335\">\u0130\u015fte b\u00f6yle ba\u015fl\u0131yorsun:<\/strong><\/p>\n<p>1. \u015fimdi \u00fccretsiz kaydolun<\/p>\n<div class='avia-iframe-wrap'>\n<blockquote class=\"wp-embedded-content\" data-secret=\"qZK65zdbbz\">\n<p><a href=\"https:\/\/swiss-cashback.ch\/tr\/ortaklik-girisi\/\">Affiliate Login<\/a><\/p>\n<\/blockquote>\n<p><iframe loading=\"lazy\" class=\"wp-embedded-content\" sandbox=\"allow-scripts\" security=\"restricted\" style=\"position: absolute; visibility: hidden;\" title=\"&#8220;Affiliate Login&#8221; &#8212; Swiss-Cashback\" src=\"https:\/\/swiss-cashback.ch\/tr\/ortaklik-girisi\/embed\/#?secret=pTFl4S527G#?secret=qZK65zdbbz\" data-secret=\"qZK65zdbbz\" width=\"600\" height=\"338\" frameborder=\"0\" marginwidth=\"0\" marginheight=\"0\" scrolling=\"no\"><\/iframe><\/div>\n<p>2. Ki\u015fisel y\u00f6nlendirme ba\u011flant\u0131n\u0131z\u0131 al\u0131n<br \/>\n3. Ba\u011flant\u0131y\u0131 payla\u015f\u0131n &#8211; WhatsApp, sosyal medya veya \u015fahsen<\/p>\n<p data-start=\"1544\" data-end=\"1630\">Not<strong>:<\/strong> Komisyonlar yaln\u0131zca onaylanm\u0131\u015f Swiss Cashback ortaklar\u0131na \u00f6denir.<\/p>\n<p data-start=\"1632\" data-end=\"1712\"><strong data-start=\"1632\" data-end=\"1679\">\u015eimdi kaydolun &#8211; ve f\u0131rsat\u0131 yakalay\u0131n:<\/strong><\/p>\n<div class=\"uap-login-form-wrap uap-login-template-9\"><form method=\"post\" id=\"uap_login_form\"><input type=\"hidden\" name=\"uapaction\" value=\"login\" \/><div class=\"uap-form-line-fr\"><i class=\"fa-uap fa-username-uap\"><\/i><input type=\"text\" id=\"uap_login_username\" value=\"\" name=\"log\" placeholder=\"Username\" \/><\/div><div class=\"uap-form-line-fr\"><i class=\"fa-uap fa-pass-uap\"><\/i><input type=\"password\" id=\"uap_login_password\" value=\"\" placeholder=\"Password\" name=\"pwd\" \/><span class=\"uap-hide-pw hide-if-no-js\" data-toggle=\"0\" aria-label=\"Show password\"><span class=\"dashicons dashicons-visibility\" aria-hidden=\"true\"><\/span><\/div><div class=\"uap-remember-wrapper\"><input type=\"checkbox\" value=\"forever\" name=\"rememberme\" class=\"uap-form-input-remember\" \/><span class=\"uap-form-label-fr uap-form-label-remember\">Beni hat\u0131rla<\/span> <\/div><div  class=\"uap-form-links\"><div class=\"uap-form-links-pass\"><a href=\"https:\/\/swiss-cashback.ch\/affiliate-reset-password\/\">Lost your password?<\/a><\/div><\/div><div class=\"uap-clear\"><\/div><div class=\"uap-form-line-fr uap-form-submit\"><input type=\"submit\" value=\"Log In\" name=\"Submit\"  \/><\/div><div  class=\"uap-form-links\"><div class=\"uap-form-links-reg\">Don&#039;t have an account?<a href=\"https:\/\/swiss-cashback.ch\/en\/become-an-affiliate\/\">Sign Up<\/a><\/div><\/div><div class=\"uap-clear\"><\/div><input type='hidden' value='76cfd05dc6' name='uap_login_nonce' \/><\/form>\r\r\n\t<span class=\"uap-js-login-form-details\"\r\r\n\tdata-username_selector=\"#uap_login_username\"\r\r\n\tdata-password_selector=\"#uap_login_password\"\r\r\n\tdata-error_message=\"Please complete all require fields!\"><\/span>\r\r\n\t<\/div>\n<\/div><\/section><\/div>\n","protected":false},"excerpt":{"rendered":"","protected":false},"author":2,"featured_media":0,"parent":0,"menu_order":0,"comment_status":"closed","ping_status":"closed","template":"","meta":{"footnotes":""},"class_list":["post-1852","page","type-page","status-publish","hentry"],"yoast_head":"<!-- This site is optimized with the Yoast SEO plugin v27.4 - https:\/\/yoast.com\/product\/yoast-seo-wordpress\/ -->\n<title>Ortakl\u0131k Giri\u015fi - Swiss-Cashback<\/title>\n<meta name=\"robots\" content=\"index, follow, max-snippet:-1, max-image-preview:large, max-video-preview:-1\" \/>\n<link rel=\"canonical\" href=\"https:\/\/swiss-cashback.ch\/tr\/ortaklik-girisi\/\" \/>\n<meta property=\"og:locale\" content=\"tr_TR\" \/>\n<meta property=\"og:type\" content=\"article\" \/>\n<meta property=\"og:title\" content=\"Ortakl\u0131k Giri\u015fi - Swiss-Cashback\" \/>\n<meta property=\"og:url\" content=\"https:\/\/swiss-cashback.ch\/tr\/ortaklik-girisi\/\" \/>\n<meta property=\"og:site_name\" content=\"Swiss-Cashback\" \/>\n<meta property=\"article:modified_time\" content=\"2025-06-25T13:03:44+00:00\" \/>\n<meta name=\"twitter:card\" content=\"summary_large_image\" \/>\n<meta name=\"twitter:label1\" content=\"Tahmini okuma s\u00fcresi\" \/>\n\t<meta name=\"twitter:data1\" content=\"1 dakika\" \/>\n<script type=\"application\/ld+json\" class=\"yoast-schema-graph\">{\"@context\":\"https:\\\/\\\/schema.org\",\"@graph\":[{\"@type\":\"WebPage\",\"@id\":\"https:\\\/\\\/swiss-cashback.ch\\\/tr\\\/ortaklik-girisi\\\/\",\"url\":\"https:\\\/\\\/swiss-cashback.ch\\\/tr\\\/ortaklik-girisi\\\/\",\"name\":\"Ortakl\u0131k Giri\u015fi - Swiss-Cashback\",\"isPartOf\":{\"@id\":\"https:\\\/\\\/swiss-cashback.ch\\\/tr\\\/#website\"},\"datePublished\":\"2025-05-27T19:03:04+00:00\",\"dateModified\":\"2025-06-25T13:03:44+00:00\",\"breadcrumb\":{\"@id\":\"https:\\\/\\\/swiss-cashback.ch\\\/tr\\\/ortaklik-girisi\\\/#breadcrumb\"},\"inLanguage\":\"tr\",\"potentialAction\":[{\"@type\":\"ReadAction\",\"target\":[\"https:\\\/\\\/swiss-cashback.ch\\\/tr\\\/ortaklik-girisi\\\/\"]}]},{\"@type\":\"BreadcrumbList\",\"@id\":\"https:\\\/\\\/swiss-cashback.ch\\\/tr\\\/ortaklik-girisi\\\/#breadcrumb\",\"itemListElement\":[{\"@type\":\"ListItem\",\"position\":1,\"name\":\"Home\",\"item\":\"https:\\\/\\\/swiss-cashback.ch\\\/tr\\\/swiss-cashback\\\/\"},{\"@type\":\"ListItem\",\"position\":2,\"name\":\"Ortakl\u0131k Giri\u015fi\"}]},{\"@type\":\"WebSite\",\"@id\":\"https:\\\/\\\/swiss-cashback.ch\\\/tr\\\/#website\",\"url\":\"https:\\\/\\\/swiss-cashback.ch\\\/tr\\\/\",\"name\":\"Swiss-Cashback\",\"description\":\"Dein Vorteil. Dein Netzwerk. Dein Einkommen.\",\"publisher\":{\"@id\":\"https:\\\/\\\/swiss-cashback.ch\\\/tr\\\/#organization\"},\"potentialAction\":[{\"@type\":\"SearchAction\",\"target\":{\"@type\":\"EntryPoint\",\"urlTemplate\":\"https:\\\/\\\/swiss-cashback.ch\\\/tr\\\/?s={search_term_string}\"},\"query-input\":{\"@type\":\"PropertyValueSpecification\",\"valueRequired\":true,\"valueName\":\"search_term_string\"}}],\"inLanguage\":\"tr\"},{\"@type\":\"Organization\",\"@id\":\"https:\\\/\\\/swiss-cashback.ch\\\/tr\\\/#organization\",\"name\":\"Swiss-Cashback\",\"url\":\"https:\\\/\\\/swiss-cashback.ch\\\/tr\\\/\",\"logo\":{\"@type\":\"ImageObject\",\"inLanguage\":\"tr\",\"@id\":\"https:\\\/\\\/swiss-cashback.ch\\\/tr\\\/#\\\/schema\\\/logo\\\/image\\\/\",\"url\":\"https:\\\/\\\/swiss-cashback.ch\\\/wp-content\\\/uploads\\\/2025\\\/05\\\/Swiss-Cashback.jpg\",\"contentUrl\":\"https:\\\/\\\/swiss-cashback.ch\\\/wp-content\\\/uploads\\\/2025\\\/05\\\/Swiss-Cashback.jpg\",\"width\":1080,\"height\":1080,\"caption\":\"Swiss-Cashback\"},\"image\":{\"@id\":\"https:\\\/\\\/swiss-cashback.ch\\\/tr\\\/#\\\/schema\\\/logo\\\/image\\\/\"}}]}<\/script>\n<!-- \/ Yoast SEO plugin. -->","yoast_head_json":{"title":"Ortakl\u0131k Giri\u015fi - Swiss-Cashback","robots":{"index":"index","follow":"follow","max-snippet":"max-snippet:-1","max-image-preview":"max-image-preview:large","max-video-preview":"max-video-preview:-1"},"canonical":"https:\/\/swiss-cashback.ch\/tr\/ortaklik-girisi\/","og_locale":"tr_TR","og_type":"article","og_title":"Ortakl\u0131k Giri\u015fi - Swiss-Cashback","og_url":"https:\/\/swiss-cashback.ch\/tr\/ortaklik-girisi\/","og_site_name":"Swiss-Cashback","article_modified_time":"2025-06-25T13:03:44+00:00","twitter_card":"summary_large_image","twitter_misc":{"Tahmini okuma s\u00fcresi":"1 dakika"},"schema":{"@context":"https:\/\/schema.org","@graph":[{"@type":"WebPage","@id":"https:\/\/swiss-cashback.ch\/tr\/ortaklik-girisi\/","url":"https:\/\/swiss-cashback.ch\/tr\/ortaklik-girisi\/","name":"Ortakl\u0131k Giri\u015fi - Swiss-Cashback","isPartOf":{"@id":"https:\/\/swiss-cashback.ch\/tr\/#website"},"datePublished":"2025-05-27T19:03:04+00:00","dateModified":"2025-06-25T13:03:44+00:00","breadcrumb":{"@id":"https:\/\/swiss-cashback.ch\/tr\/ortaklik-girisi\/#breadcrumb"},"inLanguage":"tr","potentialAction":[{"@type":"ReadAction","target":["https:\/\/swiss-cashback.ch\/tr\/ortaklik-girisi\/"]}]},{"@type":"BreadcrumbList","@id":"https:\/\/swiss-cashback.ch\/tr\/ortaklik-girisi\/#breadcrumb","itemListElement":[{"@type":"ListItem","position":1,"name":"Home","item":"https:\/\/swiss-cashback.ch\/tr\/swiss-cashback\/"},{"@type":"ListItem","position":2,"name":"Ortakl\u0131k Giri\u015fi"}]},{"@type":"WebSite","@id":"https:\/\/swiss-cashback.ch\/tr\/#website","url":"https:\/\/swiss-cashback.ch\/tr\/","name":"Swiss-Cashback","description":"Dein Vorteil. Dein Netzwerk. Dein Einkommen.","publisher":{"@id":"https:\/\/swiss-cashback.ch\/tr\/#organization"},"potentialAction":[{"@type":"SearchAction","target":{"@type":"EntryPoint","urlTemplate":"https:\/\/swiss-cashback.ch\/tr\/?s={search_term_string}"},"query-input":{"@type":"PropertyValueSpecification","valueRequired":true,"valueName":"search_term_string"}}],"inLanguage":"tr"},{"@type":"Organization","@id":"https:\/\/swiss-cashback.ch\/tr\/#organization","name":"Swiss-Cashback","url":"https:\/\/swiss-cashback.ch\/tr\/","logo":{"@type":"ImageObject","inLanguage":"tr","@id":"https:\/\/swiss-cashback.ch\/tr\/#\/schema\/logo\/image\/","url":"https:\/\/swiss-cashback.ch\/wp-content\/uploads\/2025\/05\/Swiss-Cashback.jpg","contentUrl":"https:\/\/swiss-cashback.ch\/wp-content\/uploads\/2025\/05\/Swiss-Cashback.jpg","width":1080,"height":1080,"caption":"Swiss-Cashback"},"image":{"@id":"https:\/\/swiss-cashback.ch\/tr\/#\/schema\/logo\/image\/"}}]}},"_links":{"self":[{"href":"https:\/\/swiss-cashback.ch\/tr\/wp-json\/wp\/v2\/pages\/1852","targetHints":{"allow":["GET"]}}],"collection":[{"href":"https:\/\/swiss-cashback.ch\/tr\/wp-json\/wp\/v2\/pages"}],"about":[{"href":"https:\/\/swiss-cashback.ch\/tr\/wp-json\/wp\/v2\/types\/page"}],"author":[{"embeddable":true,"href":"https:\/\/swiss-cashback.ch\/tr\/wp-json\/wp\/v2\/users\/2"}],"replies":[{"embeddable":true,"href":"https:\/\/swiss-cashback.ch\/tr\/wp-json\/wp\/v2\/comments?post=1852"}],"version-history":[{"count":13,"href":"https:\/\/swiss-cashback.ch\/tr\/wp-json\/wp\/v2\/pages\/1852\/revisions"}],"predecessor-version":[{"id":3723,"href":"https:\/\/swiss-cashback.ch\/tr\/wp-json\/wp\/v2\/pages\/1852\/revisions\/3723"}],"wp:attachment":[{"href":"https:\/\/swiss-cashback.ch\/tr\/wp-json\/wp\/v2\/media?parent=1852"}],"curies":[{"name":"wp","href":"https:\/\/api.w.org\/{rel}","templated":true}]}}