{"id":1779,"date":"2025-05-27T09:57:00","date_gmt":"2025-05-27T07:57:00","guid":{"rendered":"https:\/\/swiss-cashback.ch\/produkt\/anetaresim\/"},"modified":"2025-06-18T17:43:05","modified_gmt":"2025-06-18T15:43:05","slug":"anetaresim","status":"publish","type":"product","link":"https:\/\/swiss-cashback.ch\/sq\/produkt\/anetaresim\/","title":{"rendered":"an\u00ebtar\u00ebsim"},"content":{"rendered":"<p>Po flasim p\u00ebr Swiss-Cashback \u2013 platform\u00ebn e vetme n\u00eb bot\u00eb q\u00eb kombinon kursimin, fitimin dhe pjes\u00ebmarrjen reale n\u00eb nj\u00eb sistem.<\/p>\n<p>\ud83d\udecd Me Swiss-Cashback, ju blini n\u00eb m\u00ebnyr\u00eb m\u00eb t\u00eb zgjuar gjithsesi, por kurseni mesatarisht 1,000 CHF n\u00eb vit<\/p>\n<p>\ud83d\udcb8 A do ta rekomandonit Swiss-Cashback? Edhe m\u00eb mir\u00eb. Pastaj fitoni ekstra. Muaj pas muaji, qoft\u00eb 100, 10,000 apo 100,000 CHF, caktoni limitin tuaj; nuk kemi asnj\u00eb!<\/p>\n<p>\ud83d\udc8e Dhe kushdo q\u00eb e ka kuptuar programin e pjes\u00ebmarrjes e di: 490 CHF nuk \u00ebsht\u00eb \u00e7mimi &#8211; \u00ebsht\u00eb porta hyr\u00ebse. Mbi bashk\u00ebpron\u00ebsin\u00eb. P\u00ebr mund\u00ebsit\u00eb. P\u00ebr nj\u00eb kthim t\u00eb v\u00ebrtet\u00eb.<\/p>\n","protected":false},"excerpt":{"rendered":"<p>An\u00ebtar\u00ebsimi n\u00eb Shoqat\u00ebn Swiss-Cashback<\/p>\n","protected":false},"featured_media":772,"comment_status":"open","ping_status":"closed","template":"","meta":[],"product_brand":[],"product_cat":[79],"product_tag":[],"class_list":{"0":"post-1779","1":"product","2":"type-product","3":"status-publish","4":"has-post-thumbnail","6":"product_cat-te-pakategorizuara","8":"first","9":"instock","10":"virtual","11":"taxable","12":"purchasable","13":"product-type-simple"},"yoast_head":"<!-- This site is optimized with the Yoast SEO plugin v27.4 - https:\/\/yoast.com\/product\/yoast-seo-wordpress\/ -->\n<title>an\u00ebtar\u00ebsim - Swiss-Cashback<\/title>\n<meta name=\"robots\" content=\"index, follow, max-snippet:-1, max-image-preview:large, max-video-preview:-1\" \/>\n<link rel=\"canonical\" href=\"https:\/\/swiss-cashback.ch\/sq\/produkt\/anetaresim\/\" \/>\n<meta property=\"og:locale\" content=\"sq_AL\" \/>\n<meta property=\"og:type\" content=\"article\" \/>\n<meta property=\"og:title\" content=\"an\u00ebtar\u00ebsim - Swiss-Cashback\" \/>\n<meta property=\"og:description\" content=\"An\u00ebtar\u00ebsimi n\u00eb Shoqat\u00ebn Swiss-Cashback\" \/>\n<meta property=\"og:url\" content=\"https:\/\/swiss-cashback.ch\/sq\/produkt\/anetaresim\/\" \/>\n<meta property=\"og:site_name\" content=\"Swiss-Cashback\" \/>\n<meta property=\"article:modified_time\" content=\"2025-06-18T15:43:05+00:00\" \/>\n<meta property=\"og:image\" content=\"https:\/\/swiss-cashback.ch\/wp-content\/uploads\/2025\/05\/Swiss-Cashback-Vorteile-erleben_simple_KMU-Digitalisierung-1030x687.png\" \/>\n\t<meta property=\"og:image:width\" content=\"1030\" \/>\n\t<meta property=\"og:image:height\" content=\"687\" \/>\n\t<meta property=\"og:image:type\" content=\"image\/png\" \/>\n<meta name=\"twitter:card\" content=\"summary_large_image\" \/>\n<meta name=\"twitter:label1\" content=\"Est. reading time\" \/>\n\t<meta name=\"twitter:data1\" content=\"1 minute\" \/>\n<script type=\"application\/ld+json\" class=\"yoast-schema-graph\">{\"@context\":\"https:\\\/\\\/schema.org\",\"@graph\":[{\"@type\":\"WebPage\",\"@id\":\"https:\\\/\\\/swiss-cashback.ch\\\/sq\\\/produkt\\\/anetaresim\\\/\",\"url\":\"https:\\\/\\\/swiss-cashback.ch\\\/sq\\\/produkt\\\/anetaresim\\\/\",\"name\":\"an\u00ebtar\u00ebsim - Swiss-Cashback\",\"isPartOf\":{\"@id\":\"https:\\\/\\\/swiss-cashback.ch\\\/sq\\\/#website\"},\"primaryImageOfPage\":{\"@id\":\"https:\\\/\\\/swiss-cashback.ch\\\/sq\\\/produkt\\\/anetaresim\\\/#primaryimage\"},\"image\":{\"@id\":\"https:\\\/\\\/swiss-cashback.ch\\\/sq\\\/produkt\\\/anetaresim\\\/#primaryimage\"},\"thumbnailUrl\":\"https:\\\/\\\/swiss-cashback.ch\\\/wp-content\\\/uploads\\\/2025\\\/05\\\/Swiss-Cashback-Vorteile-erleben_simple_KMU-Digitalisierung.png\",\"datePublished\":\"2025-05-27T07:57:00+00:00\",\"dateModified\":\"2025-06-18T15:43:05+00:00\",\"breadcrumb\":{\"@id\":\"https:\\\/\\\/swiss-cashback.ch\\\/sq\\\/produkt\\\/anetaresim\\\/#breadcrumb\"},\"inLanguage\":\"sq-AL\",\"potentialAction\":[{\"@type\":\"ReadAction\",\"target\":[\"https:\\\/\\\/swiss-cashback.ch\\\/sq\\\/produkt\\\/anetaresim\\\/\"]}]},{\"@type\":\"ImageObject\",\"inLanguage\":\"sq-AL\",\"@id\":\"https:\\\/\\\/swiss-cashback.ch\\\/sq\\\/produkt\\\/anetaresim\\\/#primaryimage\",\"url\":\"https:\\\/\\\/swiss-cashback.ch\\\/wp-content\\\/uploads\\\/2025\\\/05\\\/Swiss-Cashback-Vorteile-erleben_simple_KMU-Digitalisierung.png\",\"contentUrl\":\"https:\\\/\\\/swiss-cashback.ch\\\/wp-content\\\/uploads\\\/2025\\\/05\\\/Swiss-Cashback-Vorteile-erleben_simple_KMU-Digitalisierung.png\",\"width\":1536,\"height\":1024},{\"@type\":\"BreadcrumbList\",\"@id\":\"https:\\\/\\\/swiss-cashback.ch\\\/sq\\\/produkt\\\/anetaresim\\\/#breadcrumb\",\"itemListElement\":[{\"@type\":\"ListItem\",\"position\":1,\"name\":\"Home\",\"item\":\"https:\\\/\\\/swiss-cashback.ch\\\/sq\\\/swiss-cashback\\\/\"},{\"@type\":\"ListItem\",\"position\":2,\"name\":\"Products\",\"item\":\"https:\\\/\\\/swiss-cashback.ch\\\/sq\\\/shop\\\/\"},{\"@type\":\"ListItem\",\"position\":3,\"name\":\"an\u00ebtar\u00ebsim\"}]},{\"@type\":\"WebSite\",\"@id\":\"https:\\\/\\\/swiss-cashback.ch\\\/sq\\\/#website\",\"url\":\"https:\\\/\\\/swiss-cashback.ch\\\/sq\\\/\",\"name\":\"Swiss-Cashback\",\"description\":\"Dein Vorteil. Dein Netzwerk. Dein Einkommen.\",\"publisher\":{\"@id\":\"https:\\\/\\\/swiss-cashback.ch\\\/sq\\\/#organization\"},\"potentialAction\":[{\"@type\":\"SearchAction\",\"target\":{\"@type\":\"EntryPoint\",\"urlTemplate\":\"https:\\\/\\\/swiss-cashback.ch\\\/sq\\\/?s={search_term_string}\"},\"query-input\":{\"@type\":\"PropertyValueSpecification\",\"valueRequired\":true,\"valueName\":\"search_term_string\"}}],\"inLanguage\":\"sq-AL\"},{\"@type\":\"Organization\",\"@id\":\"https:\\\/\\\/swiss-cashback.ch\\\/sq\\\/#organization\",\"name\":\"Swiss-Cashback\",\"url\":\"https:\\\/\\\/swiss-cashback.ch\\\/sq\\\/\",\"logo\":{\"@type\":\"ImageObject\",\"inLanguage\":\"sq-AL\",\"@id\":\"https:\\\/\\\/swiss-cashback.ch\\\/sq\\\/#\\\/schema\\\/logo\\\/image\\\/\",\"url\":\"https:\\\/\\\/swiss-cashback.ch\\\/wp-content\\\/uploads\\\/2025\\\/05\\\/Swiss-Cashback.jpg\",\"contentUrl\":\"https:\\\/\\\/swiss-cashback.ch\\\/wp-content\\\/uploads\\\/2025\\\/05\\\/Swiss-Cashback.jpg\",\"width\":1080,\"height\":1080,\"caption\":\"Swiss-Cashback\"},\"image\":{\"@id\":\"https:\\\/\\\/swiss-cashback.ch\\\/sq\\\/#\\\/schema\\\/logo\\\/image\\\/\"}}]}<\/script>\n<!-- \/ Yoast SEO plugin. -->","yoast_head_json":{"title":"an\u00ebtar\u00ebsim - Swiss-Cashback","robots":{"index":"index","follow":"follow","max-snippet":"max-snippet:-1","max-image-preview":"max-image-preview:large","max-video-preview":"max-video-preview:-1"},"canonical":"https:\/\/swiss-cashback.ch\/sq\/produkt\/anetaresim\/","og_locale":"sq_AL","og_type":"article","og_title":"an\u00ebtar\u00ebsim - Swiss-Cashback","og_description":"An\u00ebtar\u00ebsimi n\u00eb Shoqat\u00ebn Swiss-Cashback","og_url":"https:\/\/swiss-cashback.ch\/sq\/produkt\/anetaresim\/","og_site_name":"Swiss-Cashback","article_modified_time":"2025-06-18T15:43:05+00:00","og_image":[{"width":1030,"height":687,"url":"https:\/\/swiss-cashback.ch\/wp-content\/uploads\/2025\/05\/Swiss-Cashback-Vorteile-erleben_simple_KMU-Digitalisierung-1030x687.png","type":"image\/png"}],"twitter_card":"summary_large_image","twitter_misc":{"Est. reading time":"1 minute"},"schema":{"@context":"https:\/\/schema.org","@graph":[{"@type":"WebPage","@id":"https:\/\/swiss-cashback.ch\/sq\/produkt\/anetaresim\/","url":"https:\/\/swiss-cashback.ch\/sq\/produkt\/anetaresim\/","name":"an\u00ebtar\u00ebsim - Swiss-Cashback","isPartOf":{"@id":"https:\/\/swiss-cashback.ch\/sq\/#website"},"primaryImageOfPage":{"@id":"https:\/\/swiss-cashback.ch\/sq\/produkt\/anetaresim\/#primaryimage"},"image":{"@id":"https:\/\/swiss-cashback.ch\/sq\/produkt\/anetaresim\/#primaryimage"},"thumbnailUrl":"https:\/\/swiss-cashback.ch\/wp-content\/uploads\/2025\/05\/Swiss-Cashback-Vorteile-erleben_simple_KMU-Digitalisierung.png","datePublished":"2025-05-27T07:57:00+00:00","dateModified":"2025-06-18T15:43:05+00:00","breadcrumb":{"@id":"https:\/\/swiss-cashback.ch\/sq\/produkt\/anetaresim\/#breadcrumb"},"inLanguage":"sq-AL","potentialAction":[{"@type":"ReadAction","target":["https:\/\/swiss-cashback.ch\/sq\/produkt\/anetaresim\/"]}]},{"@type":"ImageObject","inLanguage":"sq-AL","@id":"https:\/\/swiss-cashback.ch\/sq\/produkt\/anetaresim\/#primaryimage","url":"https:\/\/swiss-cashback.ch\/wp-content\/uploads\/2025\/05\/Swiss-Cashback-Vorteile-erleben_simple_KMU-Digitalisierung.png","contentUrl":"https:\/\/swiss-cashback.ch\/wp-content\/uploads\/2025\/05\/Swiss-Cashback-Vorteile-erleben_simple_KMU-Digitalisierung.png","width":1536,"height":1024},{"@type":"BreadcrumbList","@id":"https:\/\/swiss-cashback.ch\/sq\/produkt\/anetaresim\/#breadcrumb","itemListElement":[{"@type":"ListItem","position":1,"name":"Home","item":"https:\/\/swiss-cashback.ch\/sq\/swiss-cashback\/"},{"@type":"ListItem","position":2,"name":"Products","item":"https:\/\/swiss-cashback.ch\/sq\/shop\/"},{"@type":"ListItem","position":3,"name":"an\u00ebtar\u00ebsim"}]},{"@type":"WebSite","@id":"https:\/\/swiss-cashback.ch\/sq\/#website","url":"https:\/\/swiss-cashback.ch\/sq\/","name":"Swiss-Cashback","description":"Dein Vorteil. Dein Netzwerk. Dein Einkommen.","publisher":{"@id":"https:\/\/swiss-cashback.ch\/sq\/#organization"},"potentialAction":[{"@type":"SearchAction","target":{"@type":"EntryPoint","urlTemplate":"https:\/\/swiss-cashback.ch\/sq\/?s={search_term_string}"},"query-input":{"@type":"PropertyValueSpecification","valueRequired":true,"valueName":"search_term_string"}}],"inLanguage":"sq-AL"},{"@type":"Organization","@id":"https:\/\/swiss-cashback.ch\/sq\/#organization","name":"Swiss-Cashback","url":"https:\/\/swiss-cashback.ch\/sq\/","logo":{"@type":"ImageObject","inLanguage":"sq-AL","@id":"https:\/\/swiss-cashback.ch\/sq\/#\/schema\/logo\/image\/","url":"https:\/\/swiss-cashback.ch\/wp-content\/uploads\/2025\/05\/Swiss-Cashback.jpg","contentUrl":"https:\/\/swiss-cashback.ch\/wp-content\/uploads\/2025\/05\/Swiss-Cashback.jpg","width":1080,"height":1080,"caption":"Swiss-Cashback"},"image":{"@id":"https:\/\/swiss-cashback.ch\/sq\/#\/schema\/logo\/image\/"}}]}},"_links":{"self":[{"href":"https:\/\/swiss-cashback.ch\/sq\/wp-json\/wp\/v2\/product\/1779","targetHints":{"allow":["GET"]}}],"collection":[{"href":"https:\/\/swiss-cashback.ch\/sq\/wp-json\/wp\/v2\/product"}],"about":[{"href":"https:\/\/swiss-cashback.ch\/sq\/wp-json\/wp\/v2\/types\/product"}],"replies":[{"embeddable":true,"href":"https:\/\/swiss-cashback.ch\/sq\/wp-json\/wp\/v2\/comments?post=1779"}],"wp:featuredmedia":[{"embeddable":true,"href":"https:\/\/swiss-cashback.ch\/sq\/wp-json\/wp\/v2\/media\/772"}],"wp:attachment":[{"href":"https:\/\/swiss-cashback.ch\/sq\/wp-json\/wp\/v2\/media?parent=1779"}],"wp:term":[{"taxonomy":"product_brand","embeddable":true,"href":"https:\/\/swiss-cashback.ch\/sq\/wp-json\/wp\/v2\/product_brand?post=1779"},{"taxonomy":"product_cat","embeddable":true,"href":"https:\/\/swiss-cashback.ch\/sq\/wp-json\/wp\/v2\/product_cat?post=1779"},{"taxonomy":"product_tag","embeddable":true,"href":"https:\/\/swiss-cashback.ch\/sq\/wp-json\/wp\/v2\/product_tag?post=1779"}],"curies":[{"name":"wp","href":"https:\/\/api.w.org\/{rel}","templated":true}]}}