{"id":1877,"date":"2025-05-27T21:03:04","date_gmt":"2025-05-27T19:03:04","guid":{"rendered":"https:\/\/swiss-cashback.ch\/behu-nje-bashkepunetor\/"},"modified":"2025-06-10T18:54:23","modified_gmt":"2025-06-10T16:54:23","slug":"behu-nje-bashkepunetor","status":"publish","type":"page","link":"https:\/\/swiss-cashback.ch\/sq\/behu-nje-bashkepunetor\/","title":{"rendered":"Fuqia e rekomandimit \u2013 Swiss-Cashback po ju th\u00ebrret!"},"content":{"rendered":"<p><strong>A mund ta imagjinoni se sa mund t\u00eb fitoni me programin ton\u00eb t\u00eb bashk\u00ebpunimit?<\/strong>  Ndoshta jo! N\u00eb var\u00ebsi t\u00eb angazhimit tuaj personal, udh\u00ebtimi fillon nga CHF 100.- CHF 1,000.- CHF 100,000.- &#8230;. ne nuk njohim kufij, po ju?  <\/p>\n<p>Hezitoni apo bashkohuni? Siguroni komisionet tuaja me programin ton\u00eb unik t\u00eb partneritetit dhe pjes\u00ebmarrjes p\u00ebr \u00e7do shitje t\u00eb suksesshme q\u00eb leht\u00ebsoni ose p\u00ebr \u00e7do regjistrim t\u00eb klientit t\u00eb ri. Regjistrohu sot dhe fillo t\u00eb fitosh!  <\/p>\n<p>Aktivizohuni dhe fitoni an\u00ebtar\u00eb t\u00eb rinj p\u00ebr shoqat\u00ebn Swiss-Cashback. Klikoni k\u00ebtu p\u00ebr t&#8217;u regjistruar. Pas regjistrimit do t\u00eb keni qasje n\u00eb lidhjen tuaj t\u00eb partneritetit. Ju e ndani k\u00ebt\u00eb me miqt\u00eb dhe t\u00eb njohurit dhe do t\u00eb merrni nj\u00eb komision p\u00ebr \u00e7do regjistrim.   <\/p>\n\r\n<div class=\"uap-register-form  uap-register-9\">\r\r\n\r\r\n\t\r\n\r\r\n\t<form action=\"\" method=\"post\" name=\"uap_createuser\" id=\"uap_createuser\" class=\"uap-form-create-edit\" enctype=\"multipart\/form-data\"  >\r\r\n\r\r\n\t\t\r\n\r\r\n\t\t\r\n\t\t\t\r\n\t\t\t\t\r\n\t\t\t\t\t<div class=\"uap-form-line-register uap-form-text\" id=\"uap_reg_text_2294\"><input type=\"text\" name=\"user_login\" id=\"uap_user_login_field\" class=\"uap-form-element uap-form-element-text \" value=\"\" placeholder=\"Username*\"   \/><\/div>\r\n\t\t\t\r\n\t\t\t\t\r\n\t\t\t\t\t<div class=\"uap-form-line-register uap-form-text\" id=\"uap_reg_text_8236\"><input type=\"text\" name=\"first_name\" id=\"uap_first_name_field\" class=\"uap-form-element uap-form-element-text \" value=\"\" placeholder=\"First Name*\"   \/><\/div>\r\n\t\t\t\r\n\t\t\t\t\r\n\t\t\t\t\t<div class=\"uap-form-line-register uap-form-text\" id=\"uap_reg_text_981\"><input type=\"text\" name=\"last_name\" id=\"uap_last_name_field\" class=\"uap-form-element uap-form-element-text \" value=\"\" placeholder=\"Last Name*\"   \/><\/div>\r\n\t\t\t\r\n\t\t\t\t\r\n\t\t\t\t\t<div class=\"uap-form-line-register uap-form-text\" id=\"uap_reg_text_8747\"><input type=\"text\" name=\"user_email\" id=\"uap_user_email_field\" class=\"uap-form-element uap-form-element-text \" value=\"\" placeholder=\"Email*\"   \/><\/div>\r\n\t\t\t\r\n\t\t\t\t\r\n\t\t\t\t\r\n\t\t\t\t\r\n\t\t\t\t\t<div class=\"uap-form-line-register uap-form-password\" id=\"uap_reg_password_8724\"><input type=\"password\" name=\"pass1\" id=\"uap_pass1_field\" class=\"uap-form-element uap-form-element-password \" value=\"\" placeholder=\"Password*\"  data-rules=\"6,1\"  autocomplete=\"new-password\" \/><div class=\"uap-strength-wrapper\"><ul class=\"uap-strength\"><li class=\"point\"><\/li><li class=\"point\"><\/li><li class=\"point\"><\/li><li class=\"point\"><\/li><li class=\"point\"><\/li><\/ul><div class=\"uap-strength-label\"><\/div><\/div><\/div>\r\n\t\t\t\r\n\t\t\t\t\r\n\t\t\t\t\t<div class=\"uap-form-line-register uap-form-password\" id=\"uap_reg_password_1710\"><input type=\"password\" name=\"pass2\" id=\"uap_pass2_field\" class=\"uap-form-element uap-form-element-password \" value=\"\" placeholder=\"Password Confirmation*\"  data-rules=\"6,1\"  autocomplete=\"new-password\" \/><div class=\"uap-strength-wrapper\"><ul class=\"uap-strength\"><li class=\"point\"><\/li><li class=\"point\"><\/li><li class=\"point\"><\/li><li class=\"point\"><\/li><li class=\"point\"><\/li><\/ul><div class=\"uap-strength-label\"><\/div><\/div><\/div>\r\n\t\t\t\r\n\t\t\t\t\r\n\t\t\t\t\r\n\t\t\t\t\r\n\t\t\t\t\r\n\t\t\t\t\r\n\t\t\t\t\r\n\t\t\t\t\r\n\t\t\t\t\r\n\t\t\t\t\r\n\t\t\t\t\r\n\t\t\t\t\t<div class=\"uap-form-line-register uap-form-textarea\" id=\"uap_reg_textarea_7157\"><label class=\"uap-labels-register\"> Direkte Einzahlung (Auszahlungsdetails)<\/label><textarea name=\"uap_affiliate_bank_transfer_data\" id=\"uap_uap_affiliate_bank_transfer_data_field\" class=\"uap-form-element uap-form-element-textarea uap-form-textarea \"   ><\/textarea><label class=\"uap-form-sublabel\"> Deine Bankverbindung f\u00fcr \u00dcberweisungen.<\/label><\/div>\r\n\t\t\t\r\n\t\t\t\t\r\n\t\t\t\t\t<div class=\"uap-form-line-register uap-form-textarea\" id=\"uap_reg_textarea_6186\"><label class=\"uap-labels-register\">Wie promotest du uns?<\/label><textarea name=\"how_promote\" id=\"uap_how_promote_field\" class=\"uap-form-element uap-form-element-textarea uap-form-textarea \"   ><\/textarea><label class=\"uap-form-sublabel\">Wie gedenkst du Swiss-Cashback zu bewerben? Mach ein paar Beispiele.<\/label><\/div>\r\n\t\t\t\r\n\t\t\t\t\r\n\t\t\t\t\t<div class=\"uap-tos-wrap\" id=\"uap_tos_field_parent_303\"><input type=\"checkbox\" value=\"1\" name=\"tos\" class=\"\" \/><a href=\"https:\/\/swiss-cashback.ch\/affiliate-tos-page\/\" target=\"_blank\">Accept our Terms&Conditions<\/a><\/div>\r\n\t\t\t\r\n\t\t\t\t\r\n\t\t\t\t\r\n\t\t\t\t\r\n\t\t\t\t\r\n\t\t\r\n\t\t\r\n\t\t\r\n\t\t\r\n\t\t\t\r\n\t\t\t\t<input type='hidden' name='uap_user_add_edit_nonce' value='c683e9d6a4' \/>\r\n\t\t\t\r\n\t\t\t\t<input type=\"hidden\" name=\"uapaction\" id=\"uap_uapaction_field\" class=\"uap-form-element uap-form-element-hidden \" value=\"register\"  \/>\r\n\t\t\t\r\n\t\t\r\n\r\r\n\t\t\r\n\r\r\n\t\t\r\n\r\r\n\t\t<div class=\"uap-submit-form\">\r\r\n\t\t\t<input type=\"submit\" value=\"Register\" name=\"Submit\" id=\"uap_submit_bttn\" class=\"uap-form-element uap-form-element-submit \"   \/>\r\n\t\t<\/div>\r\r\n\r\r\n        \r\n\r\r\n\t\t\r\n\r\r\n\t\t\r\n\r\r\n\t<\/form>\r\r\n<\/div>\r\r\n\r\r\n\r\n\t\r\n\r\n\n","protected":false},"excerpt":{"rendered":"<p>A mund ta imagjinoni se sa mund t\u00eb fitoni me programin ton\u00eb t\u00eb bashk\u00ebpunimit? Ndoshta jo! N\u00eb var\u00ebsi t\u00eb angazhimit tuaj personal, udh\u00ebtimi fillon nga CHF 100.- CHF 1,000.- CHF 100,000.- &#8230;. ne nuk njohim kufij, po ju? Hezitoni apo bashkohuni? Siguroni komisionet tuaja me programin ton\u00eb unik t\u00eb partneritetit dhe pjes\u00ebmarrjes p\u00ebr \u00e7do shitje [&hellip;]<\/p>\n","protected":false},"author":2,"featured_media":0,"parent":0,"menu_order":0,"comment_status":"closed","ping_status":"closed","template":"","meta":{"footnotes":""},"class_list":["post-1877","page","type-page","status-publish","hentry"],"yoast_head":"<!-- This site is optimized with the Yoast SEO plugin v27.5 - https:\/\/yoast.com\/product\/yoast-seo-wordpress\/ -->\n<title>Fuqia e rekomandimit \u2013 Swiss-Cashback po ju th\u00ebrret! - Swiss-Cashback<\/title>\n<meta name=\"robots\" content=\"index, follow, max-snippet:-1, max-image-preview:large, max-video-preview:-1\" \/>\n<link rel=\"canonical\" href=\"https:\/\/swiss-cashback.ch\/sq\/behu-nje-bashkepunetor\/\" \/>\n<meta property=\"og:locale\" content=\"sq_AL\" \/>\n<meta property=\"og:type\" content=\"article\" \/>\n<meta property=\"og:title\" content=\"Fuqia e rekomandimit \u2013 Swiss-Cashback po ju th\u00ebrret! - Swiss-Cashback\" \/>\n<meta property=\"og:description\" content=\"A mund ta imagjinoni se sa mund t\u00eb fitoni me programin ton\u00eb t\u00eb bashk\u00ebpunimit? Ndoshta jo! N\u00eb var\u00ebsi t\u00eb angazhimit tuaj personal, udh\u00ebtimi fillon nga CHF 100.- CHF 1,000.- CHF 100,000.- &#8230;. ne nuk njohim kufij, po ju? Hezitoni apo bashkohuni? Siguroni komisionet tuaja me programin ton\u00eb unik t\u00eb partneritetit dhe pjes\u00ebmarrjes p\u00ebr \u00e7do shitje [&hellip;]\" \/>\n<meta property=\"og:url\" content=\"https:\/\/swiss-cashback.ch\/sq\/behu-nje-bashkepunetor\/\" \/>\n<meta property=\"og:site_name\" content=\"Swiss-Cashback\" \/>\n<meta property=\"article:modified_time\" content=\"2025-06-10T16:54:23+00:00\" \/>\n<meta name=\"twitter:card\" content=\"summary_large_image\" \/>\n<meta name=\"twitter:label1\" content=\"Est. reading time\" \/>\n\t<meta name=\"twitter:data1\" content=\"1 minute\" \/>\n<script type=\"application\/ld+json\" class=\"yoast-schema-graph\">{\"@context\":\"https:\\\/\\\/schema.org\",\"@graph\":[{\"@type\":\"WebPage\",\"@id\":\"https:\\\/\\\/swiss-cashback.ch\\\/sq\\\/behu-nje-bashkepunetor\\\/\",\"url\":\"https:\\\/\\\/swiss-cashback.ch\\\/sq\\\/behu-nje-bashkepunetor\\\/\",\"name\":\"Fuqia e rekomandimit \u2013 Swiss-Cashback po ju th\u00ebrret! - Swiss-Cashback\",\"isPartOf\":{\"@id\":\"https:\\\/\\\/swiss-cashback.ch\\\/sq\\\/#website\"},\"datePublished\":\"2025-05-27T19:03:04+00:00\",\"dateModified\":\"2025-06-10T16:54:23+00:00\",\"breadcrumb\":{\"@id\":\"https:\\\/\\\/swiss-cashback.ch\\\/sq\\\/behu-nje-bashkepunetor\\\/#breadcrumb\"},\"inLanguage\":\"sq-AL\",\"potentialAction\":[{\"@type\":\"ReadAction\",\"target\":[\"https:\\\/\\\/swiss-cashback.ch\\\/sq\\\/behu-nje-bashkepunetor\\\/\"]}]},{\"@type\":\"BreadcrumbList\",\"@id\":\"https:\\\/\\\/swiss-cashback.ch\\\/sq\\\/behu-nje-bashkepunetor\\\/#breadcrumb\",\"itemListElement\":[{\"@type\":\"ListItem\",\"position\":1,\"name\":\"Home\",\"item\":\"https:\\\/\\\/swiss-cashback.ch\\\/sq\\\/swiss-cashback\\\/\"},{\"@type\":\"ListItem\",\"position\":2,\"name\":\"Fuqia e rekomandimit \u2013 Swiss-Cashback po ju th\u00ebrret!\"}]},{\"@type\":\"WebSite\",\"@id\":\"https:\\\/\\\/swiss-cashback.ch\\\/sq\\\/#website\",\"url\":\"https:\\\/\\\/swiss-cashback.ch\\\/sq\\\/\",\"name\":\"Swiss-Cashback\",\"description\":\"Dein Vorteil. Dein Netzwerk. Dein Einkommen.\",\"publisher\":{\"@id\":\"https:\\\/\\\/swiss-cashback.ch\\\/sq\\\/#organization\"},\"potentialAction\":[{\"@type\":\"SearchAction\",\"target\":{\"@type\":\"EntryPoint\",\"urlTemplate\":\"https:\\\/\\\/swiss-cashback.ch\\\/sq\\\/?s={search_term_string}\"},\"query-input\":{\"@type\":\"PropertyValueSpecification\",\"valueRequired\":true,\"valueName\":\"search_term_string\"}}],\"inLanguage\":\"sq-AL\"},{\"@type\":\"Organization\",\"@id\":\"https:\\\/\\\/swiss-cashback.ch\\\/sq\\\/#organization\",\"name\":\"Swiss-Cashback\",\"url\":\"https:\\\/\\\/swiss-cashback.ch\\\/sq\\\/\",\"logo\":{\"@type\":\"ImageObject\",\"inLanguage\":\"sq-AL\",\"@id\":\"https:\\\/\\\/swiss-cashback.ch\\\/sq\\\/#\\\/schema\\\/logo\\\/image\\\/\",\"url\":\"https:\\\/\\\/swiss-cashback.ch\\\/wp-content\\\/uploads\\\/2025\\\/05\\\/Swiss-Cashback.jpg\",\"contentUrl\":\"https:\\\/\\\/swiss-cashback.ch\\\/wp-content\\\/uploads\\\/2025\\\/05\\\/Swiss-Cashback.jpg\",\"width\":1080,\"height\":1080,\"caption\":\"Swiss-Cashback\"},\"image\":{\"@id\":\"https:\\\/\\\/swiss-cashback.ch\\\/sq\\\/#\\\/schema\\\/logo\\\/image\\\/\"}}]}<\/script>\n<!-- \/ Yoast SEO plugin. -->","yoast_head_json":{"title":"Fuqia e rekomandimit \u2013 Swiss-Cashback po ju th\u00ebrret! - Swiss-Cashback","robots":{"index":"index","follow":"follow","max-snippet":"max-snippet:-1","max-image-preview":"max-image-preview:large","max-video-preview":"max-video-preview:-1"},"canonical":"https:\/\/swiss-cashback.ch\/sq\/behu-nje-bashkepunetor\/","og_locale":"sq_AL","og_type":"article","og_title":"Fuqia e rekomandimit \u2013 Swiss-Cashback po ju th\u00ebrret! - Swiss-Cashback","og_description":"A mund ta imagjinoni se sa mund t\u00eb fitoni me programin ton\u00eb t\u00eb bashk\u00ebpunimit? Ndoshta jo! N\u00eb var\u00ebsi t\u00eb angazhimit tuaj personal, udh\u00ebtimi fillon nga CHF 100.- CHF 1,000.- CHF 100,000.- &#8230;. ne nuk njohim kufij, po ju? Hezitoni apo bashkohuni? Siguroni komisionet tuaja me programin ton\u00eb unik t\u00eb partneritetit dhe pjes\u00ebmarrjes p\u00ebr \u00e7do shitje [&hellip;]","og_url":"https:\/\/swiss-cashback.ch\/sq\/behu-nje-bashkepunetor\/","og_site_name":"Swiss-Cashback","article_modified_time":"2025-06-10T16:54:23+00:00","twitter_card":"summary_large_image","twitter_misc":{"Est. reading time":"1 minute"},"schema":{"@context":"https:\/\/schema.org","@graph":[{"@type":"WebPage","@id":"https:\/\/swiss-cashback.ch\/sq\/behu-nje-bashkepunetor\/","url":"https:\/\/swiss-cashback.ch\/sq\/behu-nje-bashkepunetor\/","name":"Fuqia e rekomandimit \u2013 Swiss-Cashback po ju th\u00ebrret! - Swiss-Cashback","isPartOf":{"@id":"https:\/\/swiss-cashback.ch\/sq\/#website"},"datePublished":"2025-05-27T19:03:04+00:00","dateModified":"2025-06-10T16:54:23+00:00","breadcrumb":{"@id":"https:\/\/swiss-cashback.ch\/sq\/behu-nje-bashkepunetor\/#breadcrumb"},"inLanguage":"sq-AL","potentialAction":[{"@type":"ReadAction","target":["https:\/\/swiss-cashback.ch\/sq\/behu-nje-bashkepunetor\/"]}]},{"@type":"BreadcrumbList","@id":"https:\/\/swiss-cashback.ch\/sq\/behu-nje-bashkepunetor\/#breadcrumb","itemListElement":[{"@type":"ListItem","position":1,"name":"Home","item":"https:\/\/swiss-cashback.ch\/sq\/swiss-cashback\/"},{"@type":"ListItem","position":2,"name":"Fuqia e rekomandimit \u2013 Swiss-Cashback po ju th\u00ebrret!"}]},{"@type":"WebSite","@id":"https:\/\/swiss-cashback.ch\/sq\/#website","url":"https:\/\/swiss-cashback.ch\/sq\/","name":"Swiss-Cashback","description":"Dein Vorteil. Dein Netzwerk. Dein Einkommen.","publisher":{"@id":"https:\/\/swiss-cashback.ch\/sq\/#organization"},"potentialAction":[{"@type":"SearchAction","target":{"@type":"EntryPoint","urlTemplate":"https:\/\/swiss-cashback.ch\/sq\/?s={search_term_string}"},"query-input":{"@type":"PropertyValueSpecification","valueRequired":true,"valueName":"search_term_string"}}],"inLanguage":"sq-AL"},{"@type":"Organization","@id":"https:\/\/swiss-cashback.ch\/sq\/#organization","name":"Swiss-Cashback","url":"https:\/\/swiss-cashback.ch\/sq\/","logo":{"@type":"ImageObject","inLanguage":"sq-AL","@id":"https:\/\/swiss-cashback.ch\/sq\/#\/schema\/logo\/image\/","url":"https:\/\/swiss-cashback.ch\/wp-content\/uploads\/2025\/05\/Swiss-Cashback.jpg","contentUrl":"https:\/\/swiss-cashback.ch\/wp-content\/uploads\/2025\/05\/Swiss-Cashback.jpg","width":1080,"height":1080,"caption":"Swiss-Cashback"},"image":{"@id":"https:\/\/swiss-cashback.ch\/sq\/#\/schema\/logo\/image\/"}}]}},"_links":{"self":[{"href":"https:\/\/swiss-cashback.ch\/sq\/wp-json\/wp\/v2\/pages\/1877","targetHints":{"allow":["GET"]}}],"collection":[{"href":"https:\/\/swiss-cashback.ch\/sq\/wp-json\/wp\/v2\/pages"}],"about":[{"href":"https:\/\/swiss-cashback.ch\/sq\/wp-json\/wp\/v2\/types\/page"}],"author":[{"embeddable":true,"href":"https:\/\/swiss-cashback.ch\/sq\/wp-json\/wp\/v2\/users\/2"}],"replies":[{"embeddable":true,"href":"https:\/\/swiss-cashback.ch\/sq\/wp-json\/wp\/v2\/comments?post=1877"}],"version-history":[{"count":6,"href":"https:\/\/swiss-cashback.ch\/sq\/wp-json\/wp\/v2\/pages\/1877\/revisions"}],"predecessor-version":[{"id":2928,"href":"https:\/\/swiss-cashback.ch\/sq\/wp-json\/wp\/v2\/pages\/1877\/revisions\/2928"}],"wp:attachment":[{"href":"https:\/\/swiss-cashback.ch\/sq\/wp-json\/wp\/v2\/media?parent=1877"}],"curies":[{"name":"wp","href":"https:\/\/api.w.org\/{rel}","templated":true}]}}