{"id":656,"date":"2025-05-08T16:01:53","date_gmt":"2025-05-08T14:01:53","guid":{"rendered":"https:\/\/swiss-cashback.ch\/politica-de-privacidade-verein-swiss-cashback\/"},"modified":"2025-06-10T18:55:55","modified_gmt":"2025-06-10T16:55:55","slug":"politica-de-privacidade-verein-swiss-cashback","status":"publish","type":"page","link":"https:\/\/swiss-cashback.ch\/pt-pt\/politica-de-privacidade-verein-swiss-cashback\/","title":{"rendered":"Pol\u00edtica de privacidade &#8211; Verein-Swiss-Cashback"},"content":{"rendered":"<section  class='av_textblock_section av-makppy49-d15cba5d969ec3dd4575a3675ff6d344 '   itemscope=\"itemscope\" itemtype=\"https:\/\/schema.org\/CreativeWork\" ><div class='avia_textblock'  itemprop=\"text\" ><h2>Pol\u00edtica de privacidade &#8211; Verein-Swiss-Cashback<\/h2>\n<h3>1. organismo respons\u00e1vel<\/h3>\n<p>Associa\u00e7\u00e3o Su\u00ed\u00e7a-Cashback<br \/>\nFranziskanerplatz 14<br \/>\n6003 Lucerna<br \/>\nCorreio eletr\u00f3nico: info@swiss-cashback.ch<\/p>\n<p>Representado pelo Presidente: Hans Peter Rickenbacher<\/p>\n<h3>2. finalidade do tratamento dos dados<\/h3>\n<p>Processamos dados pessoais exclusivamente para fins de gest\u00e3o da associa\u00e7\u00e3o, administra\u00e7\u00e3o dos membros de<br \/>\n, comunica\u00e7\u00e3o e para a realiza\u00e7\u00e3o das nossas ofertas de cashback e eventos de<br \/>\nno \u00e2mbito dos objectivos da nossa associa\u00e7\u00e3o, de acordo com o Art. 60 e seguintes. ZGB.<\/p>\n<h3>3. dados recolhidos<\/h3>\n<p>Recolhemos, em particular:<br \/>\n&#8211; Nome pr\u00f3prio e apelido<br \/>\n&#8211; Endere\u00e7o<br \/>\n&#8211; N\u00famero de telefone e endere\u00e7o de correio eletr\u00f3nico<br \/>\n&#8211; Dados banc\u00e1rios (para pagamentos de cashback)<br \/>\n&#8211; Dados para participa\u00e7\u00e3o em eventos ou programas<\/p>\n<h3>4. divulga\u00e7\u00e3o a terceiros<\/h3>\n<p>Os dados s\u00f3 ser\u00e3o transmitidos a terceiros se tal for necess\u00e1rio para cumprir os objectivos da associa\u00e7\u00e3o<br \/>\nou se existir uma obriga\u00e7\u00e3o legal para o fazer. N\u00e3o ser\u00e3o transmitidos quaisquer dados comerciais.<\/p>\n<h3>5. armazenamento e elimina\u00e7\u00e3o<\/h3>\n<p>Os dados ser\u00e3o armazenados apenas durante o tempo necess\u00e1rio para os fins indicados ou<br \/>\n\u00e9 exigido por lei. Depois disso, s\u00e3o eliminados ou tornados an\u00f3nimos.<\/p>\n<h3>6. os teus direitos<\/h3>\n<p>Tens o direito de acesso, retifica\u00e7\u00e3o, apagamento ou restri\u00e7\u00e3o do processamento<br \/>\ndos teus dados e o direito de te opores. Para tal, contacta: swisscashback@gmx.ch<\/p>\n<h3>7. altera\u00e7\u00f5es<\/h3>\n<p>Esta pol\u00edtica de privacidade pode ser alterada em qualquer altura. A vers\u00e3o atual est\u00e1 dispon\u00edvel mediante pedido em<br \/>\n.<\/p>\n<\/div><\/section>\n","protected":false},"excerpt":{"rendered":"","protected":false},"author":1,"featured_media":559,"parent":0,"menu_order":0,"comment_status":"closed","ping_status":"open","template":"","meta":{"footnotes":""},"class_list":["post-656","page","type-page","status-publish","has-post-thumbnail","hentry"],"yoast_head":"<!-- This site is optimized with the Yoast SEO plugin v27.4 - https:\/\/yoast.com\/product\/yoast-seo-wordpress\/ -->\n<title>Pol\u00edtica de privacidade - Verein-Swiss-Cashback - Swiss-Cashback<\/title>\n<meta name=\"robots\" content=\"noindex, nofollow\" \/>\n<meta property=\"og:locale\" content=\"pt_PT\" \/>\n<meta property=\"og:type\" content=\"article\" \/>\n<meta property=\"og:title\" content=\"Pol\u00edtica de privacidade - Verein-Swiss-Cashback - Swiss-Cashback\" \/>\n<meta property=\"og:url\" content=\"https:\/\/swiss-cashback.ch\/pt-pt\/politica-de-privacidade-verein-swiss-cashback\/\" \/>\n<meta property=\"og:site_name\" content=\"Swiss-Cashback\" \/>\n<meta property=\"article:modified_time\" content=\"2025-06-10T16:55:55+00:00\" \/>\n<meta property=\"og:image\" content=\"https:\/\/swiss-cashback.ch\/wp-content\/uploads\/2025\/05\/Swiss-Cashback.jpg\" \/>\n\t<meta property=\"og:image:width\" content=\"1080\" \/>\n\t<meta property=\"og:image:height\" content=\"1080\" \/>\n\t<meta property=\"og:image:type\" content=\"image\/jpeg\" \/>\n<meta name=\"twitter:card\" content=\"summary_large_image\" \/>\n<script type=\"application\/ld+json\" class=\"yoast-schema-graph\">{\"@context\":\"https:\\\/\\\/schema.org\",\"@graph\":[{\"@type\":\"WebPage\",\"@id\":\"https:\\\/\\\/swiss-cashback.ch\\\/pt-pt\\\/politica-de-privacidade-verein-swiss-cashback\\\/\",\"url\":\"https:\\\/\\\/swiss-cashback.ch\\\/pt-pt\\\/politica-de-privacidade-verein-swiss-cashback\\\/\",\"name\":\"Pol\u00edtica de privacidade - Verein-Swiss-Cashback - Swiss-Cashback\",\"isPartOf\":{\"@id\":\"https:\\\/\\\/swiss-cashback.ch\\\/pt-pt\\\/#website\"},\"primaryImageOfPage\":{\"@id\":\"https:\\\/\\\/swiss-cashback.ch\\\/pt-pt\\\/politica-de-privacidade-verein-swiss-cashback\\\/#primaryimage\"},\"image\":{\"@id\":\"https:\\\/\\\/swiss-cashback.ch\\\/pt-pt\\\/politica-de-privacidade-verein-swiss-cashback\\\/#primaryimage\"},\"thumbnailUrl\":\"https:\\\/\\\/swiss-cashback.ch\\\/wp-content\\\/uploads\\\/2025\\\/05\\\/Swiss-Cashback.jpg\",\"datePublished\":\"2025-05-08T14:01:53+00:00\",\"dateModified\":\"2025-06-10T16:55:55+00:00\",\"breadcrumb\":{\"@id\":\"https:\\\/\\\/swiss-cashback.ch\\\/pt-pt\\\/politica-de-privacidade-verein-swiss-cashback\\\/#breadcrumb\"},\"inLanguage\":\"pt-PT\",\"potentialAction\":[{\"@type\":\"ReadAction\",\"target\":[\"https:\\\/\\\/swiss-cashback.ch\\\/pt-pt\\\/politica-de-privacidade-verein-swiss-cashback\\\/\"]}]},{\"@type\":\"ImageObject\",\"inLanguage\":\"pt-PT\",\"@id\":\"https:\\\/\\\/swiss-cashback.ch\\\/pt-pt\\\/politica-de-privacidade-verein-swiss-cashback\\\/#primaryimage\",\"url\":\"https:\\\/\\\/swiss-cashback.ch\\\/wp-content\\\/uploads\\\/2025\\\/05\\\/Swiss-Cashback.jpg\",\"contentUrl\":\"https:\\\/\\\/swiss-cashback.ch\\\/wp-content\\\/uploads\\\/2025\\\/05\\\/Swiss-Cashback.jpg\",\"width\":1080,\"height\":1080},{\"@type\":\"BreadcrumbList\",\"@id\":\"https:\\\/\\\/swiss-cashback.ch\\\/pt-pt\\\/politica-de-privacidade-verein-swiss-cashback\\\/#breadcrumb\",\"itemListElement\":[{\"@type\":\"ListItem\",\"position\":1,\"name\":\"Home\",\"item\":\"https:\\\/\\\/swiss-cashback.ch\\\/pt-pt\\\/swiss-cashback\\\/\"},{\"@type\":\"ListItem\",\"position\":2,\"name\":\"Pol\u00edtica de privacidade &#8211; Verein-Swiss-Cashback\"}]},{\"@type\":\"WebSite\",\"@id\":\"https:\\\/\\\/swiss-cashback.ch\\\/pt-pt\\\/#website\",\"url\":\"https:\\\/\\\/swiss-cashback.ch\\\/pt-pt\\\/\",\"name\":\"Swiss-Cashback\",\"description\":\"Dein Vorteil. Dein Netzwerk. Dein Einkommen.\",\"publisher\":{\"@id\":\"https:\\\/\\\/swiss-cashback.ch\\\/pt-pt\\\/#organization\"},\"potentialAction\":[{\"@type\":\"SearchAction\",\"target\":{\"@type\":\"EntryPoint\",\"urlTemplate\":\"https:\\\/\\\/swiss-cashback.ch\\\/pt-pt\\\/?s={search_term_string}\"},\"query-input\":{\"@type\":\"PropertyValueSpecification\",\"valueRequired\":true,\"valueName\":\"search_term_string\"}}],\"inLanguage\":\"pt-PT\"},{\"@type\":\"Organization\",\"@id\":\"https:\\\/\\\/swiss-cashback.ch\\\/pt-pt\\\/#organization\",\"name\":\"Swiss-Cashback\",\"url\":\"https:\\\/\\\/swiss-cashback.ch\\\/pt-pt\\\/\",\"logo\":{\"@type\":\"ImageObject\",\"inLanguage\":\"pt-PT\",\"@id\":\"https:\\\/\\\/swiss-cashback.ch\\\/pt-pt\\\/#\\\/schema\\\/logo\\\/image\\\/\",\"url\":\"https:\\\/\\\/swiss-cashback.ch\\\/wp-content\\\/uploads\\\/2025\\\/05\\\/Swiss-Cashback.jpg\",\"contentUrl\":\"https:\\\/\\\/swiss-cashback.ch\\\/wp-content\\\/uploads\\\/2025\\\/05\\\/Swiss-Cashback.jpg\",\"width\":1080,\"height\":1080,\"caption\":\"Swiss-Cashback\"},\"image\":{\"@id\":\"https:\\\/\\\/swiss-cashback.ch\\\/pt-pt\\\/#\\\/schema\\\/logo\\\/image\\\/\"}}]}<\/script>\n<!-- \/ Yoast SEO plugin. -->","yoast_head_json":{"title":"Pol\u00edtica de privacidade - Verein-Swiss-Cashback - Swiss-Cashback","robots":{"index":"noindex","follow":"nofollow"},"og_locale":"pt_PT","og_type":"article","og_title":"Pol\u00edtica de privacidade - Verein-Swiss-Cashback - Swiss-Cashback","og_url":"https:\/\/swiss-cashback.ch\/pt-pt\/politica-de-privacidade-verein-swiss-cashback\/","og_site_name":"Swiss-Cashback","article_modified_time":"2025-06-10T16:55:55+00:00","og_image":[{"width":1080,"height":1080,"url":"https:\/\/swiss-cashback.ch\/wp-content\/uploads\/2025\/05\/Swiss-Cashback.jpg","type":"image\/jpeg"}],"twitter_card":"summary_large_image","schema":{"@context":"https:\/\/schema.org","@graph":[{"@type":"WebPage","@id":"https:\/\/swiss-cashback.ch\/pt-pt\/politica-de-privacidade-verein-swiss-cashback\/","url":"https:\/\/swiss-cashback.ch\/pt-pt\/politica-de-privacidade-verein-swiss-cashback\/","name":"Pol\u00edtica de privacidade - Verein-Swiss-Cashback - Swiss-Cashback","isPartOf":{"@id":"https:\/\/swiss-cashback.ch\/pt-pt\/#website"},"primaryImageOfPage":{"@id":"https:\/\/swiss-cashback.ch\/pt-pt\/politica-de-privacidade-verein-swiss-cashback\/#primaryimage"},"image":{"@id":"https:\/\/swiss-cashback.ch\/pt-pt\/politica-de-privacidade-verein-swiss-cashback\/#primaryimage"},"thumbnailUrl":"https:\/\/swiss-cashback.ch\/wp-content\/uploads\/2025\/05\/Swiss-Cashback.jpg","datePublished":"2025-05-08T14:01:53+00:00","dateModified":"2025-06-10T16:55:55+00:00","breadcrumb":{"@id":"https:\/\/swiss-cashback.ch\/pt-pt\/politica-de-privacidade-verein-swiss-cashback\/#breadcrumb"},"inLanguage":"pt-PT","potentialAction":[{"@type":"ReadAction","target":["https:\/\/swiss-cashback.ch\/pt-pt\/politica-de-privacidade-verein-swiss-cashback\/"]}]},{"@type":"ImageObject","inLanguage":"pt-PT","@id":"https:\/\/swiss-cashback.ch\/pt-pt\/politica-de-privacidade-verein-swiss-cashback\/#primaryimage","url":"https:\/\/swiss-cashback.ch\/wp-content\/uploads\/2025\/05\/Swiss-Cashback.jpg","contentUrl":"https:\/\/swiss-cashback.ch\/wp-content\/uploads\/2025\/05\/Swiss-Cashback.jpg","width":1080,"height":1080},{"@type":"BreadcrumbList","@id":"https:\/\/swiss-cashback.ch\/pt-pt\/politica-de-privacidade-verein-swiss-cashback\/#breadcrumb","itemListElement":[{"@type":"ListItem","position":1,"name":"Home","item":"https:\/\/swiss-cashback.ch\/pt-pt\/swiss-cashback\/"},{"@type":"ListItem","position":2,"name":"Pol\u00edtica de privacidade &#8211; Verein-Swiss-Cashback"}]},{"@type":"WebSite","@id":"https:\/\/swiss-cashback.ch\/pt-pt\/#website","url":"https:\/\/swiss-cashback.ch\/pt-pt\/","name":"Swiss-Cashback","description":"Dein Vorteil. Dein Netzwerk. Dein Einkommen.","publisher":{"@id":"https:\/\/swiss-cashback.ch\/pt-pt\/#organization"},"potentialAction":[{"@type":"SearchAction","target":{"@type":"EntryPoint","urlTemplate":"https:\/\/swiss-cashback.ch\/pt-pt\/?s={search_term_string}"},"query-input":{"@type":"PropertyValueSpecification","valueRequired":true,"valueName":"search_term_string"}}],"inLanguage":"pt-PT"},{"@type":"Organization","@id":"https:\/\/swiss-cashback.ch\/pt-pt\/#organization","name":"Swiss-Cashback","url":"https:\/\/swiss-cashback.ch\/pt-pt\/","logo":{"@type":"ImageObject","inLanguage":"pt-PT","@id":"https:\/\/swiss-cashback.ch\/pt-pt\/#\/schema\/logo\/image\/","url":"https:\/\/swiss-cashback.ch\/wp-content\/uploads\/2025\/05\/Swiss-Cashback.jpg","contentUrl":"https:\/\/swiss-cashback.ch\/wp-content\/uploads\/2025\/05\/Swiss-Cashback.jpg","width":1080,"height":1080,"caption":"Swiss-Cashback"},"image":{"@id":"https:\/\/swiss-cashback.ch\/pt-pt\/#\/schema\/logo\/image\/"}}]}},"_links":{"self":[{"href":"https:\/\/swiss-cashback.ch\/pt-pt\/wp-json\/wp\/v2\/pages\/656","targetHints":{"allow":["GET"]}}],"collection":[{"href":"https:\/\/swiss-cashback.ch\/pt-pt\/wp-json\/wp\/v2\/pages"}],"about":[{"href":"https:\/\/swiss-cashback.ch\/pt-pt\/wp-json\/wp\/v2\/types\/page"}],"author":[{"embeddable":true,"href":"https:\/\/swiss-cashback.ch\/pt-pt\/wp-json\/wp\/v2\/users\/1"}],"replies":[{"embeddable":true,"href":"https:\/\/swiss-cashback.ch\/pt-pt\/wp-json\/wp\/v2\/comments?post=656"}],"version-history":[{"count":4,"href":"https:\/\/swiss-cashback.ch\/pt-pt\/wp-json\/wp\/v2\/pages\/656\/revisions"}],"predecessor-version":[{"id":709,"href":"https:\/\/swiss-cashback.ch\/pt-pt\/wp-json\/wp\/v2\/pages\/656\/revisions\/709"}],"wp:featuredmedia":[{"embeddable":true,"href":"https:\/\/swiss-cashback.ch\/pt-pt\/wp-json\/wp\/v2\/media\/559"}],"wp:attachment":[{"href":"https:\/\/swiss-cashback.ch\/pt-pt\/wp-json\/wp\/v2\/media?parent=656"}],"curies":[{"name":"wp","href":"https:\/\/api.w.org\/{rel}","templated":true}]}}