{"id":1778,"date":"2025-05-27T09:57:00","date_gmt":"2025-05-27T07:57:00","guid":{"rendered":"https:\/\/swiss-cashback.ch\/produkt\/adhesion\/"},"modified":"2026-03-01T17:02:48","modified_gmt":"2026-03-01T15:02:48","slug":"adhesion","status":"publish","type":"product","link":"https:\/\/swiss-cashback.ch\/fr\/produkt\/adhesion\/","title":{"rendered":"Adh\u00e9sion"},"content":{"rendered":"<p data-start=\"564\" data-end=\"632\"><strong data-start=\"564\" data-end=\"632\">Swiss-Cashback &#8211; \u00e9conomiser, gagner et participer dans un seul syst\u00e8me<\/strong><\/p>\n<p data-start=\"634\" data-end=\"788\">Swiss-Cashback est la <strong data-start=\"657\" data-end=\"687\">seule plateforme au monde<\/strong> qui combine <strong data-start=\"693\" data-end=\"713\">avantages d&rsquo;achat<\/strong>, <strong data-start=\"715\" data-end=\"730\">commissions<\/strong> et <strong data-start=\"735\" data-end=\"756\">participation r\u00e9elle<\/strong> dans un syst\u00e8me clair.<\/p>\n<p data-start=\"790\" data-end=\"960\">\ud83d\udecd <strong data-start=\"793\" data-end=\"824\">\u00c9conomiser de l&rsquo;argent en faisant tes achats :<\/strong><br data-start=\"824\" data-end=\"827\" \/>Tu fais de toute fa\u00e7on du shopping &#8211; mais avec Swiss-Cashback <strong data-start=\"878\" data-end=\"928\">, tu \u00e9conomises en moyenne 1&rsquo;000 CHF par an<\/strong>. Sans d\u00e9tours. Sans conditions.<\/p>\n<p data-start=\"962\" data-end=\"1156\">\ud83d\udcb8 <strong data-start=\"965\" data-end=\"1001\">Gagner de l&rsquo;argent avec des recommandations :<\/strong><br data-start=\"1001\" data-end=\"1004\" \/>Recommande Swiss-Cashback et constitue-toi un <strong data-start=\"1052\" data-end=\"1074\">revenu passif<\/strong>.<br data-start=\"1079\" data-end=\"1082\" \/><strong data-start=\"1117\" data-end=\"1144\">C&rsquo;est toi qui d\u00e9cides de la limite<\/strong>, nous n&rsquo;en avons pas.<\/p>\n<p data-start=\"1158\" data-end=\"1395\">\ud83d\udc8e <strong data-start=\"1161\" data-end=\"1197\">Participation avec une vraie valeur ajout\u00e9e :<\/strong><br data-start=\"1197\" data-end=\"1200\" \/>Celui qui comprend le <strong data-start=\"1223\" data-end=\"1245\">mod\u00e8le de participation<\/strong> Swiss-Cashback se rend compte que 390 CHF n&rsquo;est pas le prix, c&rsquo;est <strong>la porte vers la copropri\u00e9t\u00e9<\/strong>, vers de vraies opportunit\u00e9s et <strong data-start=\"1370\" data-end=\"1394\">un retour sur investissement \u00e0 long terme<\/strong>.<\/p>\n<hr data-start=\"1397\" data-end=\"1400\" \/>\n<p data-start=\"1402\" data-end=\"1504\">\u2728 <strong data-start=\"1404\" data-end=\"1452\">Swiss-Cashback &#8211; L&rsquo;avenir des achats.<\/strong><br data-start=\"1452\" data-end=\"1455\" \/>\u00c9conomisez maintenant. Gagner maintenant. Participer maintenant.<\/p>\n","protected":false},"excerpt":{"rendered":"<p>Adh\u00e9sion \u00e0 l&rsquo;association Swiss-Cashback<\/p>\n","protected":false},"featured_media":394,"comment_status":"open","ping_status":"closed","template":"","meta":[],"product_brand":[],"product_cat":[78],"product_tag":[],"class_list":{"0":"post-1778","1":"product","2":"type-product","3":"status-publish","4":"has-post-thumbnail","6":"product_cat-non-classe","8":"first","9":"instock","10":"virtual","11":"taxable","12":"purchasable","13":"product-type-simple"},"yoast_head":"<!-- This site is optimized with the Yoast SEO plugin v27.4 - https:\/\/yoast.com\/product\/yoast-seo-wordpress\/ -->\n<title>Adh\u00e9sion - Swiss-Cashback<\/title>\n<meta name=\"robots\" content=\"index, follow, max-snippet:-1, max-image-preview:large, max-video-preview:-1\" \/>\n<link rel=\"canonical\" href=\"https:\/\/swiss-cashback.ch\/fr\/produkt\/adhesion\/\" \/>\n<meta property=\"og:locale\" content=\"fr_FR\" \/>\n<meta property=\"og:type\" content=\"article\" \/>\n<meta property=\"og:title\" content=\"Adh\u00e9sion - Swiss-Cashback\" \/>\n<meta property=\"og:description\" content=\"Adh\u00e9sion \u00e0 l&#039;association Swiss-Cashback\" \/>\n<meta property=\"og:url\" content=\"https:\/\/swiss-cashback.ch\/fr\/produkt\/adhesion\/\" \/>\n<meta property=\"og:site_name\" content=\"Swiss-Cashback\" \/>\n<meta property=\"article:modified_time\" content=\"2026-03-01T15:02:48+00:00\" \/>\n<meta property=\"og:image\" content=\"https:\/\/swiss-cashback.ch\/wp-content\/uploads\/2025\/05\/Swiss-Cashback-Vorteile-erleben_simple_KMU-Digitalisierung-1030x687.png\" \/>\n\t<meta property=\"og:image:width\" content=\"1030\" \/>\n\t<meta property=\"og:image:height\" content=\"687\" \/>\n\t<meta property=\"og:image:type\" content=\"image\/png\" \/>\n<meta name=\"twitter:card\" content=\"summary_large_image\" \/>\n<meta name=\"twitter:label1\" content=\"Dur\u00e9e de lecture estim\u00e9e\" \/>\n\t<meta name=\"twitter:data1\" content=\"1 minute\" \/>\n<script type=\"application\/ld+json\" class=\"yoast-schema-graph\">{\"@context\":\"https:\\\/\\\/schema.org\",\"@graph\":[{\"@type\":\"WebPage\",\"@id\":\"https:\\\/\\\/swiss-cashback.ch\\\/fr\\\/produkt\\\/adhesion\\\/\",\"url\":\"https:\\\/\\\/swiss-cashback.ch\\\/fr\\\/produkt\\\/adhesion\\\/\",\"name\":\"Adh\u00e9sion - Swiss-Cashback\",\"isPartOf\":{\"@id\":\"https:\\\/\\\/swiss-cashback.ch\\\/fr\\\/#website\"},\"primaryImageOfPage\":{\"@id\":\"https:\\\/\\\/swiss-cashback.ch\\\/fr\\\/produkt\\\/adhesion\\\/#primaryimage\"},\"image\":{\"@id\":\"https:\\\/\\\/swiss-cashback.ch\\\/fr\\\/produkt\\\/adhesion\\\/#primaryimage\"},\"thumbnailUrl\":\"https:\\\/\\\/swiss-cashback.ch\\\/wp-content\\\/uploads\\\/2025\\\/05\\\/Swiss-Cashback-Vorteile-erleben_simple_KMU-Digitalisierung.png\",\"datePublished\":\"2025-05-27T07:57:00+00:00\",\"dateModified\":\"2026-03-01T15:02:48+00:00\",\"breadcrumb\":{\"@id\":\"https:\\\/\\\/swiss-cashback.ch\\\/fr\\\/produkt\\\/adhesion\\\/#breadcrumb\"},\"inLanguage\":\"fr-FR\",\"potentialAction\":[{\"@type\":\"ReadAction\",\"target\":[\"https:\\\/\\\/swiss-cashback.ch\\\/fr\\\/produkt\\\/adhesion\\\/\"]}]},{\"@type\":\"ImageObject\",\"inLanguage\":\"fr-FR\",\"@id\":\"https:\\\/\\\/swiss-cashback.ch\\\/fr\\\/produkt\\\/adhesion\\\/#primaryimage\",\"url\":\"https:\\\/\\\/swiss-cashback.ch\\\/wp-content\\\/uploads\\\/2025\\\/05\\\/Swiss-Cashback-Vorteile-erleben_simple_KMU-Digitalisierung.png\",\"contentUrl\":\"https:\\\/\\\/swiss-cashback.ch\\\/wp-content\\\/uploads\\\/2025\\\/05\\\/Swiss-Cashback-Vorteile-erleben_simple_KMU-Digitalisierung.png\",\"width\":1536,\"height\":1024},{\"@type\":\"BreadcrumbList\",\"@id\":\"https:\\\/\\\/swiss-cashback.ch\\\/fr\\\/produkt\\\/adhesion\\\/#breadcrumb\",\"itemListElement\":[{\"@type\":\"ListItem\",\"position\":1,\"name\":\"Home\",\"item\":\"https:\\\/\\\/swiss-cashback.ch\\\/fr\\\/swiss-cashback\\\/\"},{\"@type\":\"ListItem\",\"position\":2,\"name\":\"Produits\",\"item\":\"https:\\\/\\\/swiss-cashback.ch\\\/fr\\\/shop\\\/\"},{\"@type\":\"ListItem\",\"position\":3,\"name\":\"Adh\u00e9sion\"}]},{\"@type\":\"WebSite\",\"@id\":\"https:\\\/\\\/swiss-cashback.ch\\\/fr\\\/#website\",\"url\":\"https:\\\/\\\/swiss-cashback.ch\\\/fr\\\/\",\"name\":\"Swiss-Cashback\",\"description\":\"Dein Vorteil. Dein Netzwerk. Dein Einkommen.\",\"publisher\":{\"@id\":\"https:\\\/\\\/swiss-cashback.ch\\\/fr\\\/#organization\"},\"potentialAction\":[{\"@type\":\"SearchAction\",\"target\":{\"@type\":\"EntryPoint\",\"urlTemplate\":\"https:\\\/\\\/swiss-cashback.ch\\\/fr\\\/?s={search_term_string}\"},\"query-input\":{\"@type\":\"PropertyValueSpecification\",\"valueRequired\":true,\"valueName\":\"search_term_string\"}}],\"inLanguage\":\"fr-FR\"},{\"@type\":\"Organization\",\"@id\":\"https:\\\/\\\/swiss-cashback.ch\\\/fr\\\/#organization\",\"name\":\"Swiss-Cashback\",\"url\":\"https:\\\/\\\/swiss-cashback.ch\\\/fr\\\/\",\"logo\":{\"@type\":\"ImageObject\",\"inLanguage\":\"fr-FR\",\"@id\":\"https:\\\/\\\/swiss-cashback.ch\\\/fr\\\/#\\\/schema\\\/logo\\\/image\\\/\",\"url\":\"https:\\\/\\\/swiss-cashback.ch\\\/wp-content\\\/uploads\\\/2025\\\/05\\\/Swiss-Cashback.jpg\",\"contentUrl\":\"https:\\\/\\\/swiss-cashback.ch\\\/wp-content\\\/uploads\\\/2025\\\/05\\\/Swiss-Cashback.jpg\",\"width\":1080,\"height\":1080,\"caption\":\"Swiss-Cashback\"},\"image\":{\"@id\":\"https:\\\/\\\/swiss-cashback.ch\\\/fr\\\/#\\\/schema\\\/logo\\\/image\\\/\"}}]}<\/script>\n<!-- \/ Yoast SEO plugin. -->","yoast_head_json":{"title":"Adh\u00e9sion - Swiss-Cashback","robots":{"index":"index","follow":"follow","max-snippet":"max-snippet:-1","max-image-preview":"max-image-preview:large","max-video-preview":"max-video-preview:-1"},"canonical":"https:\/\/swiss-cashback.ch\/fr\/produkt\/adhesion\/","og_locale":"fr_FR","og_type":"article","og_title":"Adh\u00e9sion - Swiss-Cashback","og_description":"Adh\u00e9sion \u00e0 l'association Swiss-Cashback","og_url":"https:\/\/swiss-cashback.ch\/fr\/produkt\/adhesion\/","og_site_name":"Swiss-Cashback","article_modified_time":"2026-03-01T15:02:48+00:00","og_image":[{"width":1030,"height":687,"url":"https:\/\/swiss-cashback.ch\/wp-content\/uploads\/2025\/05\/Swiss-Cashback-Vorteile-erleben_simple_KMU-Digitalisierung-1030x687.png","type":"image\/png"}],"twitter_card":"summary_large_image","twitter_misc":{"Dur\u00e9e de lecture estim\u00e9e":"1 minute"},"schema":{"@context":"https:\/\/schema.org","@graph":[{"@type":"WebPage","@id":"https:\/\/swiss-cashback.ch\/fr\/produkt\/adhesion\/","url":"https:\/\/swiss-cashback.ch\/fr\/produkt\/adhesion\/","name":"Adh\u00e9sion - Swiss-Cashback","isPartOf":{"@id":"https:\/\/swiss-cashback.ch\/fr\/#website"},"primaryImageOfPage":{"@id":"https:\/\/swiss-cashback.ch\/fr\/produkt\/adhesion\/#primaryimage"},"image":{"@id":"https:\/\/swiss-cashback.ch\/fr\/produkt\/adhesion\/#primaryimage"},"thumbnailUrl":"https:\/\/swiss-cashback.ch\/wp-content\/uploads\/2025\/05\/Swiss-Cashback-Vorteile-erleben_simple_KMU-Digitalisierung.png","datePublished":"2025-05-27T07:57:00+00:00","dateModified":"2026-03-01T15:02:48+00:00","breadcrumb":{"@id":"https:\/\/swiss-cashback.ch\/fr\/produkt\/adhesion\/#breadcrumb"},"inLanguage":"fr-FR","potentialAction":[{"@type":"ReadAction","target":["https:\/\/swiss-cashback.ch\/fr\/produkt\/adhesion\/"]}]},{"@type":"ImageObject","inLanguage":"fr-FR","@id":"https:\/\/swiss-cashback.ch\/fr\/produkt\/adhesion\/#primaryimage","url":"https:\/\/swiss-cashback.ch\/wp-content\/uploads\/2025\/05\/Swiss-Cashback-Vorteile-erleben_simple_KMU-Digitalisierung.png","contentUrl":"https:\/\/swiss-cashback.ch\/wp-content\/uploads\/2025\/05\/Swiss-Cashback-Vorteile-erleben_simple_KMU-Digitalisierung.png","width":1536,"height":1024},{"@type":"BreadcrumbList","@id":"https:\/\/swiss-cashback.ch\/fr\/produkt\/adhesion\/#breadcrumb","itemListElement":[{"@type":"ListItem","position":1,"name":"Home","item":"https:\/\/swiss-cashback.ch\/fr\/swiss-cashback\/"},{"@type":"ListItem","position":2,"name":"Produits","item":"https:\/\/swiss-cashback.ch\/fr\/shop\/"},{"@type":"ListItem","position":3,"name":"Adh\u00e9sion"}]},{"@type":"WebSite","@id":"https:\/\/swiss-cashback.ch\/fr\/#website","url":"https:\/\/swiss-cashback.ch\/fr\/","name":"Swiss-Cashback","description":"Dein Vorteil. Dein Netzwerk. Dein Einkommen.","publisher":{"@id":"https:\/\/swiss-cashback.ch\/fr\/#organization"},"potentialAction":[{"@type":"SearchAction","target":{"@type":"EntryPoint","urlTemplate":"https:\/\/swiss-cashback.ch\/fr\/?s={search_term_string}"},"query-input":{"@type":"PropertyValueSpecification","valueRequired":true,"valueName":"search_term_string"}}],"inLanguage":"fr-FR"},{"@type":"Organization","@id":"https:\/\/swiss-cashback.ch\/fr\/#organization","name":"Swiss-Cashback","url":"https:\/\/swiss-cashback.ch\/fr\/","logo":{"@type":"ImageObject","inLanguage":"fr-FR","@id":"https:\/\/swiss-cashback.ch\/fr\/#\/schema\/logo\/image\/","url":"https:\/\/swiss-cashback.ch\/wp-content\/uploads\/2025\/05\/Swiss-Cashback.jpg","contentUrl":"https:\/\/swiss-cashback.ch\/wp-content\/uploads\/2025\/05\/Swiss-Cashback.jpg","width":1080,"height":1080,"caption":"Swiss-Cashback"},"image":{"@id":"https:\/\/swiss-cashback.ch\/fr\/#\/schema\/logo\/image\/"}}]}},"_links":{"self":[{"href":"https:\/\/swiss-cashback.ch\/fr\/wp-json\/wp\/v2\/product\/1778","targetHints":{"allow":["GET"]}}],"collection":[{"href":"https:\/\/swiss-cashback.ch\/fr\/wp-json\/wp\/v2\/product"}],"about":[{"href":"https:\/\/swiss-cashback.ch\/fr\/wp-json\/wp\/v2\/types\/product"}],"replies":[{"embeddable":true,"href":"https:\/\/swiss-cashback.ch\/fr\/wp-json\/wp\/v2\/comments?post=1778"}],"wp:featuredmedia":[{"embeddable":true,"href":"https:\/\/swiss-cashback.ch\/fr\/wp-json\/wp\/v2\/media\/394"}],"wp:attachment":[{"href":"https:\/\/swiss-cashback.ch\/fr\/wp-json\/wp\/v2\/media?parent=1778"}],"wp:term":[{"taxonomy":"product_brand","embeddable":true,"href":"https:\/\/swiss-cashback.ch\/fr\/wp-json\/wp\/v2\/product_brand?post=1778"},{"taxonomy":"product_cat","embeddable":true,"href":"https:\/\/swiss-cashback.ch\/fr\/wp-json\/wp\/v2\/product_cat?post=1778"},{"taxonomy":"product_tag","embeddable":true,"href":"https:\/\/swiss-cashback.ch\/fr\/wp-json\/wp\/v2\/product_tag?post=1778"}],"curies":[{"name":"wp","href":"https:\/\/api.w.org\/{rel}","templated":true}]}}