{"id":442,"date":"2025-05-08T16:01:53","date_gmt":"2025-05-08T14:01:53","guid":{"rendered":"https:\/\/swiss-cashback.ch\/politique-de-confidentialite-verein-swiss-cashback\/"},"modified":"2025-06-10T18:55:23","modified_gmt":"2025-06-10T16:55:23","slug":"politique-de-confidentialite-verein-swiss-cashback","status":"publish","type":"page","link":"https:\/\/swiss-cashback.ch\/fr\/politique-de-confidentialite-verein-swiss-cashback\/","title":{"rendered":"Politique de confidentialit\u00e9 &#8211; Verein-Swiss-Cashback"},"content":{"rendered":"<section  class='av_textblock_section av-makppy49-d15cba5d969ec3dd4575a3675ff6d344 '   itemscope=\"itemscope\" itemtype=\"https:\/\/schema.org\/CreativeWork\" ><div class='avia_textblock'  itemprop=\"text\" ><h2>Politique de confidentialit\u00e9 &#8211; Verein-Swiss-Cashback<\/h2>\n<h3>1) Entit\u00e9 responsable<\/h3>\n<p>Association Swiss-Cashback<br \/>\n14, place des Franciscains<br \/>\n6003 Lucerne<br \/>\nCourrier \u00e9lectronique : info@swiss-cashback.ch<\/p>\n<p>Repr\u00e9sent\u00e9 par le pr\u00e9sident : Hans Peter Rickenbacher<\/p>\n<h3>2. finalit\u00e9 du traitement des donn\u00e9es<\/h3>\n<p>Nous traitons les donn\u00e9es personnelles uniquement \u00e0 des fins de gestion de l&rsquo;association, de<br \/>\ngestion des membres, de communication ainsi que pour la mise en \u0153uvre de nos offres de cashback et de<br \/>\n\u00e9v\u00e9nements dans le cadre des objectifs de notre association, conform\u00e9ment aux articles 60 et suivants. CC.<\/p>\n<h3>3. donn\u00e9es collect\u00e9es<\/h3>\n<p>Nous collectons en particulier<br \/>\n&#8211; Pr\u00e9nom et nom de famille<br \/>\n&#8211; Adresse<br \/>\n&#8211; Num\u00e9ro de t\u00e9l\u00e9phone et adresse \u00e9lectronique<br \/>\n&#8211; Coordonn\u00e9es bancaires (pour les paiements cashback)<br \/>\n&#8211; Donn\u00e9es relatives \u00e0 la participation \u00e0 des \u00e9v\u00e9nements ou \u00e0 des programmes<\/p>\n<h3>4. transmission \u00e0 des tiers<\/h3>\n<p>Une transmission \u00e0 des tiers n&rsquo;a lieu que si elle est n\u00e9cessaire \u00e0 la r\u00e9alisation des objectifs de l&rsquo;association<br \/>\nou s&rsquo;il existe une obligation l\u00e9gale de le faire. Il n&rsquo;y a pas de transmission de donn\u00e9es \u00e0 des fins commerciales. <\/p>\n<h3>5) Conservation et suppression<\/h3>\n<p>Les donn\u00e9es ne sont conserv\u00e9es qu&rsquo;aussi longtemps que n\u00e9cessaire pour les finalit\u00e9s mentionn\u00e9es ou que<br \/>\nest requis par la loi. Elles sont ensuite supprim\u00e9es ou rendues anonymes. <\/p>\n<h3>6. vos droits<\/h3>\n<p>Vous avez le droit d&rsquo;acc\u00e9der \u00e0 vos donn\u00e9es, de les rectifier, de les effacer ou de limiter leur traitement<br \/>\n, ainsi que le droit de vous y opposer. Pour cela, adressez-vous \u00e0 : swisscashback@gmx.ch <\/p>\n<h3>7. modifications<\/h3>\n<p>La pr\u00e9sente d\u00e9claration de confidentialit\u00e9 peut \u00eatre adapt\u00e9e \u00e0 tout moment. La version actuelle est disponible sur demande \u00e0<br \/>\n.<\/p>\n<\/div><\/section>\n","protected":false},"excerpt":{"rendered":"","protected":false},"author":1,"featured_media":388,"parent":0,"menu_order":0,"comment_status":"closed","ping_status":"open","template":"","meta":{"footnotes":""},"class_list":["post-442","page","type-page","status-publish","has-post-thumbnail","hentry"],"yoast_head":"<!-- This site is optimized with the Yoast SEO plugin v27.4 - https:\/\/yoast.com\/product\/yoast-seo-wordpress\/ -->\n<title>Politique de confidentialit\u00e9 - Verein-Swiss-Cashback - Swiss-Cashback<\/title>\n<meta name=\"robots\" content=\"noindex, nofollow\" \/>\n<meta property=\"og:locale\" content=\"fr_FR\" \/>\n<meta property=\"og:type\" content=\"article\" \/>\n<meta property=\"og:title\" content=\"Politique de confidentialit\u00e9 - Verein-Swiss-Cashback - Swiss-Cashback\" \/>\n<meta property=\"og:url\" content=\"https:\/\/swiss-cashback.ch\/fr\/politique-de-confidentialite-verein-swiss-cashback\/\" \/>\n<meta property=\"og:site_name\" content=\"Swiss-Cashback\" \/>\n<meta property=\"article:modified_time\" content=\"2025-06-10T16:55:23+00:00\" \/>\n<meta property=\"og:image\" content=\"https:\/\/swiss-cashback.ch\/wp-content\/uploads\/2025\/05\/Swiss-Cashback.jpg\" \/>\n\t<meta property=\"og:image:width\" content=\"1080\" \/>\n\t<meta property=\"og:image:height\" content=\"1080\" \/>\n\t<meta property=\"og:image:type\" content=\"image\/jpeg\" \/>\n<meta name=\"twitter:card\" content=\"summary_large_image\" \/>\n<meta name=\"twitter:label1\" content=\"Dur\u00e9e de lecture estim\u00e9e\" \/>\n\t<meta name=\"twitter:data1\" content=\"2 minutes\" \/>\n<script type=\"application\/ld+json\" class=\"yoast-schema-graph\">{\"@context\":\"https:\\\/\\\/schema.org\",\"@graph\":[{\"@type\":\"WebPage\",\"@id\":\"https:\\\/\\\/swiss-cashback.ch\\\/fr\\\/politique-de-confidentialite-verein-swiss-cashback\\\/\",\"url\":\"https:\\\/\\\/swiss-cashback.ch\\\/fr\\\/politique-de-confidentialite-verein-swiss-cashback\\\/\",\"name\":\"Politique de confidentialit\u00e9 - Verein-Swiss-Cashback - Swiss-Cashback\",\"isPartOf\":{\"@id\":\"https:\\\/\\\/swiss-cashback.ch\\\/fr\\\/#website\"},\"primaryImageOfPage\":{\"@id\":\"https:\\\/\\\/swiss-cashback.ch\\\/fr\\\/politique-de-confidentialite-verein-swiss-cashback\\\/#primaryimage\"},\"image\":{\"@id\":\"https:\\\/\\\/swiss-cashback.ch\\\/fr\\\/politique-de-confidentialite-verein-swiss-cashback\\\/#primaryimage\"},\"thumbnailUrl\":\"https:\\\/\\\/swiss-cashback.ch\\\/wp-content\\\/uploads\\\/2025\\\/05\\\/Swiss-Cashback.jpg\",\"datePublished\":\"2025-05-08T14:01:53+00:00\",\"dateModified\":\"2025-06-10T16:55:23+00:00\",\"breadcrumb\":{\"@id\":\"https:\\\/\\\/swiss-cashback.ch\\\/fr\\\/politique-de-confidentialite-verein-swiss-cashback\\\/#breadcrumb\"},\"inLanguage\":\"fr-FR\",\"potentialAction\":[{\"@type\":\"ReadAction\",\"target\":[\"https:\\\/\\\/swiss-cashback.ch\\\/fr\\\/politique-de-confidentialite-verein-swiss-cashback\\\/\"]}]},{\"@type\":\"ImageObject\",\"inLanguage\":\"fr-FR\",\"@id\":\"https:\\\/\\\/swiss-cashback.ch\\\/fr\\\/politique-de-confidentialite-verein-swiss-cashback\\\/#primaryimage\",\"url\":\"https:\\\/\\\/swiss-cashback.ch\\\/wp-content\\\/uploads\\\/2025\\\/05\\\/Swiss-Cashback.jpg\",\"contentUrl\":\"https:\\\/\\\/swiss-cashback.ch\\\/wp-content\\\/uploads\\\/2025\\\/05\\\/Swiss-Cashback.jpg\",\"width\":1080,\"height\":1080},{\"@type\":\"BreadcrumbList\",\"@id\":\"https:\\\/\\\/swiss-cashback.ch\\\/fr\\\/politique-de-confidentialite-verein-swiss-cashback\\\/#breadcrumb\",\"itemListElement\":[{\"@type\":\"ListItem\",\"position\":1,\"name\":\"Home\",\"item\":\"https:\\\/\\\/swiss-cashback.ch\\\/fr\\\/swiss-cashback\\\/\"},{\"@type\":\"ListItem\",\"position\":2,\"name\":\"Politique de confidentialit\u00e9 &#8211; Verein-Swiss-Cashback\"}]},{\"@type\":\"WebSite\",\"@id\":\"https:\\\/\\\/swiss-cashback.ch\\\/fr\\\/#website\",\"url\":\"https:\\\/\\\/swiss-cashback.ch\\\/fr\\\/\",\"name\":\"Swiss-Cashback\",\"description\":\"Dein Vorteil. Dein Netzwerk. Dein Einkommen.\",\"publisher\":{\"@id\":\"https:\\\/\\\/swiss-cashback.ch\\\/fr\\\/#organization\"},\"potentialAction\":[{\"@type\":\"SearchAction\",\"target\":{\"@type\":\"EntryPoint\",\"urlTemplate\":\"https:\\\/\\\/swiss-cashback.ch\\\/fr\\\/?s={search_term_string}\"},\"query-input\":{\"@type\":\"PropertyValueSpecification\",\"valueRequired\":true,\"valueName\":\"search_term_string\"}}],\"inLanguage\":\"fr-FR\"},{\"@type\":\"Organization\",\"@id\":\"https:\\\/\\\/swiss-cashback.ch\\\/fr\\\/#organization\",\"name\":\"Swiss-Cashback\",\"url\":\"https:\\\/\\\/swiss-cashback.ch\\\/fr\\\/\",\"logo\":{\"@type\":\"ImageObject\",\"inLanguage\":\"fr-FR\",\"@id\":\"https:\\\/\\\/swiss-cashback.ch\\\/fr\\\/#\\\/schema\\\/logo\\\/image\\\/\",\"url\":\"https:\\\/\\\/swiss-cashback.ch\\\/wp-content\\\/uploads\\\/2025\\\/05\\\/Swiss-Cashback.jpg\",\"contentUrl\":\"https:\\\/\\\/swiss-cashback.ch\\\/wp-content\\\/uploads\\\/2025\\\/05\\\/Swiss-Cashback.jpg\",\"width\":1080,\"height\":1080,\"caption\":\"Swiss-Cashback\"},\"image\":{\"@id\":\"https:\\\/\\\/swiss-cashback.ch\\\/fr\\\/#\\\/schema\\\/logo\\\/image\\\/\"}}]}<\/script>\n<!-- \/ Yoast SEO plugin. -->","yoast_head_json":{"title":"Politique de confidentialit\u00e9 - Verein-Swiss-Cashback - Swiss-Cashback","robots":{"index":"noindex","follow":"nofollow"},"og_locale":"fr_FR","og_type":"article","og_title":"Politique de confidentialit\u00e9 - Verein-Swiss-Cashback - Swiss-Cashback","og_url":"https:\/\/swiss-cashback.ch\/fr\/politique-de-confidentialite-verein-swiss-cashback\/","og_site_name":"Swiss-Cashback","article_modified_time":"2025-06-10T16:55:23+00:00","og_image":[{"width":1080,"height":1080,"url":"https:\/\/swiss-cashback.ch\/wp-content\/uploads\/2025\/05\/Swiss-Cashback.jpg","type":"image\/jpeg"}],"twitter_card":"summary_large_image","twitter_misc":{"Dur\u00e9e de lecture estim\u00e9e":"2 minutes"},"schema":{"@context":"https:\/\/schema.org","@graph":[{"@type":"WebPage","@id":"https:\/\/swiss-cashback.ch\/fr\/politique-de-confidentialite-verein-swiss-cashback\/","url":"https:\/\/swiss-cashback.ch\/fr\/politique-de-confidentialite-verein-swiss-cashback\/","name":"Politique de confidentialit\u00e9 - Verein-Swiss-Cashback - Swiss-Cashback","isPartOf":{"@id":"https:\/\/swiss-cashback.ch\/fr\/#website"},"primaryImageOfPage":{"@id":"https:\/\/swiss-cashback.ch\/fr\/politique-de-confidentialite-verein-swiss-cashback\/#primaryimage"},"image":{"@id":"https:\/\/swiss-cashback.ch\/fr\/politique-de-confidentialite-verein-swiss-cashback\/#primaryimage"},"thumbnailUrl":"https:\/\/swiss-cashback.ch\/wp-content\/uploads\/2025\/05\/Swiss-Cashback.jpg","datePublished":"2025-05-08T14:01:53+00:00","dateModified":"2025-06-10T16:55:23+00:00","breadcrumb":{"@id":"https:\/\/swiss-cashback.ch\/fr\/politique-de-confidentialite-verein-swiss-cashback\/#breadcrumb"},"inLanguage":"fr-FR","potentialAction":[{"@type":"ReadAction","target":["https:\/\/swiss-cashback.ch\/fr\/politique-de-confidentialite-verein-swiss-cashback\/"]}]},{"@type":"ImageObject","inLanguage":"fr-FR","@id":"https:\/\/swiss-cashback.ch\/fr\/politique-de-confidentialite-verein-swiss-cashback\/#primaryimage","url":"https:\/\/swiss-cashback.ch\/wp-content\/uploads\/2025\/05\/Swiss-Cashback.jpg","contentUrl":"https:\/\/swiss-cashback.ch\/wp-content\/uploads\/2025\/05\/Swiss-Cashback.jpg","width":1080,"height":1080},{"@type":"BreadcrumbList","@id":"https:\/\/swiss-cashback.ch\/fr\/politique-de-confidentialite-verein-swiss-cashback\/#breadcrumb","itemListElement":[{"@type":"ListItem","position":1,"name":"Home","item":"https:\/\/swiss-cashback.ch\/fr\/swiss-cashback\/"},{"@type":"ListItem","position":2,"name":"Politique de confidentialit\u00e9 &#8211; Verein-Swiss-Cashback"}]},{"@type":"WebSite","@id":"https:\/\/swiss-cashback.ch\/fr\/#website","url":"https:\/\/swiss-cashback.ch\/fr\/","name":"Swiss-Cashback","description":"Dein Vorteil. Dein Netzwerk. Dein Einkommen.","publisher":{"@id":"https:\/\/swiss-cashback.ch\/fr\/#organization"},"potentialAction":[{"@type":"SearchAction","target":{"@type":"EntryPoint","urlTemplate":"https:\/\/swiss-cashback.ch\/fr\/?s={search_term_string}"},"query-input":{"@type":"PropertyValueSpecification","valueRequired":true,"valueName":"search_term_string"}}],"inLanguage":"fr-FR"},{"@type":"Organization","@id":"https:\/\/swiss-cashback.ch\/fr\/#organization","name":"Swiss-Cashback","url":"https:\/\/swiss-cashback.ch\/fr\/","logo":{"@type":"ImageObject","inLanguage":"fr-FR","@id":"https:\/\/swiss-cashback.ch\/fr\/#\/schema\/logo\/image\/","url":"https:\/\/swiss-cashback.ch\/wp-content\/uploads\/2025\/05\/Swiss-Cashback.jpg","contentUrl":"https:\/\/swiss-cashback.ch\/wp-content\/uploads\/2025\/05\/Swiss-Cashback.jpg","width":1080,"height":1080,"caption":"Swiss-Cashback"},"image":{"@id":"https:\/\/swiss-cashback.ch\/fr\/#\/schema\/logo\/image\/"}}]}},"_links":{"self":[{"href":"https:\/\/swiss-cashback.ch\/fr\/wp-json\/wp\/v2\/pages\/442","targetHints":{"allow":["GET"]}}],"collection":[{"href":"https:\/\/swiss-cashback.ch\/fr\/wp-json\/wp\/v2\/pages"}],"about":[{"href":"https:\/\/swiss-cashback.ch\/fr\/wp-json\/wp\/v2\/types\/page"}],"author":[{"embeddable":true,"href":"https:\/\/swiss-cashback.ch\/fr\/wp-json\/wp\/v2\/users\/1"}],"replies":[{"embeddable":true,"href":"https:\/\/swiss-cashback.ch\/fr\/wp-json\/wp\/v2\/comments?post=442"}],"version-history":[{"count":9,"href":"https:\/\/swiss-cashback.ch\/fr\/wp-json\/wp\/v2\/pages\/442\/revisions"}],"predecessor-version":[{"id":721,"href":"https:\/\/swiss-cashback.ch\/fr\/wp-json\/wp\/v2\/pages\/442\/revisions\/721"}],"wp:featuredmedia":[{"embeddable":true,"href":"https:\/\/swiss-cashback.ch\/fr\/wp-json\/wp\/v2\/media\/388"}],"wp:attachment":[{"href":"https:\/\/swiss-cashback.ch\/fr\/wp-json\/wp\/v2\/media?parent=442"}],"curies":[{"name":"wp","href":"https:\/\/api.w.org\/{rel}","templated":true}]}}