{"id":1869,"date":"2025-05-27T21:03:04","date_gmt":"2025-05-27T19:03:04","guid":{"rendered":"https:\/\/swiss-cashback.ch\/devenir-un-affilie\/"},"modified":"2025-06-19T22:02:37","modified_gmt":"2025-06-19T20:02:37","slug":"devenir-un-affilie","status":"publish","type":"page","link":"https:\/\/swiss-cashback.ch\/fr\/devenir-un-affilie\/","title":{"rendered":"La force de la recommandation &#8211; Swiss-Cashback vous appelle !"},"content":{"rendered":"<p data-start=\"766\" data-end=\"827\"><strong data-start=\"766\" data-end=\"827\">Gagner de l&rsquo;argent avec le programme de recommandation Swiss-Cashback<\/strong><\/p>\n<p data-start=\"829\" data-end=\"963\">Tu souhaites <strong data-start=\"841\" data-end=\"866\">gagner de l&rsquo;argent de mani\u00e8re passive<\/strong> &#8211; simplement, l\u00e9galement et avec m\u00e9thode ?<br data-start=\"899\" data-end=\"902\" \/>Alors commence par le <strong data-start=\"922\" data-end=\"960\">programme de recommandation Swiss-Cashback<\/strong>.<\/p>\n<p data-start=\"965\" data-end=\"1104\">En fonction de ton engagement, tu gagneras <strong data-start=\"1001\" data-end=\"1012\">CHF 1&rsquo;000<\/strong>, <strong data-start=\"1014\" data-end=\"1027\">CHF 10&rsquo;000<\/strong> ou m\u00eame <strong data-start=\"1039\" data-end=\"1059\">plus de CHF 100&rsquo;000<\/strong>.<br data-start=\"1060\" data-end=\"1063\" \/>\u27a1\ufe0f <strong data-start=\"1066\" data-end=\"1104\">Pas de limites &#8211; seulement des possibilit\u00e9s.<\/strong><\/p>\n<hr data-start=\"1106\" data-end=\"1109\" \/>\n<p data-start=\"1111\" data-end=\"1156\"><strong data-start=\"1111\" data-end=\"1156\">Comment fonctionne Swiss-Cashback pour toi ?<\/strong><\/p>\n<p data-start=\"1158\" data-end=\"1309\">\u2714\ufe0f Tu recommandes Swiss-Cashback<br data-start=\"1196\" data-end=\"1199\" \/>\u2714\ufe0f Pour chaque inscription ou vente, tu re\u00e7ois une commission<br data-start=\"1266\" data-end=\"1269\" \/>\u2714\ufe0f Tu d\u00e9cides de ton degr\u00e9 d&rsquo;activit\u00e9<\/p>\n<hr data-start=\"1311\" data-end=\"1314\" \/>\n<p data-start=\"1316\" data-end=\"1335\"><strong data-start=\"1316\" data-end=\"1335\">C&rsquo;est ainsi que tu d\u00e9marres :<\/strong><\/p>\n<p>1. s&rsquo;inscrire gratuitement d\u00e8s maintenant<br \/>\n2. recevoir ton lien de recommandation personnel<br \/>\n3. partager le lien &#8211; par WhatsApp, les m\u00e9dias sociaux ou en personne<br \/>\n4. pour chaque nouveau client, tu re\u00e7ois de l&rsquo;argent sur ton compte<\/p>\n<hr data-start=\"1539\" data-end=\"1542\" \/>\n<p data-start=\"1544\" data-end=\"1630\"><span data-start=\"1547\" data-end=\"1556\">Ps<\/span><strong data-start=\"1547\" data-end=\"1556\">:<\/strong> Les commissions ne sont vers\u00e9es qu&rsquo;aux <strong>partenaires Swiss Cashback confirm\u00e9s<\/strong>.<\/p>\n<p data-start=\"1632\" data-end=\"1712\"><strong data-start=\"1632\" data-end=\"1679\">Inscrivez-vous maintenant &#8211; et saisissez votre chance :<\/strong><\/p>\n\r\n<div class=\"uap-register-form  uap-register-9\">\r\r\n\r\r\n\t\r\n\r\r\n\t<form action=\"\" method=\"post\" name=\"uap_createuser\" id=\"uap_createuser\" class=\"uap-form-create-edit\" enctype=\"multipart\/form-data\"  >\r\r\n\r\r\n\t\t\r\n\r\r\n\t\t\r\n\t\t\t\r\n\t\t\t\t\r\n\t\t\t\t\t<div class=\"uap-form-line-register uap-form-text\" id=\"uap_reg_text_6105\"><input type=\"text\" name=\"user_login\" id=\"uap_user_login_field\" class=\"uap-form-element uap-form-element-text \" value=\"\" placeholder=\"Username*\"   \/><\/div>\r\n\t\t\t\r\n\t\t\t\t\r\n\t\t\t\t\t<div class=\"uap-form-line-register uap-form-text\" id=\"uap_reg_text_7915\"><input type=\"text\" name=\"first_name\" id=\"uap_first_name_field\" class=\"uap-form-element uap-form-element-text \" value=\"\" placeholder=\"First Name*\"   \/><\/div>\r\n\t\t\t\r\n\t\t\t\t\r\n\t\t\t\t\t<div class=\"uap-form-line-register uap-form-text\" id=\"uap_reg_text_9293\"><input type=\"text\" name=\"last_name\" id=\"uap_last_name_field\" class=\"uap-form-element uap-form-element-text \" value=\"\" placeholder=\"Last Name*\"   \/><\/div>\r\n\t\t\t\r\n\t\t\t\t\r\n\t\t\t\t\t<div class=\"uap-form-line-register uap-form-text\" id=\"uap_reg_text_4950\"><input type=\"text\" name=\"user_email\" id=\"uap_user_email_field\" class=\"uap-form-element uap-form-element-text \" value=\"\" placeholder=\"Email*\"   \/><\/div>\r\n\t\t\t\r\n\t\t\t\t\r\n\t\t\t\t\r\n\t\t\t\t\r\n\t\t\t\t\t<div class=\"uap-form-line-register uap-form-password\" id=\"uap_reg_password_915\"><input type=\"password\" name=\"pass1\" id=\"uap_pass1_field\" class=\"uap-form-element uap-form-element-password \" value=\"\" placeholder=\"Password*\"  data-rules=\"6,1\"  autocomplete=\"new-password\" \/><div class=\"uap-strength-wrapper\"><ul class=\"uap-strength\"><li class=\"point\"><\/li><li class=\"point\"><\/li><li class=\"point\"><\/li><li class=\"point\"><\/li><li class=\"point\"><\/li><\/ul><div class=\"uap-strength-label\"><\/div><\/div><\/div>\r\n\t\t\t\r\n\t\t\t\t\r\n\t\t\t\t\t<div class=\"uap-form-line-register uap-form-password\" id=\"uap_reg_password_2892\"><input type=\"password\" name=\"pass2\" id=\"uap_pass2_field\" class=\"uap-form-element uap-form-element-password \" value=\"\" placeholder=\"Password Confirmation*\"  data-rules=\"6,1\"  autocomplete=\"new-password\" \/><div class=\"uap-strength-wrapper\"><ul class=\"uap-strength\"><li class=\"point\"><\/li><li class=\"point\"><\/li><li class=\"point\"><\/li><li class=\"point\"><\/li><li class=\"point\"><\/li><\/ul><div class=\"uap-strength-label\"><\/div><\/div><\/div>\r\n\t\t\t\r\n\t\t\t\t\r\n\t\t\t\t\r\n\t\t\t\t\r\n\t\t\t\t\r\n\t\t\t\t\r\n\t\t\t\t\r\n\t\t\t\t\r\n\t\t\t\t\r\n\t\t\t\t\r\n\t\t\t\t\r\n\t\t\t\t\t<div class=\"uap-form-line-register uap-form-textarea\" id=\"uap_reg_textarea_7208\"><label class=\"uap-labels-register\"> Direkte Einzahlung (Auszahlungsdetails)<\/label><textarea name=\"uap_affiliate_bank_transfer_data\" id=\"uap_uap_affiliate_bank_transfer_data_field\" class=\"uap-form-element uap-form-element-textarea uap-form-textarea \"   ><\/textarea><label class=\"uap-form-sublabel\"> Deine Bankverbindung f\u00fcr \u00dcberweisungen.<\/label><\/div>\r\n\t\t\t\r\n\t\t\t\t\r\n\t\t\t\t\t<div class=\"uap-form-line-register uap-form-textarea\" id=\"uap_reg_textarea_6119\"><label class=\"uap-labels-register\">Wie promotest du uns?<\/label><textarea name=\"how_promote\" id=\"uap_how_promote_field\" class=\"uap-form-element uap-form-element-textarea uap-form-textarea \"   ><\/textarea><label class=\"uap-form-sublabel\">Wie gedenkst du Swiss-Cashback zu bewerben? Mach ein paar Beispiele.<\/label><\/div>\r\n\t\t\t\r\n\t\t\t\t\r\n\t\t\t\t\t<div class=\"uap-tos-wrap\" id=\"uap_tos_field_parent_601\"><input type=\"checkbox\" value=\"1\" name=\"tos\" class=\"\" \/><a href=\"https:\/\/swiss-cashback.ch\/affiliate-tos-page\/\" target=\"_blank\">Accept our Terms&Conditions<\/a><\/div>\r\n\t\t\t\r\n\t\t\t\t\r\n\t\t\t\t\r\n\t\t\t\t\r\n\t\t\t\t\r\n\t\t\r\n\t\t\r\n\t\t\r\n\t\t\r\n\t\t\t\r\n\t\t\t\t<input type='hidden' name='uap_user_add_edit_nonce' value='d59ce301fa' \/>\r\n\t\t\t\r\n\t\t\t\t<input type=\"hidden\" name=\"uapaction\" id=\"uap_uapaction_field\" class=\"uap-form-element uap-form-element-hidden \" value=\"register\"  \/>\r\n\t\t\t\r\n\t\t\r\n\r\r\n\t\t\r\n\r\r\n\t\t\r\n\r\r\n\t\t<div class=\"uap-submit-form\">\r\r\n\t\t\t<input type=\"submit\" value=\"Register\" name=\"Submit\" id=\"uap_submit_bttn\" class=\"uap-form-element uap-form-element-submit \"   \/>\r\n\t\t<\/div>\r\r\n\r\r\n        \r\n\r\r\n\t\t\r\n\r\r\n\t\t\r\n\r\r\n\t<\/form>\r\r\n<\/div>\r\r\n\r\r\n\r\n\t\r\n\r\n\n","protected":false},"excerpt":{"rendered":"<p>Gagner de l&rsquo;argent avec le programme de recommandation Swiss-Cashback Tu souhaites gagner de l&rsquo;argent de mani\u00e8re passive &#8211; simplement, l\u00e9galement et avec m\u00e9thode ?Alors commence par le programme de recommandation Swiss-Cashback. En fonction de ton engagement, tu gagneras CHF 1&rsquo;000, CHF 10&rsquo;000 ou m\u00eame plus de CHF 100&rsquo;000.\u27a1\ufe0f Pas de limites &#8211; seulement des possibilit\u00e9s. [&hellip;]<\/p>\n","protected":false},"author":2,"featured_media":0,"parent":0,"menu_order":0,"comment_status":"closed","ping_status":"closed","template":"","meta":{"footnotes":""},"class_list":["post-1869","page","type-page","status-publish","hentry"],"yoast_head":"<!-- This site is optimized with the Yoast SEO plugin v27.4 - https:\/\/yoast.com\/product\/yoast-seo-wordpress\/ -->\n<title>La force de la recommandation - Swiss-Cashback vous appelle ! - Swiss-Cashback<\/title>\n<meta name=\"robots\" content=\"index, follow, max-snippet:-1, max-image-preview:large, max-video-preview:-1\" \/>\n<link rel=\"canonical\" href=\"https:\/\/swiss-cashback.ch\/fr\/devenir-un-affilie\/\" \/>\n<meta property=\"og:locale\" content=\"fr_FR\" \/>\n<meta property=\"og:type\" content=\"article\" \/>\n<meta property=\"og:title\" content=\"La force de la recommandation - Swiss-Cashback vous appelle ! - Swiss-Cashback\" \/>\n<meta property=\"og:description\" content=\"Gagner de l&rsquo;argent avec le programme de recommandation Swiss-Cashback Tu souhaites gagner de l&rsquo;argent de mani\u00e8re passive &#8211; simplement, l\u00e9galement et avec m\u00e9thode ?Alors commence par le programme de recommandation Swiss-Cashback. En fonction de ton engagement, tu gagneras CHF 1&rsquo;000, CHF 10&rsquo;000 ou m\u00eame plus de CHF 100&rsquo;000.\u27a1\ufe0f Pas de limites &#8211; seulement des possibilit\u00e9s. [&hellip;]\" \/>\n<meta property=\"og:url\" content=\"https:\/\/swiss-cashback.ch\/fr\/devenir-un-affilie\/\" \/>\n<meta property=\"og:site_name\" content=\"Swiss-Cashback\" \/>\n<meta property=\"article:modified_time\" content=\"2025-06-19T20:02:37+00:00\" \/>\n<meta name=\"twitter:card\" content=\"summary_large_image\" \/>\n<meta name=\"twitter:label1\" content=\"Dur\u00e9e de lecture estim\u00e9e\" \/>\n\t<meta name=\"twitter:data1\" content=\"1 minute\" \/>\n<script type=\"application\/ld+json\" class=\"yoast-schema-graph\">{\"@context\":\"https:\\\/\\\/schema.org\",\"@graph\":[{\"@type\":\"WebPage\",\"@id\":\"https:\\\/\\\/swiss-cashback.ch\\\/fr\\\/devenir-un-affilie\\\/\",\"url\":\"https:\\\/\\\/swiss-cashback.ch\\\/fr\\\/devenir-un-affilie\\\/\",\"name\":\"La force de la recommandation - Swiss-Cashback vous appelle ! - Swiss-Cashback\",\"isPartOf\":{\"@id\":\"https:\\\/\\\/swiss-cashback.ch\\\/fr\\\/#website\"},\"datePublished\":\"2025-05-27T19:03:04+00:00\",\"dateModified\":\"2025-06-19T20:02:37+00:00\",\"breadcrumb\":{\"@id\":\"https:\\\/\\\/swiss-cashback.ch\\\/fr\\\/devenir-un-affilie\\\/#breadcrumb\"},\"inLanguage\":\"fr-FR\",\"potentialAction\":[{\"@type\":\"ReadAction\",\"target\":[\"https:\\\/\\\/swiss-cashback.ch\\\/fr\\\/devenir-un-affilie\\\/\"]}]},{\"@type\":\"BreadcrumbList\",\"@id\":\"https:\\\/\\\/swiss-cashback.ch\\\/fr\\\/devenir-un-affilie\\\/#breadcrumb\",\"itemListElement\":[{\"@type\":\"ListItem\",\"position\":1,\"name\":\"Home\",\"item\":\"https:\\\/\\\/swiss-cashback.ch\\\/fr\\\/swiss-cashback\\\/\"},{\"@type\":\"ListItem\",\"position\":2,\"name\":\"La force de la recommandation &#8211; Swiss-Cashback vous appelle !\"}]},{\"@type\":\"WebSite\",\"@id\":\"https:\\\/\\\/swiss-cashback.ch\\\/fr\\\/#website\",\"url\":\"https:\\\/\\\/swiss-cashback.ch\\\/fr\\\/\",\"name\":\"Swiss-Cashback\",\"description\":\"Dein Vorteil. Dein Netzwerk. Dein Einkommen.\",\"publisher\":{\"@id\":\"https:\\\/\\\/swiss-cashback.ch\\\/fr\\\/#organization\"},\"potentialAction\":[{\"@type\":\"SearchAction\",\"target\":{\"@type\":\"EntryPoint\",\"urlTemplate\":\"https:\\\/\\\/swiss-cashback.ch\\\/fr\\\/?s={search_term_string}\"},\"query-input\":{\"@type\":\"PropertyValueSpecification\",\"valueRequired\":true,\"valueName\":\"search_term_string\"}}],\"inLanguage\":\"fr-FR\"},{\"@type\":\"Organization\",\"@id\":\"https:\\\/\\\/swiss-cashback.ch\\\/fr\\\/#organization\",\"name\":\"Swiss-Cashback\",\"url\":\"https:\\\/\\\/swiss-cashback.ch\\\/fr\\\/\",\"logo\":{\"@type\":\"ImageObject\",\"inLanguage\":\"fr-FR\",\"@id\":\"https:\\\/\\\/swiss-cashback.ch\\\/fr\\\/#\\\/schema\\\/logo\\\/image\\\/\",\"url\":\"https:\\\/\\\/swiss-cashback.ch\\\/wp-content\\\/uploads\\\/2025\\\/05\\\/Swiss-Cashback.jpg\",\"contentUrl\":\"https:\\\/\\\/swiss-cashback.ch\\\/wp-content\\\/uploads\\\/2025\\\/05\\\/Swiss-Cashback.jpg\",\"width\":1080,\"height\":1080,\"caption\":\"Swiss-Cashback\"},\"image\":{\"@id\":\"https:\\\/\\\/swiss-cashback.ch\\\/fr\\\/#\\\/schema\\\/logo\\\/image\\\/\"}}]}<\/script>\n<!-- \/ Yoast SEO plugin. -->","yoast_head_json":{"title":"La force de la recommandation - Swiss-Cashback vous appelle ! - Swiss-Cashback","robots":{"index":"index","follow":"follow","max-snippet":"max-snippet:-1","max-image-preview":"max-image-preview:large","max-video-preview":"max-video-preview:-1"},"canonical":"https:\/\/swiss-cashback.ch\/fr\/devenir-un-affilie\/","og_locale":"fr_FR","og_type":"article","og_title":"La force de la recommandation - Swiss-Cashback vous appelle ! - Swiss-Cashback","og_description":"Gagner de l&rsquo;argent avec le programme de recommandation Swiss-Cashback Tu souhaites gagner de l&rsquo;argent de mani\u00e8re passive &#8211; simplement, l\u00e9galement et avec m\u00e9thode ?Alors commence par le programme de recommandation Swiss-Cashback. En fonction de ton engagement, tu gagneras CHF 1&rsquo;000, CHF 10&rsquo;000 ou m\u00eame plus de CHF 100&rsquo;000.\u27a1\ufe0f Pas de limites &#8211; seulement des possibilit\u00e9s. [&hellip;]","og_url":"https:\/\/swiss-cashback.ch\/fr\/devenir-un-affilie\/","og_site_name":"Swiss-Cashback","article_modified_time":"2025-06-19T20:02:37+00:00","twitter_card":"summary_large_image","twitter_misc":{"Dur\u00e9e de lecture estim\u00e9e":"1 minute"},"schema":{"@context":"https:\/\/schema.org","@graph":[{"@type":"WebPage","@id":"https:\/\/swiss-cashback.ch\/fr\/devenir-un-affilie\/","url":"https:\/\/swiss-cashback.ch\/fr\/devenir-un-affilie\/","name":"La force de la recommandation - Swiss-Cashback vous appelle ! - Swiss-Cashback","isPartOf":{"@id":"https:\/\/swiss-cashback.ch\/fr\/#website"},"datePublished":"2025-05-27T19:03:04+00:00","dateModified":"2025-06-19T20:02:37+00:00","breadcrumb":{"@id":"https:\/\/swiss-cashback.ch\/fr\/devenir-un-affilie\/#breadcrumb"},"inLanguage":"fr-FR","potentialAction":[{"@type":"ReadAction","target":["https:\/\/swiss-cashback.ch\/fr\/devenir-un-affilie\/"]}]},{"@type":"BreadcrumbList","@id":"https:\/\/swiss-cashback.ch\/fr\/devenir-un-affilie\/#breadcrumb","itemListElement":[{"@type":"ListItem","position":1,"name":"Home","item":"https:\/\/swiss-cashback.ch\/fr\/swiss-cashback\/"},{"@type":"ListItem","position":2,"name":"La force de la recommandation &#8211; Swiss-Cashback vous appelle !"}]},{"@type":"WebSite","@id":"https:\/\/swiss-cashback.ch\/fr\/#website","url":"https:\/\/swiss-cashback.ch\/fr\/","name":"Swiss-Cashback","description":"Dein Vorteil. Dein Netzwerk. Dein Einkommen.","publisher":{"@id":"https:\/\/swiss-cashback.ch\/fr\/#organization"},"potentialAction":[{"@type":"SearchAction","target":{"@type":"EntryPoint","urlTemplate":"https:\/\/swiss-cashback.ch\/fr\/?s={search_term_string}"},"query-input":{"@type":"PropertyValueSpecification","valueRequired":true,"valueName":"search_term_string"}}],"inLanguage":"fr-FR"},{"@type":"Organization","@id":"https:\/\/swiss-cashback.ch\/fr\/#organization","name":"Swiss-Cashback","url":"https:\/\/swiss-cashback.ch\/fr\/","logo":{"@type":"ImageObject","inLanguage":"fr-FR","@id":"https:\/\/swiss-cashback.ch\/fr\/#\/schema\/logo\/image\/","url":"https:\/\/swiss-cashback.ch\/wp-content\/uploads\/2025\/05\/Swiss-Cashback.jpg","contentUrl":"https:\/\/swiss-cashback.ch\/wp-content\/uploads\/2025\/05\/Swiss-Cashback.jpg","width":1080,"height":1080,"caption":"Swiss-Cashback"},"image":{"@id":"https:\/\/swiss-cashback.ch\/fr\/#\/schema\/logo\/image\/"}}]}},"_links":{"self":[{"href":"https:\/\/swiss-cashback.ch\/fr\/wp-json\/wp\/v2\/pages\/1869","targetHints":{"allow":["GET"]}}],"collection":[{"href":"https:\/\/swiss-cashback.ch\/fr\/wp-json\/wp\/v2\/pages"}],"about":[{"href":"https:\/\/swiss-cashback.ch\/fr\/wp-json\/wp\/v2\/types\/page"}],"author":[{"embeddable":true,"href":"https:\/\/swiss-cashback.ch\/fr\/wp-json\/wp\/v2\/users\/2"}],"replies":[{"embeddable":true,"href":"https:\/\/swiss-cashback.ch\/fr\/wp-json\/wp\/v2\/comments?post=1869"}],"version-history":[{"count":10,"href":"https:\/\/swiss-cashback.ch\/fr\/wp-json\/wp\/v2\/pages\/1869\/revisions"}],"predecessor-version":[{"id":3585,"href":"https:\/\/swiss-cashback.ch\/fr\/wp-json\/wp\/v2\/pages\/1869\/revisions\/3585"}],"wp:attachment":[{"href":"https:\/\/swiss-cashback.ch\/fr\/wp-json\/wp\/v2\/media?parent=1869"}],"curies":[{"name":"wp","href":"https:\/\/api.w.org\/{rel}","templated":true}]}}