{"id":1780,"date":"2025-05-27T09:57:00","date_gmt":"2025-05-27T07:57:00","guid":{"rendered":"https:\/\/swiss-cashback.ch\/produkt\/afiliacion\/"},"modified":"2025-06-18T17:41:07","modified_gmt":"2025-06-18T15:41:07","slug":"afiliacion","status":"publish","type":"product","link":"https:\/\/swiss-cashback.ch\/es\/produkt\/afiliacion\/","title":{"rendered":"Afiliaci\u00f3n"},"content":{"rendered":"<p data-start=\"564\" data-end=\"632\"><strong data-start=\"564\" data-end=\"632\">Swiss-Cashback: ahorrar, ganar y participar en un solo sistema<\/strong><\/p>\n<p data-start=\"634\" data-end=\"788\">Swiss-Cashback es la <strong data-start=\"657\" data-end=\"687\">\u00fanica plataforma del mundo<\/strong> que combina <strong data-start=\"693\" data-end=\"713\">ventajas de compra<\/strong>, <strong data-start=\"715\" data-end=\"730\">comisiones<\/strong> y <strong data-start=\"735\" data-end=\"756\">participaci\u00f3n real<\/strong> en un sistema claro.<\/p>\n<p data-start=\"790\" data-end=\"960\"><strong data-start=\"793\" data-end=\"824\">\ud83d\udecd Ahorra dinero cuando compras:<\/strong><br data-start=\"824\" data-end=\"827\" \/>Vas de compras de todas formas &#8211; pero con Swiss-Cashback <strong data-start=\"878\" data-end=\"928\">ahorras una media de 1.000 CHF al a\u00f1o<\/strong>. Sin rodeos. Sin condiciones.<\/p>\n<p data-start=\"962\" data-end=\"1156\">\ud83d\udcb8 <strong data-start=\"965\" data-end=\"1001\">Gane dinero con los referidos:<\/strong><br data-start=\"1001\" data-end=\"1004\" \/>Recomiende Swiss-Cashback a otras personas y acumule <strong data-start=\"1052\" data-end=\"1074\">ingresos pasivos<\/strong>.<br data-start=\"1079\" data-end=\"1082\" \/>\u00bf100, 10.000 o 100.000 CHF? <strong data-start=\"1117\" data-end=\"1144\">T\u00fa pones el l\u00edmite<\/strong>, nosotros no tenemos ninguno.<\/p>\n<p data-start=\"1158\" data-end=\"1395\">\ud83d\udc8e <strong data-start=\"1161\" data-end=\"1197\">Participaci\u00f3n con valor a\u00f1adido real:<\/strong><br data-start=\"1197\" data-end=\"1200\" \/>Cualquiera que entienda el <strong data-start=\"1223\" data-end=\"1245\">modelo de participaci\u00f3n<\/strong> Swiss-Cashback reconoce que 490 CHF no es el precio, es <strong>la puerta de entrada a la copropiedad<\/strong>, a oportunidades reales y a <strong data-start=\"1370\" data-end=\"1394\">rendimientos a largo plazo<\/strong>.<\/p>\n<hr data-start=\"1397\" data-end=\"1400\" \/>\n<p data-start=\"1402\" data-end=\"1504\">\u2728 <strong data-start=\"1404\" data-end=\"1452\">Swiss-Cashback &#8211; El futuro de las compras.<\/strong><br data-start=\"1452\" data-end=\"1455\" \/>Ahorre ahora. Gane ahora. Forme parte ahora.<\/p>\n","protected":false},"excerpt":{"rendered":"<p>Afiliaci\u00f3n a la Asociaci\u00f3n Suiza-Cashback<\/p>\n","protected":false},"featured_media":587,"comment_status":"open","ping_status":"closed","template":"","meta":[],"product_brand":[],"product_cat":[80],"product_tag":[],"class_list":{"0":"post-1780","1":"product","2":"type-product","3":"status-publish","4":"has-post-thumbnail","6":"product_cat-sin-categoria","8":"first","9":"instock","10":"virtual","11":"taxable","12":"purchasable","13":"product-type-simple"},"yoast_head":"<!-- This site is optimized with the Yoast SEO plugin v27.4 - https:\/\/yoast.com\/product\/yoast-seo-wordpress\/ -->\n<title>Afiliaci\u00f3n - Swiss-Cashback<\/title>\n<meta name=\"robots\" content=\"index, follow, max-snippet:-1, max-image-preview:large, max-video-preview:-1\" \/>\n<link rel=\"canonical\" href=\"https:\/\/swiss-cashback.ch\/es\/produkt\/afiliacion\/\" \/>\n<meta property=\"og:locale\" content=\"es_ES\" \/>\n<meta property=\"og:type\" content=\"article\" \/>\n<meta property=\"og:title\" content=\"Afiliaci\u00f3n - Swiss-Cashback\" \/>\n<meta property=\"og:description\" content=\"Afiliaci\u00f3n a la Asociaci\u00f3n Suiza-Cashback\" \/>\n<meta property=\"og:url\" content=\"https:\/\/swiss-cashback.ch\/es\/produkt\/afiliacion\/\" \/>\n<meta property=\"og:site_name\" content=\"Swiss-Cashback\" \/>\n<meta property=\"article:modified_time\" content=\"2025-06-18T15:41:07+00:00\" \/>\n<meta property=\"og:image\" content=\"https:\/\/swiss-cashback.ch\/wp-content\/uploads\/2025\/05\/Swiss-Cashback-Vorteile-erleben_simple_KMU-Digitalisierung-1030x687.png\" \/>\n\t<meta property=\"og:image:width\" content=\"1030\" \/>\n\t<meta property=\"og:image:height\" content=\"687\" \/>\n\t<meta property=\"og:image:type\" content=\"image\/png\" \/>\n<meta name=\"twitter:card\" content=\"summary_large_image\" \/>\n<meta name=\"twitter:label1\" content=\"Tiempo de lectura\" \/>\n\t<meta name=\"twitter:data1\" content=\"1 minuto\" \/>\n<script type=\"application\/ld+json\" class=\"yoast-schema-graph\">{\"@context\":\"https:\\\/\\\/schema.org\",\"@graph\":[{\"@type\":\"WebPage\",\"@id\":\"https:\\\/\\\/swiss-cashback.ch\\\/es\\\/produkt\\\/afiliacion\\\/\",\"url\":\"https:\\\/\\\/swiss-cashback.ch\\\/es\\\/produkt\\\/afiliacion\\\/\",\"name\":\"Afiliaci\u00f3n - Swiss-Cashback\",\"isPartOf\":{\"@id\":\"https:\\\/\\\/swiss-cashback.ch\\\/es\\\/#website\"},\"primaryImageOfPage\":{\"@id\":\"https:\\\/\\\/swiss-cashback.ch\\\/es\\\/produkt\\\/afiliacion\\\/#primaryimage\"},\"image\":{\"@id\":\"https:\\\/\\\/swiss-cashback.ch\\\/es\\\/produkt\\\/afiliacion\\\/#primaryimage\"},\"thumbnailUrl\":\"https:\\\/\\\/swiss-cashback.ch\\\/wp-content\\\/uploads\\\/2025\\\/05\\\/Swiss-Cashback-Vorteile-erleben_simple_KMU-Digitalisierung.png\",\"datePublished\":\"2025-05-27T07:57:00+00:00\",\"dateModified\":\"2025-06-18T15:41:07+00:00\",\"breadcrumb\":{\"@id\":\"https:\\\/\\\/swiss-cashback.ch\\\/es\\\/produkt\\\/afiliacion\\\/#breadcrumb\"},\"inLanguage\":\"es\",\"potentialAction\":[{\"@type\":\"ReadAction\",\"target\":[\"https:\\\/\\\/swiss-cashback.ch\\\/es\\\/produkt\\\/afiliacion\\\/\"]}]},{\"@type\":\"ImageObject\",\"inLanguage\":\"es\",\"@id\":\"https:\\\/\\\/swiss-cashback.ch\\\/es\\\/produkt\\\/afiliacion\\\/#primaryimage\",\"url\":\"https:\\\/\\\/swiss-cashback.ch\\\/wp-content\\\/uploads\\\/2025\\\/05\\\/Swiss-Cashback-Vorteile-erleben_simple_KMU-Digitalisierung.png\",\"contentUrl\":\"https:\\\/\\\/swiss-cashback.ch\\\/wp-content\\\/uploads\\\/2025\\\/05\\\/Swiss-Cashback-Vorteile-erleben_simple_KMU-Digitalisierung.png\",\"width\":1536,\"height\":1024},{\"@type\":\"BreadcrumbList\",\"@id\":\"https:\\\/\\\/swiss-cashback.ch\\\/es\\\/produkt\\\/afiliacion\\\/#breadcrumb\",\"itemListElement\":[{\"@type\":\"ListItem\",\"position\":1,\"name\":\"Home\",\"item\":\"https:\\\/\\\/swiss-cashback.ch\\\/es\\\/swiss-cashback\\\/\"},{\"@type\":\"ListItem\",\"position\":2,\"name\":\"Productos\",\"item\":\"https:\\\/\\\/swiss-cashback.ch\\\/es\\\/shop\\\/\"},{\"@type\":\"ListItem\",\"position\":3,\"name\":\"Afiliaci\u00f3n\"}]},{\"@type\":\"WebSite\",\"@id\":\"https:\\\/\\\/swiss-cashback.ch\\\/es\\\/#website\",\"url\":\"https:\\\/\\\/swiss-cashback.ch\\\/es\\\/\",\"name\":\"Swiss-Cashback\",\"description\":\"Dein Vorteil. Dein Netzwerk. Dein Einkommen.\",\"publisher\":{\"@id\":\"https:\\\/\\\/swiss-cashback.ch\\\/es\\\/#organization\"},\"potentialAction\":[{\"@type\":\"SearchAction\",\"target\":{\"@type\":\"EntryPoint\",\"urlTemplate\":\"https:\\\/\\\/swiss-cashback.ch\\\/es\\\/?s={search_term_string}\"},\"query-input\":{\"@type\":\"PropertyValueSpecification\",\"valueRequired\":true,\"valueName\":\"search_term_string\"}}],\"inLanguage\":\"es\"},{\"@type\":\"Organization\",\"@id\":\"https:\\\/\\\/swiss-cashback.ch\\\/es\\\/#organization\",\"name\":\"Swiss-Cashback\",\"url\":\"https:\\\/\\\/swiss-cashback.ch\\\/es\\\/\",\"logo\":{\"@type\":\"ImageObject\",\"inLanguage\":\"es\",\"@id\":\"https:\\\/\\\/swiss-cashback.ch\\\/es\\\/#\\\/schema\\\/logo\\\/image\\\/\",\"url\":\"https:\\\/\\\/swiss-cashback.ch\\\/wp-content\\\/uploads\\\/2025\\\/05\\\/Swiss-Cashback.jpg\",\"contentUrl\":\"https:\\\/\\\/swiss-cashback.ch\\\/wp-content\\\/uploads\\\/2025\\\/05\\\/Swiss-Cashback.jpg\",\"width\":1080,\"height\":1080,\"caption\":\"Swiss-Cashback\"},\"image\":{\"@id\":\"https:\\\/\\\/swiss-cashback.ch\\\/es\\\/#\\\/schema\\\/logo\\\/image\\\/\"}}]}<\/script>\n<!-- \/ Yoast SEO plugin. -->","yoast_head_json":{"title":"Afiliaci\u00f3n - Swiss-Cashback","robots":{"index":"index","follow":"follow","max-snippet":"max-snippet:-1","max-image-preview":"max-image-preview:large","max-video-preview":"max-video-preview:-1"},"canonical":"https:\/\/swiss-cashback.ch\/es\/produkt\/afiliacion\/","og_locale":"es_ES","og_type":"article","og_title":"Afiliaci\u00f3n - Swiss-Cashback","og_description":"Afiliaci\u00f3n a la Asociaci\u00f3n Suiza-Cashback","og_url":"https:\/\/swiss-cashback.ch\/es\/produkt\/afiliacion\/","og_site_name":"Swiss-Cashback","article_modified_time":"2025-06-18T15:41:07+00:00","og_image":[{"width":1030,"height":687,"url":"https:\/\/swiss-cashback.ch\/wp-content\/uploads\/2025\/05\/Swiss-Cashback-Vorteile-erleben_simple_KMU-Digitalisierung-1030x687.png","type":"image\/png"}],"twitter_card":"summary_large_image","twitter_misc":{"Tiempo de lectura":"1 minuto"},"schema":{"@context":"https:\/\/schema.org","@graph":[{"@type":"WebPage","@id":"https:\/\/swiss-cashback.ch\/es\/produkt\/afiliacion\/","url":"https:\/\/swiss-cashback.ch\/es\/produkt\/afiliacion\/","name":"Afiliaci\u00f3n - Swiss-Cashback","isPartOf":{"@id":"https:\/\/swiss-cashback.ch\/es\/#website"},"primaryImageOfPage":{"@id":"https:\/\/swiss-cashback.ch\/es\/produkt\/afiliacion\/#primaryimage"},"image":{"@id":"https:\/\/swiss-cashback.ch\/es\/produkt\/afiliacion\/#primaryimage"},"thumbnailUrl":"https:\/\/swiss-cashback.ch\/wp-content\/uploads\/2025\/05\/Swiss-Cashback-Vorteile-erleben_simple_KMU-Digitalisierung.png","datePublished":"2025-05-27T07:57:00+00:00","dateModified":"2025-06-18T15:41:07+00:00","breadcrumb":{"@id":"https:\/\/swiss-cashback.ch\/es\/produkt\/afiliacion\/#breadcrumb"},"inLanguage":"es","potentialAction":[{"@type":"ReadAction","target":["https:\/\/swiss-cashback.ch\/es\/produkt\/afiliacion\/"]}]},{"@type":"ImageObject","inLanguage":"es","@id":"https:\/\/swiss-cashback.ch\/es\/produkt\/afiliacion\/#primaryimage","url":"https:\/\/swiss-cashback.ch\/wp-content\/uploads\/2025\/05\/Swiss-Cashback-Vorteile-erleben_simple_KMU-Digitalisierung.png","contentUrl":"https:\/\/swiss-cashback.ch\/wp-content\/uploads\/2025\/05\/Swiss-Cashback-Vorteile-erleben_simple_KMU-Digitalisierung.png","width":1536,"height":1024},{"@type":"BreadcrumbList","@id":"https:\/\/swiss-cashback.ch\/es\/produkt\/afiliacion\/#breadcrumb","itemListElement":[{"@type":"ListItem","position":1,"name":"Home","item":"https:\/\/swiss-cashback.ch\/es\/swiss-cashback\/"},{"@type":"ListItem","position":2,"name":"Productos","item":"https:\/\/swiss-cashback.ch\/es\/shop\/"},{"@type":"ListItem","position":3,"name":"Afiliaci\u00f3n"}]},{"@type":"WebSite","@id":"https:\/\/swiss-cashback.ch\/es\/#website","url":"https:\/\/swiss-cashback.ch\/es\/","name":"Swiss-Cashback","description":"Dein Vorteil. Dein Netzwerk. Dein Einkommen.","publisher":{"@id":"https:\/\/swiss-cashback.ch\/es\/#organization"},"potentialAction":[{"@type":"SearchAction","target":{"@type":"EntryPoint","urlTemplate":"https:\/\/swiss-cashback.ch\/es\/?s={search_term_string}"},"query-input":{"@type":"PropertyValueSpecification","valueRequired":true,"valueName":"search_term_string"}}],"inLanguage":"es"},{"@type":"Organization","@id":"https:\/\/swiss-cashback.ch\/es\/#organization","name":"Swiss-Cashback","url":"https:\/\/swiss-cashback.ch\/es\/","logo":{"@type":"ImageObject","inLanguage":"es","@id":"https:\/\/swiss-cashback.ch\/es\/#\/schema\/logo\/image\/","url":"https:\/\/swiss-cashback.ch\/wp-content\/uploads\/2025\/05\/Swiss-Cashback.jpg","contentUrl":"https:\/\/swiss-cashback.ch\/wp-content\/uploads\/2025\/05\/Swiss-Cashback.jpg","width":1080,"height":1080,"caption":"Swiss-Cashback"},"image":{"@id":"https:\/\/swiss-cashback.ch\/es\/#\/schema\/logo\/image\/"}}]}},"_links":{"self":[{"href":"https:\/\/swiss-cashback.ch\/es\/wp-json\/wp\/v2\/product\/1780","targetHints":{"allow":["GET"]}}],"collection":[{"href":"https:\/\/swiss-cashback.ch\/es\/wp-json\/wp\/v2\/product"}],"about":[{"href":"https:\/\/swiss-cashback.ch\/es\/wp-json\/wp\/v2\/types\/product"}],"replies":[{"embeddable":true,"href":"https:\/\/swiss-cashback.ch\/es\/wp-json\/wp\/v2\/comments?post=1780"}],"wp:featuredmedia":[{"embeddable":true,"href":"https:\/\/swiss-cashback.ch\/es\/wp-json\/wp\/v2\/media\/587"}],"wp:attachment":[{"href":"https:\/\/swiss-cashback.ch\/es\/wp-json\/wp\/v2\/media?parent=1780"}],"wp:term":[{"taxonomy":"product_brand","embeddable":true,"href":"https:\/\/swiss-cashback.ch\/es\/wp-json\/wp\/v2\/product_brand?post=1780"},{"taxonomy":"product_cat","embeddable":true,"href":"https:\/\/swiss-cashback.ch\/es\/wp-json\/wp\/v2\/product_cat?post=1780"},{"taxonomy":"product_tag","embeddable":true,"href":"https:\/\/swiss-cashback.ch\/es\/wp-json\/wp\/v2\/product_tag?post=1780"}],"curies":[{"name":"wp","href":"https:\/\/api.w.org\/{rel}","templated":true}]}}