{"id":659,"date":"2025-05-08T16:01:53","date_gmt":"2025-05-08T14:01:53","guid":{"rendered":"https:\/\/swiss-cashback.ch\/politica-de-privacidad-verein-swiss-cashback\/"},"modified":"2025-06-10T18:56:24","modified_gmt":"2025-06-10T16:56:24","slug":"politica-de-privacidad-verein-swiss-cashback","status":"publish","type":"page","link":"https:\/\/swiss-cashback.ch\/es\/politica-de-privacidad-verein-swiss-cashback\/","title":{"rendered":"Pol\u00edtica de privacidad &#8211; Verein-Swiss-Cashback"},"content":{"rendered":"<section  class='av_textblock_section av-makppy49-d15cba5d969ec3dd4575a3675ff6d344 '   itemscope=\"itemscope\" itemtype=\"https:\/\/schema.org\/CreativeWork\" ><div class='avia_textblock'  itemprop=\"text\" ><h2>Pol\u00edtica de privacidad &#8211; Verein-Swiss-Cashback<\/h2>\n<h3>1. \u00f3rgano responsable<\/h3>\n<p>Asociaci\u00f3n Swiss-Cashback<br \/>\nFranziskanerplatz 14<br \/>\n6003 Lucerna<br \/>\nCorreo electr\u00f3nico: info@swiss-cashback.ch<\/p>\n<p>Representado por el Presidente Hans Peter Rickenbacher<\/p>\n<h3>2. finalidad del tratamiento de datos<\/h3>\n<p>Tratamos los datos personales exclusivamente con fines de gesti\u00f3n de la asociaci\u00f3n, administraci\u00f3n de los miembros de<br \/>\n, comunicaci\u00f3n y para la realizaci\u00f3n de nuestras ofertas de cashback y eventos de<br \/>\nen el \u00e1mbito de los objetivos de nuestra asociaci\u00f3n de acuerdo con el Art. 60 y ss. ZGB.<\/p>\n<h3>3. datos recogidos<\/h3>\n<p>Recogemos en particular:<br \/>\n&#8211; Nombre y apellidos<br \/>\n&#8211; Direcci\u00f3n<br \/>\n&#8211; N\u00famero de tel\u00e9fono y direcci\u00f3n de correo electr\u00f3nico<br \/>\n&#8211; Datos bancarios (para los pagos de cashback)<br \/>\n&#8211; Datos de participaci\u00f3n en actos o programas<\/p>\n<h3>4. divulgaci\u00f3n a terceros<\/h3>\n<p>Los datos s\u00f3lo se transmitir\u00e1n a terceros si es necesario para cumplir los fines de la asociaci\u00f3n<br \/>\no si existe una obligaci\u00f3n legal de hacerlo. No se transmitir\u00e1n datos comerciales.<\/p>\n<h3>5. almacenamiento y eliminaci\u00f3n<\/h3>\n<p>Los datos s\u00f3lo se almacenar\u00e1n durante el tiempo que sea necesario para los fines indicados o<br \/>\nlo exija la ley. Transcurrido ese tiempo, se eliminar\u00e1n o se anonimizar\u00e1n.<\/p>\n<h3>6. tus derechos<\/h3>\n<p>Tienes derecho de acceso, rectificaci\u00f3n, supresi\u00f3n o limitaci\u00f3n del tratamiento<br \/>\nde tus datos y derecho de oposici\u00f3n. Para ello, dir\u00edgete a: swisscashback@gmx.ch<\/p>\n<h3>7. cambios<\/h3>\n<p>Esta pol\u00edtica de privacidad puede modificarse en cualquier momento. La versi\u00f3n actual est\u00e1 disponible previa solicitud en<br \/>\n.<\/p>\n<\/div><\/section>\n","protected":false},"excerpt":{"rendered":"","protected":false},"author":1,"featured_media":585,"parent":0,"menu_order":0,"comment_status":"closed","ping_status":"open","template":"","meta":{"footnotes":""},"class_list":["post-659","page","type-page","status-publish","has-post-thumbnail","hentry"],"yoast_head":"<!-- This site is optimized with the Yoast SEO plugin v27.4 - https:\/\/yoast.com\/product\/yoast-seo-wordpress\/ -->\n<title>Pol\u00edtica de privacidad - Verein-Swiss-Cashback - Swiss-Cashback<\/title>\n<meta name=\"robots\" content=\"noindex, nofollow\" \/>\n<meta property=\"og:locale\" content=\"es_ES\" \/>\n<meta property=\"og:type\" content=\"article\" \/>\n<meta property=\"og:title\" content=\"Pol\u00edtica de privacidad - Verein-Swiss-Cashback - Swiss-Cashback\" \/>\n<meta property=\"og:url\" content=\"https:\/\/swiss-cashback.ch\/es\/politica-de-privacidad-verein-swiss-cashback\/\" \/>\n<meta property=\"og:site_name\" content=\"Swiss-Cashback\" \/>\n<meta property=\"article:modified_time\" content=\"2025-06-10T16:56:24+00:00\" \/>\n<meta property=\"og:image\" content=\"https:\/\/swiss-cashback.ch\/wp-content\/uploads\/2025\/05\/Swiss-Cashback.jpg\" \/>\n\t<meta property=\"og:image:width\" content=\"1080\" \/>\n\t<meta property=\"og:image:height\" content=\"1080\" \/>\n\t<meta property=\"og:image:type\" content=\"image\/jpeg\" \/>\n<meta name=\"twitter:card\" content=\"summary_large_image\" \/>\n<script type=\"application\/ld+json\" class=\"yoast-schema-graph\">{\"@context\":\"https:\\\/\\\/schema.org\",\"@graph\":[{\"@type\":\"WebPage\",\"@id\":\"https:\\\/\\\/swiss-cashback.ch\\\/es\\\/politica-de-privacidad-verein-swiss-cashback\\\/\",\"url\":\"https:\\\/\\\/swiss-cashback.ch\\\/es\\\/politica-de-privacidad-verein-swiss-cashback\\\/\",\"name\":\"Pol\u00edtica de privacidad - Verein-Swiss-Cashback - Swiss-Cashback\",\"isPartOf\":{\"@id\":\"https:\\\/\\\/swiss-cashback.ch\\\/es\\\/#website\"},\"primaryImageOfPage\":{\"@id\":\"https:\\\/\\\/swiss-cashback.ch\\\/es\\\/politica-de-privacidad-verein-swiss-cashback\\\/#primaryimage\"},\"image\":{\"@id\":\"https:\\\/\\\/swiss-cashback.ch\\\/es\\\/politica-de-privacidad-verein-swiss-cashback\\\/#primaryimage\"},\"thumbnailUrl\":\"https:\\\/\\\/swiss-cashback.ch\\\/wp-content\\\/uploads\\\/2025\\\/05\\\/Swiss-Cashback.jpg\",\"datePublished\":\"2025-05-08T14:01:53+00:00\",\"dateModified\":\"2025-06-10T16:56:24+00:00\",\"breadcrumb\":{\"@id\":\"https:\\\/\\\/swiss-cashback.ch\\\/es\\\/politica-de-privacidad-verein-swiss-cashback\\\/#breadcrumb\"},\"inLanguage\":\"es\",\"potentialAction\":[{\"@type\":\"ReadAction\",\"target\":[\"https:\\\/\\\/swiss-cashback.ch\\\/es\\\/politica-de-privacidad-verein-swiss-cashback\\\/\"]}]},{\"@type\":\"ImageObject\",\"inLanguage\":\"es\",\"@id\":\"https:\\\/\\\/swiss-cashback.ch\\\/es\\\/politica-de-privacidad-verein-swiss-cashback\\\/#primaryimage\",\"url\":\"https:\\\/\\\/swiss-cashback.ch\\\/wp-content\\\/uploads\\\/2025\\\/05\\\/Swiss-Cashback.jpg\",\"contentUrl\":\"https:\\\/\\\/swiss-cashback.ch\\\/wp-content\\\/uploads\\\/2025\\\/05\\\/Swiss-Cashback.jpg\",\"width\":1080,\"height\":1080},{\"@type\":\"BreadcrumbList\",\"@id\":\"https:\\\/\\\/swiss-cashback.ch\\\/es\\\/politica-de-privacidad-verein-swiss-cashback\\\/#breadcrumb\",\"itemListElement\":[{\"@type\":\"ListItem\",\"position\":1,\"name\":\"Home\",\"item\":\"https:\\\/\\\/swiss-cashback.ch\\\/es\\\/swiss-cashback\\\/\"},{\"@type\":\"ListItem\",\"position\":2,\"name\":\"Pol\u00edtica de privacidad &#8211; Verein-Swiss-Cashback\"}]},{\"@type\":\"WebSite\",\"@id\":\"https:\\\/\\\/swiss-cashback.ch\\\/es\\\/#website\",\"url\":\"https:\\\/\\\/swiss-cashback.ch\\\/es\\\/\",\"name\":\"Swiss-Cashback\",\"description\":\"Dein Vorteil. Dein Netzwerk. Dein Einkommen.\",\"publisher\":{\"@id\":\"https:\\\/\\\/swiss-cashback.ch\\\/es\\\/#organization\"},\"potentialAction\":[{\"@type\":\"SearchAction\",\"target\":{\"@type\":\"EntryPoint\",\"urlTemplate\":\"https:\\\/\\\/swiss-cashback.ch\\\/es\\\/?s={search_term_string}\"},\"query-input\":{\"@type\":\"PropertyValueSpecification\",\"valueRequired\":true,\"valueName\":\"search_term_string\"}}],\"inLanguage\":\"es\"},{\"@type\":\"Organization\",\"@id\":\"https:\\\/\\\/swiss-cashback.ch\\\/es\\\/#organization\",\"name\":\"Swiss-Cashback\",\"url\":\"https:\\\/\\\/swiss-cashback.ch\\\/es\\\/\",\"logo\":{\"@type\":\"ImageObject\",\"inLanguage\":\"es\",\"@id\":\"https:\\\/\\\/swiss-cashback.ch\\\/es\\\/#\\\/schema\\\/logo\\\/image\\\/\",\"url\":\"https:\\\/\\\/swiss-cashback.ch\\\/wp-content\\\/uploads\\\/2025\\\/05\\\/Swiss-Cashback.jpg\",\"contentUrl\":\"https:\\\/\\\/swiss-cashback.ch\\\/wp-content\\\/uploads\\\/2025\\\/05\\\/Swiss-Cashback.jpg\",\"width\":1080,\"height\":1080,\"caption\":\"Swiss-Cashback\"},\"image\":{\"@id\":\"https:\\\/\\\/swiss-cashback.ch\\\/es\\\/#\\\/schema\\\/logo\\\/image\\\/\"}}]}<\/script>\n<!-- \/ Yoast SEO plugin. -->","yoast_head_json":{"title":"Pol\u00edtica de privacidad - Verein-Swiss-Cashback - Swiss-Cashback","robots":{"index":"noindex","follow":"nofollow"},"og_locale":"es_ES","og_type":"article","og_title":"Pol\u00edtica de privacidad - Verein-Swiss-Cashback - Swiss-Cashback","og_url":"https:\/\/swiss-cashback.ch\/es\/politica-de-privacidad-verein-swiss-cashback\/","og_site_name":"Swiss-Cashback","article_modified_time":"2025-06-10T16:56:24+00:00","og_image":[{"width":1080,"height":1080,"url":"https:\/\/swiss-cashback.ch\/wp-content\/uploads\/2025\/05\/Swiss-Cashback.jpg","type":"image\/jpeg"}],"twitter_card":"summary_large_image","schema":{"@context":"https:\/\/schema.org","@graph":[{"@type":"WebPage","@id":"https:\/\/swiss-cashback.ch\/es\/politica-de-privacidad-verein-swiss-cashback\/","url":"https:\/\/swiss-cashback.ch\/es\/politica-de-privacidad-verein-swiss-cashback\/","name":"Pol\u00edtica de privacidad - Verein-Swiss-Cashback - Swiss-Cashback","isPartOf":{"@id":"https:\/\/swiss-cashback.ch\/es\/#website"},"primaryImageOfPage":{"@id":"https:\/\/swiss-cashback.ch\/es\/politica-de-privacidad-verein-swiss-cashback\/#primaryimage"},"image":{"@id":"https:\/\/swiss-cashback.ch\/es\/politica-de-privacidad-verein-swiss-cashback\/#primaryimage"},"thumbnailUrl":"https:\/\/swiss-cashback.ch\/wp-content\/uploads\/2025\/05\/Swiss-Cashback.jpg","datePublished":"2025-05-08T14:01:53+00:00","dateModified":"2025-06-10T16:56:24+00:00","breadcrumb":{"@id":"https:\/\/swiss-cashback.ch\/es\/politica-de-privacidad-verein-swiss-cashback\/#breadcrumb"},"inLanguage":"es","potentialAction":[{"@type":"ReadAction","target":["https:\/\/swiss-cashback.ch\/es\/politica-de-privacidad-verein-swiss-cashback\/"]}]},{"@type":"ImageObject","inLanguage":"es","@id":"https:\/\/swiss-cashback.ch\/es\/politica-de-privacidad-verein-swiss-cashback\/#primaryimage","url":"https:\/\/swiss-cashback.ch\/wp-content\/uploads\/2025\/05\/Swiss-Cashback.jpg","contentUrl":"https:\/\/swiss-cashback.ch\/wp-content\/uploads\/2025\/05\/Swiss-Cashback.jpg","width":1080,"height":1080},{"@type":"BreadcrumbList","@id":"https:\/\/swiss-cashback.ch\/es\/politica-de-privacidad-verein-swiss-cashback\/#breadcrumb","itemListElement":[{"@type":"ListItem","position":1,"name":"Home","item":"https:\/\/swiss-cashback.ch\/es\/swiss-cashback\/"},{"@type":"ListItem","position":2,"name":"Pol\u00edtica de privacidad &#8211; Verein-Swiss-Cashback"}]},{"@type":"WebSite","@id":"https:\/\/swiss-cashback.ch\/es\/#website","url":"https:\/\/swiss-cashback.ch\/es\/","name":"Swiss-Cashback","description":"Dein Vorteil. Dein Netzwerk. Dein Einkommen.","publisher":{"@id":"https:\/\/swiss-cashback.ch\/es\/#organization"},"potentialAction":[{"@type":"SearchAction","target":{"@type":"EntryPoint","urlTemplate":"https:\/\/swiss-cashback.ch\/es\/?s={search_term_string}"},"query-input":{"@type":"PropertyValueSpecification","valueRequired":true,"valueName":"search_term_string"}}],"inLanguage":"es"},{"@type":"Organization","@id":"https:\/\/swiss-cashback.ch\/es\/#organization","name":"Swiss-Cashback","url":"https:\/\/swiss-cashback.ch\/es\/","logo":{"@type":"ImageObject","inLanguage":"es","@id":"https:\/\/swiss-cashback.ch\/es\/#\/schema\/logo\/image\/","url":"https:\/\/swiss-cashback.ch\/wp-content\/uploads\/2025\/05\/Swiss-Cashback.jpg","contentUrl":"https:\/\/swiss-cashback.ch\/wp-content\/uploads\/2025\/05\/Swiss-Cashback.jpg","width":1080,"height":1080,"caption":"Swiss-Cashback"},"image":{"@id":"https:\/\/swiss-cashback.ch\/es\/#\/schema\/logo\/image\/"}}]}},"_links":{"self":[{"href":"https:\/\/swiss-cashback.ch\/es\/wp-json\/wp\/v2\/pages\/659","targetHints":{"allow":["GET"]}}],"collection":[{"href":"https:\/\/swiss-cashback.ch\/es\/wp-json\/wp\/v2\/pages"}],"about":[{"href":"https:\/\/swiss-cashback.ch\/es\/wp-json\/wp\/v2\/types\/page"}],"author":[{"embeddable":true,"href":"https:\/\/swiss-cashback.ch\/es\/wp-json\/wp\/v2\/users\/1"}],"replies":[{"embeddable":true,"href":"https:\/\/swiss-cashback.ch\/es\/wp-json\/wp\/v2\/comments?post=659"}],"version-history":[{"count":4,"href":"https:\/\/swiss-cashback.ch\/es\/wp-json\/wp\/v2\/pages\/659\/revisions"}],"predecessor-version":[{"id":711,"href":"https:\/\/swiss-cashback.ch\/es\/wp-json\/wp\/v2\/pages\/659\/revisions\/711"}],"wp:featuredmedia":[{"embeddable":true,"href":"https:\/\/swiss-cashback.ch\/es\/wp-json\/wp\/v2\/media\/585"}],"wp:attachment":[{"href":"https:\/\/swiss-cashback.ch\/es\/wp-json\/wp\/v2\/media?parent=659"}],"curies":[{"name":"wp","href":"https:\/\/api.w.org\/{rel}","templated":true}]}}